{"id":163,"date":"2025-06-11T11:04:10","date_gmt":"2025-06-11T14:04:10","guid":{"rendered":"https:\/\/ligadonoportugues.com.br\/?page_id=163"},"modified":"2025-06-13T09:09:04","modified_gmt":"2025-06-13T12:09:04","slug":"adjetivos","status":"publish","type":"page","link":"https:\/\/ligadonoportugues.com.br\/index.php\/adjetivos\/","title":{"rendered":"Adjetivos"},"content":{"rendered":"\n<h3 class=\"wp-block-heading has-vivid-red-color has-text-color has-link-color wp-elements-56014a54ab62c7a2d6e02c0957feb318\"><strong>O que \u00e9 um adjetivo?<\/strong><\/h3>\n\n\n\n<p class=\"has-black-color has-text-color has-link-color wp-elements-da3e33af0404a4e43fb42ac8ddd181a0\" style=\"font-size:18px\">Adjetivo \u00e9 a palavra que caracteriza um <strong>substantivo<\/strong>, atribuindo a ele <strong>qualidades<\/strong>, <strong>caracter\u00edsticas<\/strong>, <strong>aspectos f\u00edsicos<\/strong>, <strong>morais<\/strong>, <strong>estados<\/strong>, entre outros.<\/p>\n\n\n\n<p class=\"has-black-color has-text-color has-link-color wp-elements-d4f60807822b82fda82155f656774029\" style=\"font-size:18px\">Exemplo:<\/p>\n\n\n\n<ul class=\"wp-block-list\">\n<li class=\"has-black-color has-text-color has-link-color wp-elements-59c236b47778505556ddc640eafc1a9c\" style=\"font-size:18px\">menina <strong>alegre<\/strong><\/li>\n\n\n\n<li class=\"has-black-color has-text-color has-link-color wp-elements-71496f023a441ed469f24f5df9cfc895\" style=\"font-size:18px\">carro <strong>veloz<\/strong><\/li>\n\n\n\n<li class=\"has-black-color has-text-color has-link-color wp-elements-0f3bdeef352d69ea2328eb14b98dd697\" style=\"font-size:18px\">homem <strong>inteligente<\/strong><\/li>\n<\/ul>\n\n\n\n<hr class=\"wp-block-separator has-alpha-channel-opacity\"\/>\n\n\n\n<h3 class=\"wp-block-heading has-vivid-red-color has-text-color has-link-color has-medium-font-size wp-elements-fd596e153251ffa506bbfb6e43a5ba24\"><strong>Tipos de Adjetivo<\/strong><\/h3>\n\n\n\n<p class=\"has-black-color has-text-color has-link-color wp-elements-010279fae4a8746a0ca0dd258c575f03\" style=\"font-size:18px\"><strong>1. Simples<\/strong><br>Possui apenas um radical.<br>Ex: claro, bonito, triste<\/p>\n\n\n\n<p class=\"has-black-color has-text-color has-link-color wp-elements-854a973f3ff20ded8c6a2dc64519f8bb\" style=\"font-size:18px\"><strong>2. Composto<\/strong><br>Formado por dois ou mais radicais.<br>Ex: verde-claro, luso-brasileiro, surdo-mudo<\/p>\n\n\n\n<p class=\"has-black-color has-text-color has-link-color wp-elements-df2a59d8f8ac131110a16873c4167e0c\" style=\"font-size:18px\"><strong>3. Primitivo<\/strong><br>N\u00e3o deriva de outra palavra.<br>Ex: feliz, leal, puro<\/p>\n\n\n\n<p class=\"has-black-color has-text-color has-link-color wp-elements-7caab08410aaaf30b85d201b150a4403\" style=\"font-size:18px\"><strong>4. Derivado<\/strong><br>Deriva de outra palavra (geralmente substantivos ou verbos).<br>Ex: leal \u279d lealmente \/ pedra \u279d pedregoso<\/p>\n\n\n\n<p class=\"has-black-color has-text-color has-link-color wp-elements-1f38325c1b196808e6f5c351e56c4c8e\" style=\"font-size:18px\"><strong>5. P\u00e1trio (ou Gent\u00edlico)<\/strong><br>Indica a origem geogr\u00e1fica (pa\u00eds, cidade, continente etc).<br>Ex: brasileiro, ga\u00facho, africano, carioca<\/p>\n\n\n\n<hr class=\"wp-block-separator has-alpha-channel-opacity\"\/>\n\n\n\n<h3 class=\"wp-block-heading has-vivid-red-color has-text-color has-link-color has-medium-font-size wp-elements-42d10a1ecf0c7038d5ef584e25f20312\"><strong>G\u00eanero dos Adjetivos<\/strong><\/h3>\n\n\n\n<p class=\"has-black-color has-text-color has-link-color wp-elements-e5794e63a0a32728ef8172c8c86d952b\" style=\"font-size:18px\">Os adjetivos podem variar em <strong>masculino<\/strong> e <strong>feminino<\/strong>, de acordo com o substantivo a que se referem.<\/p>\n\n\n\n<p class=\"has-black-color has-text-color has-link-color wp-elements-ac004421b9127228e8b90be77bad976a\" style=\"font-size:18px\">Exemplos:<\/p>\n\n\n\n<ul class=\"wp-block-list\">\n<li class=\"has-black-color has-text-color has-link-color wp-elements-456848750f61d2a578a8a08859bbd486\" style=\"font-size:18px\">menino <strong>feliz<\/strong> \/ menina <strong>feliz<\/strong> (invari\u00e1vel)<\/li>\n\n\n\n<li class=\"has-black-color has-text-color has-link-color wp-elements-453fcb5ad7e9a3714994cd0fa71ba05f\" style=\"font-size:18px\">garoto <strong>atento<\/strong> \/ garota <strong>atenta<\/strong> (vari\u00e1vel)<\/li>\n<\/ul>\n\n\n\n<p class=\"has-black-color has-text-color has-link-color wp-elements-458bac158faeaca2f19759c26afe9a9b\" style=\"font-size:18px\"><em>Adjetivos compostos<\/em>: apenas o <strong>\u00faltimo<\/strong> elemento varia em g\u00eanero.<br>Ex: homem luso-<strong>brasileiro<\/strong> \/ mulher luso-<strong>brasileira<\/strong><\/p>\n\n\n\n<hr class=\"wp-block-separator has-alpha-channel-opacity\"\/>\n\n\n\n<h3 class=\"wp-block-heading has-vivid-red-color has-text-color has-link-color has-medium-font-size wp-elements-cebffb2b47ce89fb89b05e91b1f2290f\"><strong>N\u00famero dos Adjetivos<\/strong><\/h3>\n\n\n\n<p class=\"has-black-color has-text-color has-link-color wp-elements-3f13f15fc182426f4493c96c9d10403d\" style=\"font-size:18px\">Variam em <strong>singular<\/strong> e <strong>plural<\/strong>, acompanhando o substantivo.<\/p>\n\n\n\n<p class=\"has-black-color has-text-color has-link-color wp-elements-ac004421b9127228e8b90be77bad976a\" style=\"font-size:18px\">Exemplos:<\/p>\n\n\n\n<ul class=\"wp-block-list\">\n<li class=\"has-black-color has-text-color has-link-color wp-elements-7df0f805939ec4ecc2b8468758930337\" style=\"font-size:18px\">aluno <strong>dedicado<\/strong> \/ alunos <strong>dedicados<\/strong><\/li>\n\n\n\n<li class=\"has-black-color has-text-color has-link-color wp-elements-7f8c62eef69f111e30faf9c73aa0c692\" style=\"font-size:18px\">crian\u00e7a <strong>feliz<\/strong> \/ crian\u00e7as <strong>felizes<\/strong><\/li>\n<\/ul>\n\n\n\n<p class=\"has-black-color has-text-color has-link-color wp-elements-b5508baf66066535d34b1c42351f89b0\" style=\"font-size:18px\"><em>Adjetivos compostos<\/em>: apenas o <strong>\u00faltimo<\/strong> elemento vai para o plural.<br>Ex: olhos <strong>verde-claros<\/strong>, camisas <strong>azul-escuras<\/strong><\/p>\n\n\n\n<hr class=\"wp-block-separator has-alpha-channel-opacity\"\/>\n\n\n\n<h3 class=\"wp-block-heading has-vivid-red-color has-text-color has-link-color has-medium-font-size wp-elements-e584deb4a8e688bd89770ef15466cc70\"><strong>Grau dos Adjetivos<\/strong><\/h3>\n\n\n\n<p class=\"has-black-color has-text-color has-link-color wp-elements-14ce9b8623df4c5ed846aa5d0ee83e8d\" style=\"font-size:18px\">Os adjetivos podem variar em <strong>grau<\/strong>, expressando <strong>intensidade<\/strong> da qualidade.<\/p>\n\n\n\n<h4 class=\"wp-block-heading has-black-color has-text-color has-link-color wp-elements-4ad3a7203099b9ad04154e8e683e756a\" style=\"font-size:18px\"><strong><mark style=\"background-color:rgba(0, 0, 0, 0);color:#5500a4\" class=\"has-inline-color\">1. Grau Comparativo<\/mark><\/strong><\/h4>\n\n\n\n<p class=\"has-black-color has-text-color has-link-color wp-elements-e91b7febc83b2d0ff75f9aa65218b3a4\" style=\"font-size:18px\">Compara dois seres.<\/p>\n\n\n\n<ul class=\"wp-block-list\">\n<li class=\"has-black-color has-text-color has-link-color wp-elements-2e5c85614da07d54b3fa85c4d274bf69\" style=\"font-size:18px\"><strong><mark style=\"background-color:rgba(0, 0, 0, 0);color:#024e01\" class=\"has-inline-color\">de igualdade<\/mark><\/strong>: t\u00e3o + adjetivo + quanto\/como<br><em>Paulo \u00e9 <strong>t\u00e3o calmo quanto<\/strong> Jo\u00e3o.<\/em><\/li>\n\n\n\n<li class=\"has-black-color has-text-color has-link-color wp-elements-ff949653a080c192bf348e789b7c6ecd\" style=\"font-size:18px\"><strong><mark style=\"background-color:rgba(0, 0, 0, 0);color:#024e01\" class=\"has-inline-color\">de superioridade<\/mark><\/strong>: mais + adjetivo + que\/do que<br><em>Carla \u00e9 <strong>mais r\u00e1pida que<\/strong> Lu\u00edsa.<\/em><\/li>\n\n\n\n<li class=\"has-black-color has-text-color has-link-color wp-elements-d66958826d5fefd7f7106f2bcc9a5cee\" style=\"font-size:18px\"><mark style=\"background-color:rgba(0, 0, 0, 0);color:#024e01\" class=\"has-inline-color\"><strong>de inferioridade<\/strong>:<\/mark> menos + adjetivo + que\/do que<br>Esse carro \u00e9 <strong>menos potente que<\/strong> o outro.<\/li>\n<\/ul>\n\n\n\n<h4 class=\"wp-block-heading\"><strong><mark style=\"background-color:rgba(0, 0, 0, 0);color:#5500a4\" class=\"has-inline-color\">2. Grau Superlativo<\/mark><\/strong><\/h4>\n\n\n\n<p class=\"has-black-color has-text-color has-link-color wp-elements-2a397a5fd18cf339784583eab6c084eb\" style=\"font-size:18px\">Intensifica a caracter\u00edstica de forma absoluta ou relativa.<\/p>\n\n\n\n<ul class=\"wp-block-list\">\n<li class=\"has-black-color has-text-color has-link-color wp-elements-7381534d8a730c2112745f1b6dc59ffe\" style=\"font-size:18px\"><strong><mark style=\"background-color:rgba(0, 0, 0, 0);color:#024e01\" class=\"has-inline-color\">Absoluto<\/mark><\/strong>:\n<ul class=\"wp-block-list\">\n<li class=\"has-black-color has-text-color has-link-color wp-elements-be5be158046103029b0c8169c05ca65c\" style=\"font-size:18px\"><strong>anal\u00edtico<\/strong> \u2192 muito + adjetivo<br><em>A menina \u00e9 <strong>muito simp\u00e1tica<\/strong>.<\/em><\/li>\n\n\n\n<li class=\"has-black-color has-text-color has-link-color wp-elements-0b2d0f6b1ca3753bf65d6d4dfd405d5a\" style=\"font-size:18px\"><strong>sint\u00e9tico<\/strong> \u2192 radical + sufixo (-\u00edssimo, -\u00e9rrimo, etc.)<br><em>A casa \u00e9 <strong>lind\u00edssima<\/strong>.<\/em><\/li>\n<\/ul>\n<\/li>\n\n\n\n<li class=\"has-black-color has-text-color has-link-color wp-elements-221728a3d5276330193724da16e2b8ae\" style=\"font-size:18px\"><strong><mark style=\"background-color:rgba(0, 0, 0, 0);color:#024e01\" class=\"has-inline-color\">Relativo<\/mark><\/strong>:\n<ul class=\"wp-block-list\">\n<li class=\"has-black-color has-text-color has-link-color wp-elements-01a4aed8779d91f6dce0f1103813218e\" style=\"font-size:18px\"><strong>de superioridade<\/strong> \u2192 o(a) mais + adjetivo + de<br><em>Ela \u00e9 <strong>a mais esfor\u00e7ada da turma<\/strong>.<\/em><\/li>\n\n\n\n<li class=\"has-black-color has-text-color has-link-color wp-elements-d3ff122099ba820b97930049ccc4289f\" style=\"font-size:18px\"><strong>de inferioridade<\/strong> \u2192 o(a) menos + adjetivo + de<br><em>Ele \u00e9 <strong>o menos cuidadoso do grupo<\/strong>.<\/em><\/li>\n<\/ul>\n<\/li>\n<\/ul>\n\n\n\n<p><\/p>\n","protected":false},"excerpt":{"rendered":"<p>O que \u00e9 um adjetivo? Adjetivo \u00e9 a palavra que caracteriza um substantivo, atribuindo a ele qualidades, caracter\u00edsticas, aspectos f\u00edsicos, morais, estados, entre outros. Exemplo: Tipos de Adjetivo 1. SimplesPossui apenas um radical.Ex: claro, bonito, triste 2. CompostoFormado por dois ou mais radicais.Ex: verde-claro, luso-brasileiro, surdo-mudo 3. PrimitivoN\u00e3o deriva de outra palavra.Ex: feliz, leal, puro [&hellip;]<\/p>\n","protected":false},"author":1,"featured_media":0,"parent":0,"menu_order":0,"comment_status":"closed","ping_status":"closed","template":"","meta":{"footnotes":""},"class_list":["post-163","page","type-page","status-publish","hentry"],"_links":{"self":[{"href":"https:\/\/ligadonoportugues.com.br\/index.php\/wp-json\/wp\/v2\/pages\/163","targetHints":{"allow":["GET"]}}],"collection":[{"href":"https:\/\/ligadonoportugues.com.br\/index.php\/wp-json\/wp\/v2\/pages"}],"about":[{"href":"https:\/\/ligadonoportugues.com.br\/index.php\/wp-json\/wp\/v2\/types\/page"}],"author":[{"embeddable":true,"href":"https:\/\/ligadonoportugues.com.br\/index.php\/wp-json\/wp\/v2\/users\/1"}],"replies":[{"embeddable":true,"href":"https:\/\/ligadonoportugues.com.br\/index.php\/wp-json\/wp\/v2\/comments?post=163"}],"version-history":[{"count":16,"href":"https:\/\/ligadonoportugues.com.br\/index.php\/wp-json\/wp\/v2\/pages\/163\/revisions"}],"predecessor-version":[{"id":473,"href":"https:\/\/ligadonoportugues.com.br\/index.php\/wp-json\/wp\/v2\/pages\/163\/revisions\/473"}],"wp:attachment":[{"href":"https:\/\/ligadonoportugues.com.br\/index.php\/wp-json\/wp\/v2\/media?parent=163"}],"curies":[{"name":"wp","href":"https:\/\/api.w.org\/{rel}","templated":true}]}}