{"id":165,"date":"2025-06-11T11:04:27","date_gmt":"2025-06-11T14:04:27","guid":{"rendered":"https:\/\/ligadonoportugues.com.br\/?page_id=165"},"modified":"2025-06-13T10:03:31","modified_gmt":"2025-06-13T13:03:31","slug":"adverbios","status":"publish","type":"page","link":"https:\/\/ligadonoportugues.com.br\/index.php\/adverbios\/","title":{"rendered":"Adv\u00e9rbios"},"content":{"rendered":"\n<p class=\"has-black-color has-text-color has-link-color wp-elements-7aca415413a158d5e1a31d591e945609\" style=\"font-size:18px\">Adv\u00e9rbio \u00e9 uma classe de palavra invari\u00e1vel (ou seja, n\u00e3o flexiona em g\u00eanero e n\u00famero) que modifica o sentido de um verbo, de um adjetivo ou de outro adv\u00e9rbio, indicando uma circunst\u00e2ncia (tempo, modo, lugar etc.).<\/p>\n\n\n\n<p class=\"has-black-color has-text-color has-link-color wp-elements-0bdc744d5fcf606a3dad68e13c371204\" style=\"font-size:18px\">Exemplos:<br>\u2013 Ela <strong><mark style=\"background-color:rgba(0, 0, 0, 0);color:#3f007a\" class=\"has-inline-color\">caminha<\/mark> lentamente<\/strong>. (modifica o <strong><mark style=\"background-color:rgba(0, 0, 0, 0);color:#3f007a\" class=\"has-inline-color\">verbo<\/mark><\/strong>)<br>\u2013 Estava <strong>muito <mark style=\"background-color:rgba(0, 0, 0, 0);color:#3f007a\" class=\"has-inline-color\">cansado<\/mark><\/strong>. (modifica o <strong><mark style=\"background-color:rgba(0, 0, 0, 0);color:#3f007a\" class=\"has-inline-color\">adjetivo<\/mark><\/strong>)<br>\u2013 Chegou <strong>bastante <mark style=\"background-color:rgba(0, 0, 0, 0);color:#3f007a\" class=\"has-inline-color\">tarde<\/mark><\/strong>. (modifica o <strong><mark style=\"background-color:rgba(0, 0, 0, 0);color:#3f007a\" class=\"has-inline-color\">adv\u00e9rbio<\/mark><\/strong>)<\/p>\n\n\n\n<h2 class=\"wp-block-heading has-text-align-center has-vivid-red-color has-text-color has-link-color wp-elements-6326336adb03f6d1070e6fe829dcd773\"><strong>Classifica\u00e7\u00e3o dos adv\u00e9rbios<\/strong><\/h2>\n\n\n\n<h3 class=\"wp-block-heading has-vivid-red-color has-text-color has-link-color wp-elements-17caea5e311b1d3b20885149ec1dd9ec\"><strong>1. Adv\u00e9rbio de Tempo<\/strong><\/h3>\n\n\n\n<p class=\"has-black-color has-text-color has-link-color wp-elements-d55ba6806d7f0d86b05800aca9006130\" style=\"font-size:18px\">Indicam <strong>quando<\/strong> algo acontece.<br><strong>Exemplos<\/strong>: hoje, ontem, agora, cedo, tarde, j\u00e1, jamais, nunca, sempre.<\/p>\n\n\n\n<p class=\"has-black-color has-text-color has-link-color wp-elements-e2994a25315a9cd2a3f7444089a938e1\" style=\"font-size:18px\"><em>Cheguei <\/em><strong><em>ontem<\/em><\/strong>.<br><em>Ele <\/em><strong><em>sempre <\/em><\/strong><em>est\u00e1 disposto a ajudar.<\/em><\/p>\n\n\n\n<hr class=\"wp-block-separator has-alpha-channel-opacity\"\/>\n\n\n\n<h3 class=\"wp-block-heading has-vivid-red-color has-text-color has-link-color wp-elements-042f86e188d2806361811138ed91a326\"><strong>2. Adv\u00e9rbio de Lugar<\/strong><\/h3>\n\n\n\n<p class=\"has-black-color has-text-color has-link-color wp-elements-ed38c147a223cda5af290704939d13ac\" style=\"font-size:18px\">Indicam <strong>onde<\/strong> algo acontece.<br><strong>Exemplos<\/strong>: aqui, ali, l\u00e1, c\u00e1, fora, dentro, longe, perto, acima, abaixo.<\/p>\n\n\n\n<p class=\"has-black-color has-text-color has-link-color wp-elements-814e6e2f013f6ac3cdcfdccac52c9758\" style=\"font-size:18px\"><em>Eles estavam <\/em><strong><em>aqui<\/em><\/strong><em>.<\/em><\/p>\n\n\n\n<hr class=\"wp-block-separator has-alpha-channel-opacity\"\/>\n\n\n\n<h3 class=\"wp-block-heading has-vivid-red-color has-text-color has-link-color wp-elements-3884556e7ec51d9a5f6acd7d95ad1df0\"><strong>3. Adv\u00e9rbio de Modo<\/strong><\/h3>\n\n\n\n<p class=\"has-black-color has-text-color has-link-color wp-elements-7d9f85352eba445724ea3a733eba4a1c\" style=\"font-size:18px\">Indicam <strong>como<\/strong> algo acontece.<br><strong>Exemplos: <\/strong>bem, mal, depressa, devagar, calmamente, felizmente, assim.<\/p>\n\n\n\n<p class=\"has-black-color has-text-color has-link-color wp-elements-ca46347367fe19e95cc1103af9cf138e\" style=\"font-size:18px\"><em>Falou <\/em><strong><em>calmamente<\/em><\/strong><em> com todos.<\/em><\/p>\n\n\n\n<p class=\"has-black-color has-text-color has-background has-link-color wp-elements-94eac78a416a9ddd27d5229c6da42bf0\" style=\"background-color:#fffe82;font-size:18px\"><strong><em>Dica:<\/em><\/strong> muitos adv\u00e9rbios de modo terminam em <strong>-mente<\/strong>.<\/p>\n\n\n\n<hr class=\"wp-block-separator has-alpha-channel-opacity\"\/>\n\n\n\n<h3 class=\"wp-block-heading has-vivid-red-color has-text-color has-link-color wp-elements-2ba71bea98046eab666addc003ab8ab3\"><strong>4. Adv\u00e9rbio de Intensidade<\/strong><\/h3>\n\n\n\n<p class=\"has-black-color has-text-color has-link-color wp-elements-2fb583d8d40f1b2255a3a774920a7333\" style=\"font-size:18px\">Indicam a <strong>intensidade<\/strong> de algo.<br><strong>Exemplos<\/strong>: muito, pouco, bastante, demais, t\u00e3o, tanto, mais, menos.<\/p>\n\n\n\n<p class=\"has-black-color has-text-color has-link-color wp-elements-fbadab38407365e916ecd7ed7d169444\" style=\"font-size:18px\"><em>Ele est\u00e1 <\/em><strong><em>muito<\/em><\/strong><em> cansado.<\/em><em><br><\/em><em>Estudou <\/em><strong><em>demais<\/em><\/strong><em>.<\/em><\/p>\n\n\n\n<hr class=\"wp-block-separator has-alpha-channel-opacity\"\/>\n\n\n\n<h3 class=\"wp-block-heading has-vivid-red-color has-text-color has-link-color wp-elements-2bceaf815097b237252a6f5332dd9956\"><strong>5. Adv\u00e9rbio de Afirma\u00e7\u00e3o<\/strong><\/h3>\n\n\n\n<p class=\"has-black-color has-text-color has-link-color wp-elements-2f625bae7a1616e5f301ea86224b824a\" style=\"font-size:18px\">Indicam <strong>afirma\u00e7\u00e3o<\/strong>.<br><strong>Exemplos<\/strong>: sim, certamente, realmente, de fato, claro, com certeza.<\/p>\n\n\n\n<p class=\"has-black-color has-text-color has-link-color wp-elements-2f86e81bff838ffb8f9f5a5db88f2e60\" style=\"font-size:18px\"><strong><em>Sim<\/em><\/strong><em>, eu aceito.<\/em><em><br><\/em><strong><em>Com certeza<\/em><\/strong><em> estaremos presente no anivers\u00e1rio.<\/em><\/p>\n\n\n\n<hr class=\"wp-block-separator has-alpha-channel-opacity\"\/>\n\n\n\n<h3 class=\"wp-block-heading has-vivid-red-color has-text-color has-link-color wp-elements-b3ba364cbbd1dd846d3c0dda2c005458\"><strong>6. Adv\u00e9rbio de Nega\u00e7\u00e3o<\/strong><\/h3>\n\n\n\n<p class=\"has-black-color has-text-color has-link-color wp-elements-bb05b8e2bd15358b037550ab63358668\" style=\"font-size:18px\">Indicam <strong>nega\u00e7\u00e3o<\/strong>.<br><strong>Exemplos<\/strong>: n\u00e3o, jamais, nunca, tampouco.<\/p>\n\n\n\n<p class=\"has-black-color has-text-color has-link-color wp-elements-4c1ccaaf7a2748965fb4c8ba054b8183\" style=\"font-size:18px\">Ex: <strong>N\u00e3o<\/strong> concordo com isso.<\/p>\n\n\n\n<hr class=\"wp-block-separator has-alpha-channel-opacity\"\/>\n\n\n\n<h3 class=\"wp-block-heading has-vivid-red-color has-text-color has-link-color wp-elements-1b2dc4b9db15c0b8f13219dd318a7d65\"><strong>7. Adv\u00e9rbio de D\u00favida<\/strong><\/h3>\n\n\n\n<p class=\"has-black-color has-text-color has-link-color wp-elements-137286bc85bd6ff59697da1f4407741c\" style=\"font-size:18px\">Indicam <strong>incerteza<\/strong> ou <strong>possibilidade<\/strong>.<br><strong>Exemplos:<\/strong> talvez, possivelmente, provavelmente, qui\u00e7\u00e1.<\/p>\n\n\n\n<p class=\"has-black-color has-text-color has-link-color wp-elements-bd99163a5684466edeb7dfa7836e1ad6\" style=\"font-size:18px\"><strong><em>Talvez<\/em><\/strong><em> ele volte amanh\u00e3.<\/em><\/p>\n","protected":false},"excerpt":{"rendered":"<p>Adv\u00e9rbio \u00e9 uma classe de palavra invari\u00e1vel (ou seja, n\u00e3o flexiona em g\u00eanero e n\u00famero) que modifica o sentido de um verbo, de um adjetivo ou de outro adv\u00e9rbio, indicando uma circunst\u00e2ncia (tempo, modo, lugar etc.). Exemplos:\u2013 Ela caminha lentamente. (modifica o verbo)\u2013 Estava muito cansado. (modifica o adjetivo)\u2013 Chegou bastante tarde. (modifica o adv\u00e9rbio) [&hellip;]<\/p>\n","protected":false},"author":1,"featured_media":0,"parent":0,"menu_order":0,"comment_status":"closed","ping_status":"closed","template":"","meta":{"footnotes":""},"class_list":["post-165","page","type-page","status-publish","hentry"],"_links":{"self":[{"href":"https:\/\/ligadonoportugues.com.br\/index.php\/wp-json\/wp\/v2\/pages\/165","targetHints":{"allow":["GET"]}}],"collection":[{"href":"https:\/\/ligadonoportugues.com.br\/index.php\/wp-json\/wp\/v2\/pages"}],"about":[{"href":"https:\/\/ligadonoportugues.com.br\/index.php\/wp-json\/wp\/v2\/types\/page"}],"author":[{"embeddable":true,"href":"https:\/\/ligadonoportugues.com.br\/index.php\/wp-json\/wp\/v2\/users\/1"}],"replies":[{"embeddable":true,"href":"https:\/\/ligadonoportugues.com.br\/index.php\/wp-json\/wp\/v2\/comments?post=165"}],"version-history":[{"count":23,"href":"https:\/\/ligadonoportugues.com.br\/index.php\/wp-json\/wp\/v2\/pages\/165\/revisions"}],"predecessor-version":[{"id":499,"href":"https:\/\/ligadonoportugues.com.br\/index.php\/wp-json\/wp\/v2\/pages\/165\/revisions\/499"}],"wp:attachment":[{"href":"https:\/\/ligadonoportugues.com.br\/index.php\/wp-json\/wp\/v2\/media?parent=165"}],"curies":[{"name":"wp","href":"https:\/\/api.w.org\/{rel}","templated":true}]}}