{"id":167,"date":"2025-06-11T11:04:49","date_gmt":"2025-06-11T14:04:49","guid":{"rendered":"https:\/\/ligadonoportugues.com.br\/?page_id=167"},"modified":"2025-06-15T20:56:36","modified_gmt":"2025-06-15T23:56:36","slug":"conjuncoes","status":"publish","type":"page","link":"https:\/\/ligadonoportugues.com.br\/index.php\/conjuncoes\/","title":{"rendered":"Conjun\u00e7\u00f5es"},"content":{"rendered":"\n<h3 class=\"wp-block-heading has-vivid-red-color has-text-color has-link-color wp-elements-4c0076bf50b9d10cd266a115b3ceeaa5\"><strong>Defini\u00e7\u00e3o<\/strong><\/h3>\n\n\n\n<p class=\"has-black-color has-text-color has-link-color wp-elements-3a7e484c00d431edf30a0ed180c9ffb6\" style=\"font-size:18px\">As <strong>conjun\u00e7\u00f5es<\/strong> s\u00e3o palavras <strong>invari\u00e1veis<\/strong> cuja fun\u00e7\u00e3o principal \u00e9 <strong>ligar ora\u00e7\u00f5es<\/strong> ou <strong>termos semelhantes dentro de uma ora\u00e7\u00e3o<\/strong>. Elas estabelecem <strong>rela\u00e7\u00f5es de sentido<\/strong> entre as ideias, como adi\u00e7\u00e3o, oposi\u00e7\u00e3o, causa, consequ\u00eancia, explica\u00e7\u00e3o, compara\u00e7\u00e3o, entre outras.<\/p>\n\n\n\n<h3 class=\"wp-block-heading has-vivid-red-color has-text-color has-link-color wp-elements-0bbe865e228b1638257c94c4cfc25f3f\"><strong>Por que estudar conjun\u00e7\u00f5es \u00e9 importante?<\/strong><\/h3>\n\n\n\n<p class=\"has-black-color has-text-color has-link-color wp-elements-cb46030d167aac9343554fb2138f451c\" style=\"font-size:18px\">Dominar o uso das conjun\u00e7\u00f5es permite:<\/p>\n\n\n\n<ul class=\"wp-block-list\">\n<li class=\"has-black-color has-text-color has-link-color wp-elements-1d6c7f69259c1b9cb769a35fa5133e46\" style=\"font-size:18px\">escrever textos mais coesos e claros;<\/li>\n\n\n\n<li class=\"has-black-color has-text-color has-link-color wp-elements-32d10cb6b73d893c787fc694b45fcab4\" style=\"font-size:18px\">entender melhor o sentido das frases e par\u00e1grafos;<\/li>\n\n\n\n<li class=\"has-black-color has-text-color has-link-color wp-elements-580d7b8e471d3566b4f676e8d63fd75d\" style=\"font-size:18px\">identificar inten\u00e7\u00f5es no discurso (como oposi\u00e7\u00e3o, causa, consequ\u00eancia etc.);<\/li>\n\n\n\n<li class=\"has-black-color has-text-color has-link-color wp-elements-8ad05205d758aba904ee0e57f7385ddb\" style=\"font-size:18px\">melhorar a interpreta\u00e7\u00e3o de textos e o desempenho em provas.<\/li>\n<\/ul>\n\n\n\n<hr class=\"wp-block-separator has-alpha-channel-opacity\"\/>\n\n\n\n<h3 class=\"wp-block-heading has-vivid-red-color has-text-color has-link-color wp-elements-45c542d4848e4d987a2e4d0674b486ff\"><strong>Tipos<\/strong><\/h3>\n\n\n\n<p class=\"has-black-color has-text-color has-link-color wp-elements-0a6061246c8ecb4f37f2370e70044048\" style=\"font-size:18px\">As conjun\u00e7\u00f5es podem ser de tr\u00eas tipos:<\/p>\n\n\n\n<h4 class=\"wp-block-heading has-vivid-cyan-blue-color has-text-color has-link-color wp-elements-58a088898c352120d795eff6b0d3cbc0\"><a href=\"https:\/\/ligadonoportugues.com.br\/index.php\/conjuncoes-coordenativas\/\" target=\"_blank\" rel=\"noreferrer noopener\"><mark style=\"background-color:rgba(0, 0, 0, 0);color:#000cff\" class=\"has-inline-color\">1. Conjun\u00e7\u00f5es Coordenativas<\/mark><\/a><\/h4>\n\n\n\n<h4 class=\"wp-block-heading has-black-color has-text-color has-link-color wp-elements-c5cdcf645220b2fb3b82b30e5669e2e8\"><a href=\"https:\/\/ligadonoportugues.com.br\/index.php\/conjuncoes-subordinativas\/\" target=\"_blank\" rel=\"noreferrer noopener\"><mark style=\"background-color:rgba(0, 0, 0, 0);color:#000cff\" class=\"has-inline-color\">2. Conjun\u00e7\u00f5es Subordinativas<\/mark><\/a><\/h4>\n\n\n\n<p><\/p>\n","protected":false},"excerpt":{"rendered":"<p>Defini\u00e7\u00e3o As conjun\u00e7\u00f5es s\u00e3o palavras invari\u00e1veis cuja fun\u00e7\u00e3o principal \u00e9 ligar ora\u00e7\u00f5es ou termos semelhantes dentro de uma ora\u00e7\u00e3o. Elas estabelecem rela\u00e7\u00f5es de sentido entre as ideias, como adi\u00e7\u00e3o, oposi\u00e7\u00e3o, causa, consequ\u00eancia, explica\u00e7\u00e3o, compara\u00e7\u00e3o, entre outras. Por que estudar conjun\u00e7\u00f5es \u00e9 importante? Dominar o uso das conjun\u00e7\u00f5es permite: Tipos As conjun\u00e7\u00f5es podem ser de tr\u00eas [&hellip;]<\/p>\n","protected":false},"author":1,"featured_media":0,"parent":0,"menu_order":0,"comment_status":"closed","ping_status":"closed","template":"","meta":{"footnotes":""},"class_list":["post-167","page","type-page","status-publish","hentry"],"_links":{"self":[{"href":"https:\/\/ligadonoportugues.com.br\/index.php\/wp-json\/wp\/v2\/pages\/167","targetHints":{"allow":["GET"]}}],"collection":[{"href":"https:\/\/ligadonoportugues.com.br\/index.php\/wp-json\/wp\/v2\/pages"}],"about":[{"href":"https:\/\/ligadonoportugues.com.br\/index.php\/wp-json\/wp\/v2\/types\/page"}],"author":[{"embeddable":true,"href":"https:\/\/ligadonoportugues.com.br\/index.php\/wp-json\/wp\/v2\/users\/1"}],"replies":[{"embeddable":true,"href":"https:\/\/ligadonoportugues.com.br\/index.php\/wp-json\/wp\/v2\/comments?post=167"}],"version-history":[{"count":17,"href":"https:\/\/ligadonoportugues.com.br\/index.php\/wp-json\/wp\/v2\/pages\/167\/revisions"}],"predecessor-version":[{"id":587,"href":"https:\/\/ligadonoportugues.com.br\/index.php\/wp-json\/wp\/v2\/pages\/167\/revisions\/587"}],"wp:attachment":[{"href":"https:\/\/ligadonoportugues.com.br\/index.php\/wp-json\/wp\/v2\/media?parent=167"}],"curies":[{"name":"wp","href":"https:\/\/api.w.org\/{rel}","templated":true}]}}