{"id":175,"date":"2025-06-11T11:05:49","date_gmt":"2025-06-11T14:05:49","guid":{"rendered":"https:\/\/ligadonoportugues.com.br\/?page_id=175"},"modified":"2025-06-17T09:53:48","modified_gmt":"2025-06-17T12:53:48","slug":"pronomes","status":"publish","type":"page","link":"https:\/\/ligadonoportugues.com.br\/index.php\/pronomes\/","title":{"rendered":"Pronomes"},"content":{"rendered":"\n<p class=\"has-black-color has-text-color has-link-color wp-elements-46740ab3f4db4ac17a4c1d566383dcea\" style=\"font-size:18px\">Os pronomes s\u00e3o palavras fundamentais na constru\u00e7\u00e3o da linguagem. Eles desempenham o papel de substituir ou acompanhar os nomes (substantivos), evitando repeti\u00e7\u00f5es e contribuindo para a coes\u00e3o e clareza dos textos. Mais do que simples substitutos, os pronomes tamb\u00e9m indicam posi\u00e7\u00f5es, identidades, rela\u00e7\u00f5es de posse, indefini\u00e7\u00f5es, interroga\u00e7\u00f5es, entre outras fun\u00e7\u00f5es dentro da comunica\u00e7\u00e3o.<\/p>\n\n\n\n<p class=\"has-black-color has-text-color has-link-color wp-elements-edcc7165f240a2b7dd49cbb9a8872e67\" style=\"font-size:18px\">Est\u00e3o presentes em quase todas as situa\u00e7\u00f5es de fala e escrita \u2013 quando falamos de n\u00f3s mesmos, nos dirigimos a algu\u00e9m, fazemos perguntas ou nos referimos a coisas j\u00e1 mencionadas. Seu uso correto facilita o entendimento e torna a linguagem mais eficiente e fluida.<\/p>\n\n\n\n<p class=\"has-black-color has-text-color has-link-color wp-elements-e24ce31462b18b3dd55daa4e4cb8dc2b\" style=\"font-size:18px\">Na l\u00edngua portuguesa, os pronomes s\u00e3o classificados em diferentes tipos, conforme a fun\u00e7\u00e3o que exercem. Cada tipo atende a uma necessidade espec\u00edfica da comunica\u00e7\u00e3o, seja apontar para algo, questionar, indicar posse, refletir sobre o sujeito, ou generalizar uma ideia.<\/p>\n\n\n\n<p class=\"has-black-color has-text-color has-link-color wp-elements-39476a792f5f23d4f034232936af0e13\" style=\"font-size:18px\">Ao longo dos pr\u00f3ximos t\u00f3picos, vamos explorar cada um desses tipos, seus usos mais comuns, varia\u00e7\u00f5es e exemplos pr\u00e1ticos, sempre com uma linguagem acess\u00edvel e objetiva.<\/p>\n\n\n\n<h3 class=\"wp-block-heading has-vivid-red-color has-text-color has-link-color wp-elements-bc52c2100e11a5b1d118b6cd3ca71989\"><strong>Tipos de Pronomes<\/strong><\/h3>\n\n\n\n<ul class=\"wp-block-list\">\n<li class=\"has-black-color has-text-color has-link-color wp-elements-0be71aed3166bafd4ad610988e392643\" style=\"font-size:18px\"><strong>Pronomes Pessoais<\/strong>\n<ul class=\"wp-block-list\">\n<li class=\"has-text-color has-link-color wp-elements-45c280475c6eb173352ebd89987c7a8d\" style=\"color:#1600be;font-size:18px\"><strong><a href=\"https:\/\/ligadonoportugues.com.br\/index.php\/pronomes-pessoais-caso-reto\/\" target=\"_blank\" rel=\"noreferrer noopener\">Caso Reto<\/a><\/strong><\/li>\n\n\n\n<li class=\"has-text-color has-link-color wp-elements-8bf0c105357b39fc41fde1b124511327\" style=\"color:#1600be;font-size:18px\"><strong><a href=\"https:\/\/ligadonoportugues.com.br\/index.php\/pronomes-pessoais-caso-obliquo\/\" target=\"_blank\" rel=\"noreferrer noopener\">Caso Obl\u00edquo<\/a><\/strong><\/li>\n\n\n\n<li class=\"has-text-color has-link-color wp-elements-c7eb0f7a9b10d097e1a0ef7ddfd6f349\" style=\"color:#1600be;font-size:18px\"><strong><a href=\"https:\/\/ligadonoportugues.com.br\/index.php\/pronomes-pessoais-exercicios\/\" target=\"_blank\" rel=\"noreferrer noopener\">Exerc\u00edcios<\/a><\/strong><\/li>\n<\/ul>\n<\/li>\n\n\n\n<li class=\"has-text-color has-link-color wp-elements-48ab405d07b4ec3980babe3c08cb90c5\" style=\"color:#1600be;font-size:18px\"><strong><a href=\"https:\/\/ligadonoportugues.com.br\/index.php\/pronomes-possessivos\/\" target=\"_blank\" rel=\"noreferrer noopener\">Pronomes Possessivos<\/a><\/strong>\n<ul class=\"wp-block-list\">\n<li class=\"has-text-color has-link-color wp-elements-7f08e81d31c3fe7229b1c8a405be0f87\" style=\"color:#1600be;font-size:18px\"><strong><a href=\"https:\/\/ligadonoportugues.com.br\/index.php\/pronomes-possessivos-exercicios\/\" target=\"_blank\" rel=\"noreferrer noopener\">Exerc\u00edcios<\/a><\/strong><\/li>\n<\/ul>\n<\/li>\n\n\n\n<li class=\"has-text-color has-link-color wp-elements-436cf03774b9cf370b8ac95e5c6c5cdd\" style=\"color:#1600be;font-size:18px\"><strong><a href=\"https:\/\/ligadonoportugues.com.br\/index.php\/pronomes-de-tratamento\/\" target=\"_blank\" rel=\"noreferrer noopener\">Pronomes de Tratamento<\/a><\/strong>\n<ul class=\"wp-block-list\">\n<li class=\"has-text-color has-link-color wp-elements-fea87fba751a0c1fefa702ebde99650e\" style=\"color:#1600be;font-size:18px\"><strong><a href=\"https:\/\/ligadonoportugues.com.br\/index.php\/pronomes-de-tratamento-exercicios\/\" target=\"_blank\" rel=\"noreferrer noopener\">Exerc\u00edcios<\/a><\/strong><\/li>\n<\/ul>\n<\/li>\n\n\n\n<li class=\"has-text-color has-link-color wp-elements-296fe2227ffc995eb4fc5714ba7e09fd\" style=\"color:#1600be;font-size:18px\"><strong><a href=\"https:\/\/ligadonoportugues.com.br\/index.php\/pronomes-demonstrativos\/\" target=\"_blank\" rel=\"noreferrer noopener\">Pronomes Demonstrativos<\/a><\/strong>\n<ul class=\"wp-block-list\">\n<li class=\"has-text-color has-link-color wp-elements-ed4db7fd85679302a409ca8a476efe90\" style=\"color:#1600be;font-size:18px\"><strong><a href=\"https:\/\/ligadonoportugues.com.br\/index.php\/pronomes-demonstrativos-exercicios\/\" target=\"_blank\" rel=\"noreferrer noopener\">Exerc\u00edcios<\/a><\/strong><\/li>\n<\/ul>\n<\/li>\n\n\n\n<li class=\"has-text-color has-link-color wp-elements-b87417a6f932328ef387603c1866a55d\" style=\"color:#1600be;font-size:18px\"><strong><a href=\"https:\/\/ligadonoportugues.com.br\/index.php\/pronomes-relativos\/\" target=\"_blank\" rel=\"noreferrer noopener\">Pronomes Relativos<\/a><\/strong>\n<ul class=\"wp-block-list\">\n<li class=\"has-text-color has-link-color wp-elements-c50478b765ea92b8632a8ea4c68300a0\" style=\"color:#1600be;font-size:18px\"><strong><a href=\"https:\/\/ligadonoportugues.com.br\/index.php\/pronomes-relativos-exercicios\/\" target=\"_blank\" rel=\"noreferrer noopener\">Exerc\u00edcios<\/a><\/strong><\/li>\n<\/ul>\n<\/li>\n\n\n\n<li class=\"has-text-color has-link-color wp-elements-5f65c5fc7aa7750e567e5058839c67d3\" style=\"color:#1600be;font-size:18px\"><strong><a href=\"https:\/\/ligadonoportugues.com.br\/index.php\/pronomes-interrogativos\/\" target=\"_blank\" rel=\"noreferrer noopener\">Pronomes Interrogativos<\/a><\/strong>\n<ul class=\"wp-block-list\">\n<li class=\"has-text-color has-link-color wp-elements-642b4a627f97af0c770c94ad0ba97b04\" style=\"color:#1600be;font-size:18px\"><strong><a href=\"https:\/\/ligadonoportugues.com.br\/index.php\/pronomes-interrogativos-exercicios\/\" target=\"_blank\" rel=\"noreferrer noopener\">Exerc\u00edcios<\/a><\/strong><\/li>\n<\/ul>\n<\/li>\n<\/ul>\n","protected":false},"excerpt":{"rendered":"<p>Os pronomes s\u00e3o palavras fundamentais na constru\u00e7\u00e3o da linguagem. Eles desempenham o papel de substituir ou acompanhar os nomes (substantivos), evitando repeti\u00e7\u00f5es e contribuindo para a coes\u00e3o e clareza dos textos. Mais do que simples substitutos, os pronomes tamb\u00e9m indicam posi\u00e7\u00f5es, identidades, rela\u00e7\u00f5es de posse, indefini\u00e7\u00f5es, interroga\u00e7\u00f5es, entre outras fun\u00e7\u00f5es dentro da comunica\u00e7\u00e3o. Est\u00e3o presentes [&hellip;]<\/p>\n","protected":false},"author":1,"featured_media":0,"parent":0,"menu_order":0,"comment_status":"closed","ping_status":"closed","template":"","meta":{"footnotes":""},"class_list":["post-175","page","type-page","status-publish","hentry"],"_links":{"self":[{"href":"https:\/\/ligadonoportugues.com.br\/index.php\/wp-json\/wp\/v2\/pages\/175","targetHints":{"allow":["GET"]}}],"collection":[{"href":"https:\/\/ligadonoportugues.com.br\/index.php\/wp-json\/wp\/v2\/pages"}],"about":[{"href":"https:\/\/ligadonoportugues.com.br\/index.php\/wp-json\/wp\/v2\/types\/page"}],"author":[{"embeddable":true,"href":"https:\/\/ligadonoportugues.com.br\/index.php\/wp-json\/wp\/v2\/users\/1"}],"replies":[{"embeddable":true,"href":"https:\/\/ligadonoportugues.com.br\/index.php\/wp-json\/wp\/v2\/comments?post=175"}],"version-history":[{"count":32,"href":"https:\/\/ligadonoportugues.com.br\/index.php\/wp-json\/wp\/v2\/pages\/175\/revisions"}],"predecessor-version":[{"id":775,"href":"https:\/\/ligadonoportugues.com.br\/index.php\/wp-json\/wp\/v2\/pages\/175\/revisions\/775"}],"wp:attachment":[{"href":"https:\/\/ligadonoportugues.com.br\/index.php\/wp-json\/wp\/v2\/media?parent=175"}],"curies":[{"name":"wp","href":"https:\/\/api.w.org\/{rel}","templated":true}]}}