{"id":177,"date":"2025-06-11T11:06:04","date_gmt":"2025-06-11T14:06:04","guid":{"rendered":"https:\/\/ligadonoportugues.com.br\/?page_id=177"},"modified":"2025-06-13T10:32:21","modified_gmt":"2025-06-13T13:32:21","slug":"substantivos","status":"publish","type":"page","link":"https:\/\/ligadonoportugues.com.br\/index.php\/substantivos\/","title":{"rendered":"Substantivos"},"content":{"rendered":"\n<h3 class=\"wp-block-heading has-vivid-red-color has-text-color has-link-color wp-elements-ab11861156a49cd639dbb5d3bf1d9093\"><strong>O que \u00e9 um Substantivo?<\/strong><\/h3>\n\n\n\n<p class=\"has-black-color has-text-color has-link-color wp-elements-c11e390a9e2984b667d180da29e2e99a\" style=\"font-size:18px\">Substantivo \u00e9 a <strong>palavra que d\u00e1 nome<\/strong> a seres, objetos, sentimentos, lugares, a\u00e7\u00f5es, qualidades, entre outros. \u00c9 uma das classes mais importantes da l\u00edngua, pois nomeia tudo aquilo que existe (real ou imagin\u00e1rio).<\/p>\n\n\n\n<p class=\"has-black-color has-text-color has-link-color wp-elements-5608b59cdb132c27d6f590ee390d7807\" style=\"font-size:18px\"><strong>Exemplos:<\/strong> livro, casa, alegria, Brasil, verdade, menino.<\/p>\n\n\n\n<p class=\"has-black-color has-light-green-cyan-background-color has-text-color has-background has-link-color wp-elements-4b7f49daf0e8b4718f3350fa7eddd3f8\" style=\"font-size:18px\"><strong>Vamos conhecer mais sobre os Substantivos:<\/strong><\/p>\n\n\n\n<h4 class=\"wp-block-heading has-text-color has-link-color wp-elements-feffbd4a1d4b3177df80f4d37511c51b\" style=\"color:#000cff\"><strong><a href=\"https:\/\/ligadonoportugues.com.br\/index.php\/tipos-de-substantivos\/\" target=\"_blank\" rel=\"noreferrer noopener\">1. Tipos de Substantivos<\/a><\/strong><\/h4>\n\n\n\n<h4 class=\"wp-block-heading has-text-color has-link-color wp-elements-8386ae50fec17df25909186aac1d178b\" style=\"color:#000cff\"><strong><a href=\"https:\/\/ligadonoportugues.com.br\/index.php\/substantivos-genero-numero-e-grau\/\" target=\"_blank\" rel=\"noreferrer noopener\">2. Flex\u00e3o dos Substantivos: N\u00famero, G\u00eanero e Grau<\/a><\/strong><\/h4>\n\n\n\n<h4 class=\"wp-block-heading has-text-color has-link-color wp-elements-9d0f9703dec44993832a6fcf0099cdb0\" style=\"color:#000cff\"><strong><a href=\"https:\/\/ligadonoportugues.com.br\/index.php\/substantivos-exercicios\/\" target=\"_blank\" rel=\"noreferrer noopener\">3. Exerc\u00edcios<\/a><\/strong><\/h4>\n","protected":false},"excerpt":{"rendered":"<p>O que \u00e9 um Substantivo? Substantivo \u00e9 a palavra que d\u00e1 nome a seres, objetos, sentimentos, lugares, a\u00e7\u00f5es, qualidades, entre outros. \u00c9 uma das classes mais importantes da l\u00edngua, pois nomeia tudo aquilo que existe (real ou imagin\u00e1rio). Exemplos: livro, casa, alegria, Brasil, verdade, menino. Vamos conhecer mais sobre os Substantivos: 1. Tipos de Substantivos [&hellip;]<\/p>\n","protected":false},"author":1,"featured_media":0,"parent":0,"menu_order":0,"comment_status":"closed","ping_status":"closed","template":"","meta":{"footnotes":""},"class_list":["post-177","page","type-page","status-publish","hentry"],"_links":{"self":[{"href":"https:\/\/ligadonoportugues.com.br\/index.php\/wp-json\/wp\/v2\/pages\/177","targetHints":{"allow":["GET"]}}],"collection":[{"href":"https:\/\/ligadonoportugues.com.br\/index.php\/wp-json\/wp\/v2\/pages"}],"about":[{"href":"https:\/\/ligadonoportugues.com.br\/index.php\/wp-json\/wp\/v2\/types\/page"}],"author":[{"embeddable":true,"href":"https:\/\/ligadonoportugues.com.br\/index.php\/wp-json\/wp\/v2\/users\/1"}],"replies":[{"embeddable":true,"href":"https:\/\/ligadonoportugues.com.br\/index.php\/wp-json\/wp\/v2\/comments?post=177"}],"version-history":[{"count":39,"href":"https:\/\/ligadonoportugues.com.br\/index.php\/wp-json\/wp\/v2\/pages\/177\/revisions"}],"predecessor-version":[{"id":533,"href":"https:\/\/ligadonoportugues.com.br\/index.php\/wp-json\/wp\/v2\/pages\/177\/revisions\/533"}],"wp:attachment":[{"href":"https:\/\/ligadonoportugues.com.br\/index.php\/wp-json\/wp\/v2\/media?parent=177"}],"curies":[{"name":"wp","href":"https:\/\/api.w.org\/{rel}","templated":true}]}}