{"id":186,"date":"2025-06-11T11:07:58","date_gmt":"2025-06-11T14:07:58","guid":{"rendered":"https:\/\/ligadonoportugues.com.br\/?page_id=186"},"modified":"2025-06-13T12:27:23","modified_gmt":"2025-06-13T15:27:23","slug":"articuladores-argumentativos-coordenativos","status":"publish","type":"page","link":"https:\/\/ligadonoportugues.com.br\/index.php\/articuladores-argumentativos-coordenativos\/","title":{"rendered":"Articuladores Argumentativos Coordenativos"},"content":{"rendered":"\n<p class=\"has-black-color has-text-color has-link-color wp-elements-51cce2895243cf584919dfe0747a3ef9\" style=\"font-size:18px\">Os articuladores argumentativos coordenativos s\u00e3o palavras ou express\u00f5es que ligam ora\u00e7\u00f5es ou ideias dentro de um texto, mantendo autonomia sint\u00e1tica entre elas, mas garantindo a coes\u00e3o e o encadeamento l\u00f3gico. Essas palavras estabelecem rela\u00e7\u00f5es como adi\u00e7\u00e3o, oposi\u00e7\u00e3o, altern\u00e2ncia, conclus\u00e3o e explica\u00e7\u00e3o.<\/p>\n\n\n\n<p class=\"has-black-color has-text-color has-link-color wp-elements-f1b1b2ec4fd17c60930a990f30377ee9\" style=\"font-size:18px\">De modo geral, esses articuladores s\u00e3o conjun\u00e7\u00f5es coordenativas, mas tamb\u00e9m podem ser adv\u00e9rbios ou locu\u00e7\u00f5es que desempenham uma fun\u00e7\u00e3o semelhante, atuando como conectores do racioc\u00ednio. Em textos argumentativos, seu uso \u00e9 essencial para organizar o pensamento, guiar o leitor e tornar a argumenta\u00e7\u00e3o mais clara, persuasiva e coerente.<\/p>\n\n\n\n<h3 class=\"wp-block-heading has-vivid-red-color has-text-color has-link-color wp-elements-d64aaedbc290d436100fb194008c84de\"><strong>Como os articuladores afetam o sentido do texto?<\/strong><\/h3>\n\n\n\n<p class=\"has-black-color has-text-color has-link-color wp-elements-6d10162a4d18cca7a874d3b59198e5c5\" style=\"font-size:18px\">Observemos o seguinte exemplo:<\/p>\n\n\n\n<p class=\"has-black-color has-text-color has-link-color wp-elements-24e8d1d2be3305dbe1cc7b4dd947f86a\" style=\"font-size:18px\">\u201c<em>A infla\u00e7\u00e3o est\u00e1 alta. Os pre\u00e7os est\u00e3o subindo<\/em>.\u201d<\/p>\n\n\n\n<p class=\"has-black-color has-text-color has-link-color wp-elements-150228c2271f7593775480a0a0feb796\" style=\"font-size:18px\">As conjun\u00e7\u00f5es servem para ligar essas duas ora\u00e7\u00f5es, que trazem ideias relacionadas (infla\u00e7\u00e3o e pre\u00e7os), criando um encadeamento l\u00f3gico, coerente e coeso. No entanto, a escolha do articulador pode mudar o tom, o foco e at\u00e9 a for\u00e7a da argumenta\u00e7\u00e3o, influenciando a forma como o leitor compreende o conte\u00fado.<\/p>\n\n\n\n<p class=\"has-black-color has-text-color has-link-color wp-elements-e9b0d85463236d7579032c68831486a3\" style=\"font-size:18px\">Veja como a mesma dupla de ora\u00e7\u00f5es pode gerar efeitos diferentes:<\/p>\n\n\n\n<p class=\"has-black-color has-text-color has-link-color wp-elements-3e322e9fa08777f15b976ad1f0355c2c\" style=\"font-size:18px\"><strong>1.<\/strong> <em>\u201cA infla\u00e7\u00e3o est\u00e1 alta <\/em><strong><em>e<\/em><\/strong><em> os pre\u00e7os est\u00e3o subindo.\u201d<\/em><\/p>\n\n\n\n<p class=\"has-black-color has-text-color has-link-color wp-elements-701a9999de6706ce77e704493e084c1f\" style=\"font-size:18px\">Aqui temos uma conjun\u00e7\u00e3o aditiva (e) unindo as duas ora\u00e7\u00f5es, transmitindo a ideia de que duas coisas est\u00e3o acontecendo simultaneamente. Em uma reportagem ou not\u00edcia de telejornal, esse articulador indicaria ao leitor ou telespectador uma simples soma de informa\u00e7\u00f5es, apresentadas de forma neutra e direta.<\/p>\n\n\n\n<p class=\"has-black-color has-text-color has-link-color wp-elements-d85099cd775f5e4a27606a5d1d33d9b5\" style=\"font-size:18px\"><strong>2.<\/strong> <em>\u201c<\/em><strong><em>N\u00e3o apenas<\/em><\/strong><em> a infla\u00e7\u00e3o est\u00e1 alta, <\/em><strong><em>como tamb\u00e9m<\/em><\/strong><em> os pre\u00e7os est\u00e3o subindo.\u201d<\/em><\/p>\n\n\n\n<p class=\"has-black-color has-text-color has-link-color wp-elements-ab3f907cae2b6752780567e0871c800a\" style=\"font-size:18px\">Neste caso, as mesmas ideias est\u00e3o ligadas por outra conjun\u00e7\u00e3o aditiva, mas mais elaborada: \u201c<em>n\u00e3o apenas&#8230; como tamb\u00e9m<\/em>\u201d. Embora a fun\u00e7\u00e3o continue sendo aditiva, a estrutura do articulador refor\u00e7a a argumenta\u00e7\u00e3o, sugerindo que o fato \u00e9 mais grave ou mais impactante. H\u00e1 uma \u00eanfase maior, um tom de alerta ou de aprofundamento na an\u00e1lise.<\/p>\n\n\n\n<p class=\"has-black-color has-text-color has-link-color wp-elements-9350c6278bbbc12ea57fcf27951b63d4\" style=\"font-size:18px\">Esses exemplos mostram como a escolha do articulador n\u00e3o \u00e9 apenas uma quest\u00e3o gramatical, mas tamb\u00e9m estrat\u00e9gica e argumentativa. Em textos opinativos, jornal\u00edsticos ou dissertativos, usar o articulador certo ajuda o autor a conduzir o racioc\u00ednio do leitor de maneira mais eficaz.<\/p>\n\n\n\n<h3 class=\"wp-block-heading has-vivid-red-color has-text-color has-link-color wp-elements-14cdc85b9d3c229723e87f685b502a7a\"><strong>Como a escolha do articulador modifica o sentido da argumenta\u00e7\u00e3o?<\/strong><\/h3>\n\n\n\n<p class=\"has-black-color has-text-color has-link-color wp-elements-196db472c16947df0a715a6cf8ff13f4\" style=\"font-size:18px\">Vamos observar mais alguns exemplos que usam <strong>articuladores diferentes<\/strong> para ligar as mesmas ideias (infla\u00e7\u00e3o e pre\u00e7os), mas com <strong>efeitos distintos sobre o significado do texto<\/strong>:<\/p>\n\n\n\n<p class=\"has-black-color has-text-color has-link-color wp-elements-a8513c5fff5311d0588e9671f316f16d\" style=\"font-size:18px\"><strong>3.<\/strong> <em>\u201cA infla\u00e7\u00e3o est\u00e1 alta porque os pre\u00e7os est\u00e3o subindo.\u201d<\/em><em><br><\/em> Aqui temos uma rela\u00e7\u00e3o de <strong>causa e efeito<\/strong>. O articulador <strong>&#8220;porque&#8221;<\/strong> indica que a <strong>alta dos pre\u00e7os \u00e9 a causa<\/strong> da infla\u00e7\u00e3o elevada. O foco est\u00e1 na explica\u00e7\u00e3o do motivo da infla\u00e7\u00e3o.<\/p>\n\n\n\n<p class=\"has-black-color has-text-color has-link-color wp-elements-8c23f59e1a95cc3643469a61cb9c7646\" style=\"font-size:18px\"><strong>4.<\/strong> <em>\u201cA infla\u00e7\u00e3o est\u00e1 alta, por isso os pre\u00e7os est\u00e3o subindo.\u201d<br><\/em> Neste caso, o articulador <strong>&#8220;<em>por isso<\/em>&#8220;<\/strong> tamb\u00e9m estabelece uma rela\u00e7\u00e3o de <strong>causa e consequ\u00eancia<\/strong>, mas a dire\u00e7\u00e3o do racioc\u00ednio \u00e9 <strong>diferente da anterior<\/strong>: agora, a <strong>infla\u00e7\u00e3o \u00e9 a causa<\/strong> da subida dos pre\u00e7os. \u00c9 uma estrutura t\u00edpica de <strong>racioc\u00ednio conclusivo<\/strong> (articulador coordenativo conclusivo).<\/p>\n\n\n\n<p class=\"has-black-color has-text-color has-link-color wp-elements-b136b1c50616b75a3f342bc8a0c15b59\" style=\"font-size:18px\"><strong>5.<\/strong> <em>\u201cOs pre\u00e7os est\u00e3o subindo porque a infla\u00e7\u00e3o est\u00e1 alta.\u201d<br><\/em> Muito semelhante ao exemplo 4, mas com uma <strong>invers\u00e3o da ordem das ora\u00e7\u00f5es<\/strong>. Ainda temos uma rela\u00e7\u00e3o <strong>causal<\/strong>, mas com o foco inicial nos efeitos. A ora\u00e7\u00e3o principal (<em>os pre\u00e7os est\u00e3o subindo<\/em>) \u00e9 seguida da explica\u00e7\u00e3o.<\/p>\n\n\n\n<p class=\"has-black-color has-text-color has-link-color wp-elements-4c0a5be0b8f69a037ac632c497d2c953\" style=\"font-size:18px\"><strong>6.<\/strong> <em>\u201cOs pre\u00e7os est\u00e3o subindo, por isso a infla\u00e7\u00e3o est\u00e1 alta.\u201d<br><\/em> Neste caso, o articulador <strong>&#8220;<em>por isso<\/em>&#8220;<\/strong> assume novamente um papel <strong>conclusivo<\/strong>, sugerindo que os pre\u00e7os em alta <strong>provocam<\/strong> a infla\u00e7\u00e3o. Embora na pr\u00e1tica a rela\u00e7\u00e3o possa ser mais complexa, o <strong>efeito argumentativo<\/strong> aqui \u00e9 claro: causa e consequ\u00eancia com foco na conclus\u00e3o.<\/p>\n\n\n\n<p class=\"has-black-color has-text-color has-link-color wp-elements-65249d2c1503b9ffcfec3a924f69b995\" style=\"font-size:18px\"><strong>7.<\/strong> <em>\u201cA infla\u00e7\u00e3o est\u00e1 alta quando os pre\u00e7os est\u00e3o subindo.\u201d<br><\/em> Este exemplo introduz uma rela\u00e7\u00e3o de <strong>tempo<\/strong>, com o articulador <strong>&#8220;<em>quando<\/em>&#8220;<\/strong>. N\u00e3o h\u00e1 necessariamente uma rela\u00e7\u00e3o de causa e efeito, mas sim a <strong>simultaneidade<\/strong> entre os dois fatos. \u00c9 mais descritivo do que argumentativo, o que muda completamente a for\u00e7a do enunciado.<\/p>\n\n\n\n<p class=\"has-black-color has-text-color has-link-color wp-elements-96842a6f5844fa47e84c1e4f0ccdad1b\" style=\"font-size:18px\">Esses exemplos mostram que <strong>o articulador n\u00e3o apenas liga ora\u00e7\u00f5es<\/strong>, mas <strong>determina como o leitor interpretar\u00e1 essa liga\u00e7\u00e3o<\/strong>: como soma, contraste, explica\u00e7\u00e3o, consequ\u00eancia ou simultaneidade. Por isso, conhecer os articuladores e seus efeitos \u00e9 essencial para escrever bem e argumentar com clareza.<\/p>\n\n\n\n<h3 class=\"wp-block-heading has-vivid-red-color has-text-color has-link-color wp-elements-6b75df87a2187cde67e56325f639fc55\"><strong>O mesmo articulador pode trazer sentidos diferentes?<\/strong><\/h3>\n\n\n\n<p class=\"has-black-color has-text-color has-link-color wp-elements-a6dbd8f97f17bea892df3c03b72eeb88\" style=\"font-size:18px\">Vamos observar outro exemplo:<\/p>\n\n\n\n<p class=\"has-black-color has-text-color has-link-color wp-elements-cae5a2c652e397aff6a395a026f4689d\" style=\"font-size:18px\"><em>\u201cEla estudou muito. N\u00e3o conseguiu passar no concurso.\u201d<\/em><\/p>\n\n\n\n<p class=\"has-black-color has-text-color has-link-color wp-elements-290a0405f290198071ff4e7ff4be230f\" style=\"font-size:18px\">Temos aqui duas informa\u00e7\u00f5es: algu\u00e9m se preparou bastante para um concurso, e mesmo assim n\u00e3o foi aprovada. Pela l\u00f3gica da expectativa, esperava-se que o esfor\u00e7o resultasse em aprova\u00e7\u00e3o. No entanto, o resultado foi o oposto. Ou seja, h\u00e1 uma <strong>ideia de contraste<\/strong> entre as duas ora\u00e7\u00f5es. Para dar <strong>coes\u00e3o e coer\u00eancia<\/strong> ao texto, podemos unir essas frases assim:<\/p>\n\n\n\n<p class=\"has-black-color has-text-color has-link-color wp-elements-2c480ba540dcbf31179d0d99e488cc7b\" style=\"font-size:18px\"><strong>1.<\/strong> <em>\u201cEla estudou muito, <\/em><strong><em>mas<\/em><\/strong><em> n\u00e3o conseguiu passar no concurso.\u201d<\/em><\/p>\n\n\n\n<p class=\"has-black-color has-text-color has-link-color wp-elements-e69095b912859bc8d18c758780b6ed2b\" style=\"font-size:18px\">A conjun\u00e7\u00e3o <strong>\u201c<em>mas<\/em>\u201d<\/strong> \u00e9 <strong>adversativa<\/strong>, e est\u00e1 de acordo com a rela\u00e7\u00e3o de <strong>oposi\u00e7\u00e3o entre expectativa e resultado<\/strong>. Essa estrutura \u00e9 clara e direta, muito comum em textos argumentativos e jornal\u00edsticos.<\/p>\n\n\n\n<p class=\"has-black-color has-text-color has-link-color wp-elements-d16bb80210925d74b9a54af43e329abf\" style=\"font-size:18px\"><strong>2.<\/strong> <em>\u201cEla estudou muito <\/em><strong><em>e<\/em><\/strong><em> n\u00e3o conseguiu passar no concurso.\u201d<\/em><\/p>\n\n\n\n<p class=\"has-black-color has-text-color has-link-color wp-elements-86af129610412847b24862567d985a9c\" style=\"font-size:18px\">Essa constru\u00e7\u00e3o \u00e9 bastante usada na <strong>linguagem oral<\/strong>, apesar de usar a conjun\u00e7\u00e3o <strong>\u201c<em>e<\/em>\u201d<\/strong>, que originalmente indica <strong>adi\u00e7\u00e3o<\/strong>. Neste caso, ela adquire uma <strong>carga de oposi\u00e7\u00e3o<\/strong>, embora de forma <strong>impl\u00edcita<\/strong>. O efeito argumentativo aqui \u00e9 mais sutil e depende do <strong>contexto e da entona\u00e7\u00e3o<\/strong>.<\/p>\n\n\n\n<p class=\"has-black-color has-text-color has-link-color wp-elements-b4fd6250acdb4c8d2940afdfb0ed6e88\" style=\"font-size:18px\"><strong>3.<\/strong> <em>\u201cEla estudou muito e, <\/em><strong><em>ainda assim<\/em><\/strong><em>, n\u00e3o conseguiu passar no concurso.\u201d<\/em><\/p>\n\n\n\n<p class=\"has-black-color has-text-color has-link-color wp-elements-51493aa2b49f2b24e898a672f10945ba\" style=\"font-size:18px\">Essa estrutura refor\u00e7a a ideia de adversidade com mais clareza. O uso da express\u00e3o <strong>\u201c<em>ainda assim<\/em>\u201d<\/strong> funciona como um <strong>articulador argumentativo<\/strong> que <strong>acentua o contraste<\/strong> entre esfor\u00e7o e resultado. \u00c9 uma forma mais elaborada e enf\u00e1tica de expressar a mesma oposi\u00e7\u00e3o.<\/p>\n\n\n\n<p class=\"has-black-color has-text-color has-link-color wp-elements-7cf58743bae2f45999729ac812d367e3\" style=\"font-size:18px\"><strong>4.<\/strong> <em>\u201cEla conseguiu passar no concurso com uma boa nota, <\/em><strong><em>mas<\/em><\/strong><em> poderia ter sido melhor.\u201d<\/em><\/p>\n\n\n\n<p class=\"has-black-color has-text-color has-link-color wp-elements-1fa94ffa163043605ed118867962e394\" style=\"font-size:18px\">Neste caso, a conjun\u00e7\u00e3o <strong>\u201c<em>mas<\/em>\u201d<\/strong> aparece novamente, por\u00e9m o efeito \u00e9 diferente. Em vez de oposi\u00e7\u00e3o direta, ela introduz uma <strong>restri\u00e7\u00e3o<\/strong> ou <strong>nuance<\/strong>: o desempenho foi bom, mas n\u00e3o excelente. Isso mostra que o <strong>efeito argumentativo da conjun\u00e7\u00e3o depende do contexto<\/strong> e da <strong>inten\u00e7\u00e3o do autor<\/strong>.<\/p>\n\n\n\n<p class=\"has-black-color has-text-color has-link-color wp-elements-dd60be66fe8f777895643b06c24f8a34\" style=\"font-size:18px\">Podemos concluir, portanto, que um mesmo articulador pode assumir <strong>fun\u00e7\u00f5es diferentes<\/strong>, e articuladores distintos podem expressar <strong>a mesma rela\u00e7\u00e3o l\u00f3gica com diferentes intensidades<\/strong>. Conhecer esses usos ajuda a escrever com mais precis\u00e3o, clareza e intencionalidade.<\/p>\n\n\n\n<h3 class=\"wp-block-heading has-text-color has-link-color wp-elements-cf31d9394c2894c4b33edacefa1b5346\" style=\"color:#1700ab\"><a href=\"https:\/\/ligadonoportugues.com.br\/index.php\/articuladores-argumentativos-subordinativos\" target=\"_blank\" rel=\"noreferrer noopener\">Articuladores Argumentativos Subordinativos<\/a><\/h3>\n","protected":false},"excerpt":{"rendered":"<p>Os articuladores argumentativos coordenativos s\u00e3o palavras ou express\u00f5es que ligam ora\u00e7\u00f5es ou ideias dentro de um texto, mantendo autonomia sint\u00e1tica entre elas, mas garantindo a coes\u00e3o e o encadeamento l\u00f3gico. Essas palavras estabelecem rela\u00e7\u00f5es como adi\u00e7\u00e3o, oposi\u00e7\u00e3o, altern\u00e2ncia, conclus\u00e3o e explica\u00e7\u00e3o. De modo geral, esses articuladores s\u00e3o conjun\u00e7\u00f5es coordenativas, mas tamb\u00e9m podem ser adv\u00e9rbios ou [&hellip;]<\/p>\n","protected":false},"author":1,"featured_media":0,"parent":0,"menu_order":0,"comment_status":"closed","ping_status":"closed","template":"","meta":{"footnotes":""},"class_list":["post-186","page","type-page","status-publish","hentry"],"_links":{"self":[{"href":"https:\/\/ligadonoportugues.com.br\/index.php\/wp-json\/wp\/v2\/pages\/186","targetHints":{"allow":["GET"]}}],"collection":[{"href":"https:\/\/ligadonoportugues.com.br\/index.php\/wp-json\/wp\/v2\/pages"}],"about":[{"href":"https:\/\/ligadonoportugues.com.br\/index.php\/wp-json\/wp\/v2\/types\/page"}],"author":[{"embeddable":true,"href":"https:\/\/ligadonoportugues.com.br\/index.php\/wp-json\/wp\/v2\/users\/1"}],"replies":[{"embeddable":true,"href":"https:\/\/ligadonoportugues.com.br\/index.php\/wp-json\/wp\/v2\/comments?post=186"}],"version-history":[{"count":16,"href":"https:\/\/ligadonoportugues.com.br\/index.php\/wp-json\/wp\/v2\/pages\/186\/revisions"}],"predecessor-version":[{"id":575,"href":"https:\/\/ligadonoportugues.com.br\/index.php\/wp-json\/wp\/v2\/pages\/186\/revisions\/575"}],"wp:attachment":[{"href":"https:\/\/ligadonoportugues.com.br\/index.php\/wp-json\/wp\/v2\/media?parent=186"}],"curies":[{"name":"wp","href":"https:\/\/api.w.org\/{rel}","templated":true}]}}