{"id":241,"date":"2025-06-11T12:42:40","date_gmt":"2025-06-11T15:42:40","guid":{"rendered":"https:\/\/ligadonoportugues.com.br\/?page_id=241"},"modified":"2025-06-13T11:58:23","modified_gmt":"2025-06-13T14:58:23","slug":"substantivos-genero-numero-e-grau","status":"publish","type":"page","link":"https:\/\/ligadonoportugues.com.br\/index.php\/substantivos-genero-numero-e-grau\/","title":{"rendered":"Substantivos: G\u00eanero, N\u00famero e Grau"},"content":{"rendered":"\n<p class=\"has-black-color has-text-color has-link-color wp-elements-b078c85bf51c357dd20ccbeaedd3fd61\" style=\"font-size:18px\">Substantivos s\u00e3o palavras vari\u00e1veis. Isso significa que eles podem <strong>sofrer flex\u00f5es<\/strong> de:<\/p>\n\n\n\n<ul class=\"wp-block-list\">\n<li class=\"has-black-color has-text-color has-link-color wp-elements-9618961208e574ee2cc41d4a50eeff1a\" style=\"font-size:18px\"><strong>G\u00eanero<\/strong> (masculino ou feminino),<\/li>\n\n\n\n<li class=\"has-black-color has-text-color has-link-color wp-elements-a7484d309a2f1c8cb51064335475aa53\" style=\"font-size:18px\"><strong>N\u00famero<\/strong> (singular ou plural),<\/li>\n\n\n\n<li class=\"has-black-color has-text-color has-link-color wp-elements-3c8d7fb5aeb17f92c1895bca208f3f89\" style=\"font-size:18px\"><strong>Grau<\/strong> (aumentativo ou diminutivo).<\/li>\n<\/ul>\n\n\n\n<hr class=\"wp-block-separator has-alpha-channel-opacity\"\/>\n\n\n\n<h3 class=\"wp-block-heading has-vivid-red-color has-text-color has-link-color wp-elements-5102d09dfb27998f8d32aedc4c15f173\"><strong>1. G\u00eanero: Masculino e Feminino<\/strong><\/h3>\n\n\n\n<p class=\"has-black-color has-text-color has-link-color wp-elements-0e1f5ce765b9752d9fa2f850c3d2dcee\" style=\"font-size:18px\">Os substantivos podem indicar o <strong>sexo biol\u00f3gico<\/strong> de seres ou apenas ter um g\u00eanero gramatical.<\/p>\n\n\n\n<h4 class=\"wp-block-heading has-black-color has-text-color has-link-color wp-elements-c46e3346e2076f0879b3f9ee78e35771\" style=\"font-size:18px\"><strong>Formas mais comuns:<\/strong><\/h4>\n\n\n\n<ul class=\"wp-block-list\">\n<li class=\"has-black-color has-text-color has-link-color wp-elements-7658357c61226a8bf179f8b8a06e684a\" style=\"font-size:18px\"><strong>Terminados em -o (masculino)<\/strong> e <strong>-a (feminino)<\/strong><strong><br><\/strong>\ud83d\udc49 menino \/ menina<br>\ud83d\udc49 gato \/ gata<\/li>\n<\/ul>\n\n\n\n<h4 class=\"wp-block-heading has-black-color has-text-color has-link-color wp-elements-6567053b37d18803be0986ef1e9ec0eb\" style=\"font-size:18px\"><strong>Outros casos:<\/strong><\/h4>\n\n\n\n<ul class=\"wp-block-list\">\n<li class=\"has-black-color has-text-color has-link-color wp-elements-9b016a74571cd8956c016630b37c945d\" style=\"font-size:18px\"><strong>Mudan\u00e7a de palavra<\/strong>:<br>\ud83d\udc49 homem \/ mulher<br>\ud83d\udc49 cavalo \/ \u00e9gua<\/li>\n\n\n\n<li class=\"has-black-color has-text-color has-link-color wp-elements-1c57831f27f13337df0fb0af8afe2038\" style=\"font-size:18px\"><strong>Mesma forma, com o artigo indicando o g\u00eanero<\/strong>:<br>\ud83d\udc49 o estudante \/ a estudante<br>\ud83d\udc49 o artista \/ a artista<\/li>\n<\/ul>\n\n\n\n<hr class=\"wp-block-separator has-alpha-channel-opacity\"\/>\n\n\n\n<h3 class=\"wp-block-heading has-vivid-red-color has-text-color has-link-color wp-elements-a2b3084b923bb0e033351f0c9fd080f3\"><strong>2. N\u00famero: Singular e Plural<\/strong><\/h3>\n\n\n\n<p class=\"has-black-color has-text-color has-link-color wp-elements-1ff2597b306a3bd7bffa643b02735d62\" style=\"font-size:18px\">O n\u00famero indica quantidade: se o substantivo est\u00e1 no singular (um s\u00f3) ou no plural (mais de um).<\/p>\n\n\n\n<h4 class=\"wp-block-heading has-black-color has-text-color has-link-color wp-elements-f3a69aaff11d82a6be312a0ac2cb9ddd\" style=\"font-size:18px\"><strong>Regras comuns:<\/strong><\/h4>\n\n\n\n<ul class=\"wp-block-list\">\n<li class=\"has-black-color has-text-color has-link-color wp-elements-b762435f096f43cb32fcccb8e15b2fb3\" style=\"font-size:18px\"><strong>Acrescenta-se -s:<\/strong><strong><br><\/strong>livro \u2192 livros<br>casa \u2192 casas<\/li>\n\n\n\n<li class=\"has-black-color has-text-color has-link-color wp-elements-8a6474029424b0253d7ccb8f59213bc4\" style=\"font-size:18px\"><strong>Terminados em -m, trocam por -ns:<\/strong><strong><br><\/strong>homem \u2192 homens<br>jovem \u2192 jovens<\/li>\n\n\n\n<li class=\"has-black-color has-text-color has-link-color wp-elements-fc03544361797746cb1ee93ede3203fd\" style=\"font-size:18px\"><strong>Terminados em -\u00e3o:<\/strong>\n<ul class=\"wp-block-list\">\n<li class=\"has-black-color has-text-color has-link-color wp-elements-18ed3b3be5429c3454d6622322e0056f\" style=\"font-size:18px\">podem formar plural em -\u00f5es, -\u00e3os ou -\u00e3es:<br>le\u00e3o \u2192 le\u00f5es<br>irm\u00e3o \u2192 irm\u00e3os<br>capit\u00e3o \u2192 capit\u00e3es<\/li>\n<\/ul>\n<\/li>\n<\/ul>\n\n\n\n<hr class=\"wp-block-separator has-alpha-channel-opacity\"\/>\n\n\n\n<h3 class=\"wp-block-heading has-vivid-red-color has-text-color has-link-color wp-elements-23eb25ccaf15358e2c1c7555b721694a\"><strong>3. Grau: Aumentativo e Diminutivo<\/strong><\/h3>\n\n\n\n<p class=\"has-black-color has-text-color has-link-color wp-elements-ddd1e71e2fec5cf84062bc85c4511a57\" style=\"font-size:18px\">Indica o <strong>tamanho<\/strong> (real ou afetivo) do ser nomeado.<\/p>\n\n\n\n<h4 class=\"wp-block-heading has-black-color has-text-color has-link-color wp-elements-9ecf37d7d658db7af7e278b1ab8e8deb\" style=\"font-size:18px\"><strong>Formas anal\u00edticas:<\/strong><\/h4>\n\n\n\n<ul class=\"wp-block-list\">\n<li class=\"has-black-color has-text-color has-link-color wp-elements-af923c5ba448f9b594e229f89d3cab3f\" style=\"font-size:18px\">Usa-se <strong>um adjetivo<\/strong>:<br>casa grande (aumentativo)<br>casa pequena (diminutivo)<\/li>\n<\/ul>\n\n\n\n<h4 class=\"wp-block-heading has-black-color has-text-color has-link-color wp-elements-f392de5a3f0e5758421b06f27ef99838\" style=\"font-size:18px\"><strong>Formas sint\u00e9ticas:<\/strong><\/h4>\n\n\n\n<ul class=\"wp-block-list\">\n<li class=\"has-black-color has-text-color has-link-color wp-elements-a3aa2373f41911c2a3765fcca57464e5\" style=\"font-size:18px\"><strong>Aumentativo:<\/strong><strong><br><\/strong>casa \u2192 casar\u00e3o<br>menino \u2192 menin\u00e3o<\/li>\n\n\n\n<li class=\"has-black-color has-text-color has-link-color wp-elements-cd21f15a23f32fde42497963ee0289a2\" style=\"font-size:18px\"><strong>Diminutivo:<\/strong><strong><br><\/strong>casa \u2192 casinha<br>flor \u2192 florzinha<\/li>\n<\/ul>\n\n\n\n<p class=\"has-black-color has-text-color has-link-color wp-elements-0f7d921fa1570640a6b74d4dcc4147c6\" style=\"font-size:18px\"><strong>Obs.:<\/strong> Nem sempre o grau indica tamanho f\u00edsico \u2014 pode indicar carinho, desprezo ou ironia.<br>\u201cJo\u00e3ozinho chegou atrasado de novo.\u201d (diminutivo usado com afeto ou ironia)<\/p>\n\n\n\n<h3 class=\"wp-block-heading has-black-color has-text-color has-link-color wp-elements-2387c5932c6ca036740783dcd0258736\"><strong>Exemplos nas tr\u00eas flex\u00f5es:<\/strong><\/h3>\n\n\n\n<ol class=\"wp-block-list\">\n<li class=\"has-black-color has-text-color has-link-color wp-elements-f8be48efd0bca5e8eecffc221ef8dcd8\" style=\"font-size:18px\"><strong>O menino<\/strong> (masculino, singular, normal)<\/li>\n\n\n\n<li class=\"has-black-color has-text-color has-link-color wp-elements-c7a38cfa9c3e5328f044b042b510d7a2\" style=\"font-size:18px\"><strong>As meninas<\/strong> (feminino, plural, normal)<\/li>\n\n\n\n<li class=\"has-black-color has-text-color has-link-color wp-elements-1de87dfdf262a30527ea19b5aeba1b53\" style=\"font-size:18px\"><strong>A casinha<\/strong> (feminino, singular, diminutivo)<\/li>\n\n\n\n<li class=\"has-black-color has-text-color has-link-color wp-elements-35e92d5ab0a637d8859edd9b0a661a30\" style=\"font-size:18px\"><strong>Os livr\u00f5es<\/strong> (masculino, plural, aumentativo)<\/li>\n<\/ol>\n","protected":false},"excerpt":{"rendered":"<p>Substantivos s\u00e3o palavras vari\u00e1veis. Isso significa que eles podem sofrer flex\u00f5es de: 1. G\u00eanero: Masculino e Feminino Os substantivos podem indicar o sexo biol\u00f3gico de seres ou apenas ter um g\u00eanero gramatical. Formas mais comuns: Outros casos: 2. N\u00famero: Singular e Plural O n\u00famero indica quantidade: se o substantivo est\u00e1 no singular (um s\u00f3) ou [&hellip;]<\/p>\n","protected":false},"author":1,"featured_media":0,"parent":0,"menu_order":0,"comment_status":"closed","ping_status":"closed","template":"","meta":{"footnotes":""},"class_list":["post-241","page","type-page","status-publish","hentry"],"_links":{"self":[{"href":"https:\/\/ligadonoportugues.com.br\/index.php\/wp-json\/wp\/v2\/pages\/241","targetHints":{"allow":["GET"]}}],"collection":[{"href":"https:\/\/ligadonoportugues.com.br\/index.php\/wp-json\/wp\/v2\/pages"}],"about":[{"href":"https:\/\/ligadonoportugues.com.br\/index.php\/wp-json\/wp\/v2\/types\/page"}],"author":[{"embeddable":true,"href":"https:\/\/ligadonoportugues.com.br\/index.php\/wp-json\/wp\/v2\/users\/1"}],"replies":[{"embeddable":true,"href":"https:\/\/ligadonoportugues.com.br\/index.php\/wp-json\/wp\/v2\/comments?post=241"}],"version-history":[{"count":17,"href":"https:\/\/ligadonoportugues.com.br\/index.php\/wp-json\/wp\/v2\/pages\/241\/revisions"}],"predecessor-version":[{"id":558,"href":"https:\/\/ligadonoportugues.com.br\/index.php\/wp-json\/wp\/v2\/pages\/241\/revisions\/558"}],"wp:attachment":[{"href":"https:\/\/ligadonoportugues.com.br\/index.php\/wp-json\/wp\/v2\/media?parent=241"}],"curies":[{"name":"wp","href":"https:\/\/api.w.org\/{rel}","templated":true}]}}