{"id":252,"date":"2025-06-11T13:14:33","date_gmt":"2025-06-11T16:14:33","guid":{"rendered":"https:\/\/ligadonoportugues.com.br\/?page_id=252"},"modified":"2025-06-13T12:24:34","modified_gmt":"2025-06-13T15:24:34","slug":"substantivos-exercicios","status":"publish","type":"page","link":"https:\/\/ligadonoportugues.com.br\/index.php\/substantivos-exercicios\/","title":{"rendered":"Substantivos: Exerc\u00edcios"},"content":{"rendered":"\n<p class=\"has-black-color has-text-color has-link-color wp-elements-8f925a74013eaff9ef65cd506f6fb659\" style=\"font-size:18px\"><strong>1. Na frase &#8220;<\/strong><strong><em>A crian\u00e7a brincava no parque com seu cachorro<\/em><\/strong><strong>&#8220;, qual \u00e9 o conjunto de substantivos presentes?<\/strong><strong><br><\/strong>A) crian\u00e7a, brincava, parque<br>B) crian\u00e7a, parque, cachorro<br>C) crian\u00e7a, brincava, cachorro<br>D) brincava, cachorro, parque<\/p>\n\n\n\n<p class=\"has-black-color has-text-color has-link-color wp-elements-5496b7e951121046f694915213abeb72\" style=\"font-size:18px\"><strong>2. Na frase &#8220;<\/strong><strong><em>O rel\u00f3gio caiu da mesa e quebrou o vidro<\/em><\/strong><strong>&#8220;, qual dessas palavras n\u00e3o \u00e9 substantivo?<\/strong><strong><br><\/strong>A) rel\u00f3gio<br>B) mesa<br>C) caiu<br>D) vidro<\/p>\n\n\n\n<p class=\"has-black-color has-text-color has-link-color wp-elements-cc8693e77fc83e246c95c7cddbaf7171\" style=\"font-size:18px\"><strong>3. Em &#8220;<\/strong><strong><em>A chuva forte molhou todo o jardim<\/em><\/strong><strong>&#8221; quantos substantivos h\u00e1 na frase?<\/strong><strong><br><\/strong>A) 1<br>B) 2<br>C) 3<br>D) 4<\/p>\n\n\n\n<p class=\"has-black-color has-text-color has-link-color wp-elements-ff0c67b3d7a63feaf5fe3be02df91345\" style=\"font-size:18px\"><strong>4. Observe a frase: &#8220;Meu <\/strong><strong><em>pai<\/em><\/strong><strong> comprou um <\/strong><strong><em>carro<\/em><\/strong><strong> novo&#8221;. Assinale a alternativa correta:<\/strong><strong><br><\/strong>A) H\u00e1 um adjetivo e um verbo<br>B) H\u00e1 dois substantivos e um verbo<br>C) H\u00e1 tr\u00eas substantivos<br>D) S\u00f3 h\u00e1 um substantivo<\/p>\n\n\n\n<p class=\"has-black-color has-text-color has-link-color wp-elements-b8a8180e92edcf503203909b129dd51b\" style=\"font-size:18px\"><strong>5. Na frase: &#8220;O <\/strong><strong><em>caderno<\/em><\/strong><strong> azul est\u00e1 sobre a <\/strong><strong><em>cadeira<\/em><\/strong><strong>&#8220;, qual \u00e9 o substantivo comum e concreto?<\/strong><strong><br><\/strong>A) azul<br>B) est\u00e1<br>C) caderno<br>D) sobre<\/p>\n\n\n\n<p class=\"has-black-color has-text-color has-link-color wp-elements-cb1f83204b098f0a1909507594d23b68\" style=\"font-size:18px\"><strong>6. Na frase &#8220;<\/strong><strong><em>Minha fam\u00edlia viajou para o interior no s\u00e1bado passado<\/em><\/strong><strong>&#8220;, quantos substantivos h\u00e1 e quais s\u00e3o?<\/strong><strong><br><\/strong>A) 2 \u2013 fam\u00edlia, s\u00e1bado<br>B) 3 \u2013 fam\u00edlia, interior, s\u00e1bado<br>C) 3 \u2013 fam\u00edlia, viajou, interior<br>D) 2 \u2013 interior, passado<\/p>\n\n\n\n<p class=\"has-black-color has-text-color has-link-color wp-elements-9abebfa0d6237f2434f6065c1714b142\" style=\"font-size:18px\"><strong>7. Escolha a alternativa que cont\u00e9m apenas substantivos pr\u00f3prios.<\/strong><strong><br><\/strong>A) Brasil, Maria, Amazonas<br>B) cidade, cachorro, S\u00e3o Paulo<br>C) livro, Pedro, rua<br>D) mesa, cadeira, Lucas<\/p>\n\n\n\n<p class=\"has-black-color has-text-color has-link-color wp-elements-3cb4e4df0177223dc975c899c6333c60\" style=\"font-size:18px\"><strong>8. Qual \u00e9 o substantivo coletivo da frase: &#8220;<\/strong><strong><em>O cardume passou perto do barco<\/em><\/strong><strong>&#8220;?<\/strong><strong><br><\/strong>A) coletivo de peixes<br>B) coletivo de aves<br>C) coletivo de \u00e1rvores<br>D) coletivo de barcos<\/p>\n\n\n\n<p class=\"has-black-color has-text-color has-link-color wp-elements-ddba08e7e0911b98c179032261acbe73\" style=\"font-size:18px\"><strong>9. Assinale a alternativa que apresenta todos os substantivos femininos. na ora\u00e7\u00e3o <\/strong><strong><em>&#8220;A professora leu a not\u00edcia na sala de aula.&#8221;<\/em><\/strong><strong><em><br><\/em><\/strong>A) professora, sala<br>B) not\u00edcia, professora, sala<br>C) not\u00edcia, leu, aula<br>D) professora, leu, sala<\/p>\n\n\n\n<p class=\"has-black-color has-text-color has-link-color wp-elements-0f749b6f286f08c655983f3f2349a72d\" style=\"font-size:18px\"><strong>10. Na ora\u00e7\u00e3o &#8220;A <\/strong><strong><em>amizade<\/em><\/strong><strong> verdadeira vale mais do que ouro&#8221;, o substantivo &#8220;amizade&#8221; \u00e9:<\/strong><strong><br><\/strong>A) concreto e coletivo<br>B) abstrato e simples<br>C) abstrato e composto<br>D) comum e coletivo<\/p>\n\n\n\n<p class=\"has-black-color has-text-color has-link-color wp-elements-65baa2eda3cb09c6732eb7879b03e329\" style=\"font-size:18px\"><strong>11. Quantos substantivos h\u00e1 no texto: <\/strong><strong><em>O sol brilhava forte quando o menino encontrou uma concha na areia<\/em><\/strong><strong>?<\/strong><strong><br><\/strong>A) 2<br>B) 3<br>C) 4<br>D) 5<\/p>\n\n\n\n<p class=\"has-black-color has-text-color has-link-color wp-elements-af55f921033fc361fff3a2703f30903e\" style=\"font-size:18px\"><strong>12. Na ora\u00e7\u00e3o &#8220;<\/strong><strong><em>No museu, havia uma pintura antiga e uma escultura de m\u00e1rmore<\/em><\/strong><strong>&#8220;, qual das palavras abaixo n\u00e3o \u00e9 substantivo?<\/strong><strong><br><\/strong>A) escultura<br>B) havia<br>C) pintura<br>D) museu<\/p>\n\n\n\n<p class=\"has-black-color has-text-color has-link-color wp-elements-62fe96c9ab5cd23e339f2b0c7eedac91\" style=\"font-size:18px\"><strong>13. Em &#8220;<\/strong><strong><em>A gata subiu no telhado e miou para o vizinho<\/em><\/strong><strong>&#8220;, qual \u00e9 o \u00fanico substantivo pr\u00f3prio?<\/strong><strong><br><\/strong>A) gata<br>B) telhado<br>C) vizinho<br>D) Nenhum<\/p>\n\n\n\n<p class=\"has-black-color has-text-color has-link-color wp-elements-dab7e54143ea01946dcb982ff5d6c600\" style=\"font-size:18px\"><strong>14. Na ora\u00e7\u00e3o &#8220;Durante o <\/strong><strong><em>jogo<\/em><\/strong><strong>, a <\/strong><strong><em>torcida<\/em><\/strong><strong> fez muito <\/strong><strong><em>barulho<\/em><\/strong><strong>&#8220;, o substantivo coletivo \u00e9:<\/strong><strong><br><\/strong>A) jogo<br>B) torcida<br>C) barulho<br>D) durante<\/p>\n\n\n\n<p class=\"has-black-color has-text-color has-link-color wp-elements-a27f616733c4d0b19016d8002fea7db9\" style=\"font-size:18px\"><strong>15. Na ora\u00e7\u00e3o &#8220;<\/strong><strong><em>O livro estava sobre a mesa ao lado da mochila<\/em><\/strong><strong>&#8221; qual das palavras \u00e9 um substantivo composto<\/strong>?<br>A) livro<br>B) mesa<br>C) mochila<br>D) Nenhuma<\/p>\n\n\n\n<p class=\"has-black-color has-text-color has-link-color wp-elements-cbc415e0ec7bb108ea2ed2e85f2696d3\" style=\"font-size:18px\"><strong>16.<\/strong> <strong>Na ora\u00e7\u00e3o &#8220;<\/strong><strong><em>A neve cobriu a montanha durante a noite<\/em><\/strong><strong>&#8220;, o substantivo abstrato \u00e9:<\/strong><strong><br><\/strong>A) neve<br>B) montanha<br>C) noite<br>D) Nenhum deles<\/p>\n\n\n\n<p class=\"has-black-color has-text-color has-link-color wp-elements-5da9c09c8bed9ac4f2889c5411e3e45e\" style=\"font-size:18px\"><strong>17. Na ora\u00e7\u00e3o &#8220;<\/strong><strong><em>A diretoria decidiu mudar as regras do campeonato<\/em><\/strong><strong>&#8220;, quantos substantivos coletivos existem?<\/strong><strong><br><\/strong>A) 1<br>B) 2<br>C) 3<br>D) Nenhum<\/p>\n\n\n\n<p class=\"has-black-color has-text-color has-link-color wp-elements-ccd8c59cfcb352fcb18e96ea8c01d5a3\" style=\"font-size:18px\"><strong>18.<\/strong> <strong>Na ora\u00e7\u00e3o &#8220;<\/strong><strong><em>A alegria<\/em><\/strong><strong> das <\/strong><strong><em>crian\u00e7as<\/em><\/strong><strong> contagiou os <\/strong><strong><em>pais<\/em><\/strong><strong>&#8220;, o substantivo abstrato da frase \u00e9:<\/strong><strong><br><\/strong>A) alegria<br>B) crian\u00e7as<br>C) pais<br>D) contagiou<\/p>\n\n\n\n<p class=\"has-black-color has-text-color has-link-color wp-elements-a7831133502a3fb683f505862003773d\" style=\"font-size:18px\"><strong>19.<\/strong> <strong>Na ora\u00e7\u00e3o &#8220;<\/strong><strong><em>Na cidade, o \u00f4nibus parou perto da pra\u00e7a e do mercado<\/em><\/strong><strong>&#8220;, qual alternativa apresenta apenas substantivos concretos?<\/strong><strong><br><\/strong>A) cidade, \u00f4nibus, mercado<br>B) cidade, parou, pra\u00e7a<br>C) \u00f4nibus, do, mercado<br>D) cidade, \u00f4nibus, perto<\/p>\n\n\n\n<p class=\"has-black-color has-text-color has-link-color wp-elements-19655283463c9795c524af32f4099b53\" style=\"font-size:18px\"><strong>20. Em &#8220;<\/strong><strong><em>O atleta venceu a prova com muita determina\u00e7\u00e3o<\/em><\/strong><strong>&#8220;, qual alternativa apresenta o substantivo abstrato?<\/strong><strong><br><\/strong>A) atleta<br>B) venceu<br>C) prova<br>D) determina\u00e7\u00e3o<\/p>\n\n\n\n<p class=\"has-black-color has-text-color has-link-color wp-elements-9c12e15379226f6c6794a8a3be13e396\" style=\"font-size:18px\"><strong>21. Assinale a alternativa em que o substantivo composto est\u00e1 corretamente flexionado no plural:<\/strong><\/p>\n\n\n\n<p class=\"has-black-color has-text-color has-link-color wp-elements-84778fb0a674a6a49296721125f459fc\" style=\"font-size:18px\">A) Guarda-roupa \u2192 Guardas-roupas<br>B) P\u00e9-de-moleque \u2192 P\u00e9s-de-moleques<br>C) Cavalo-marinho \u2192 Cavalos-marinhos<br>D) Beija-flor \u2192 Beijas-flores<\/p>\n\n\n\n<p class=\"has-black-color has-text-color has-link-color wp-elements-de822d8e9d6f0c334cae6a0149f85a79\" style=\"font-size:18px\"><strong>22. Em qual das op\u00e7\u00f5es o plural foi feito de forma incorreta?<\/strong><\/p>\n\n\n\n<p class=\"has-black-color has-text-color has-link-color wp-elements-cc38e0d0ad00d2d5065d4a87e8232704\" style=\"font-size:18px\">A) Amor-perfeito \u2192 Amores-perfeitos<br>B) Guarda-chuva \u2192 Guardas-chuvas<br>C) Couve-flor \u2192 Couves-flores<br>D) Ex-aluno \u2192 Ex-alunos<\/p>\n\n\n\n<p class=\"has-black-color has-text-color has-link-color wp-elements-69d12b75423052b6f1dcc69c8357c0d2\" style=\"font-size:18px\"><strong>23. Assinale a alternativa com um substantivo composto formado por: verbo + substantivo.<\/strong><\/p>\n\n\n\n<p class=\"has-black-color has-text-color has-link-color wp-elements-92c6c29ec8c08aecf91bd6169bcdc388\" style=\"font-size:18px\">A) Guarda-roupa<br>B) Amor-perfeito<br>C) Alto-falante<br>D) Segunda-feira<\/p>\n\n\n\n<p class=\"has-black-color has-text-color has-link-color wp-elements-791fb067f53e200fa1824a3a75c99404\" style=\"font-size:18px\"><strong>24. O plural correto de \u201c<\/strong><strong><em>p\u00e9-de-moleque<\/em><\/strong><strong>\u201d e a regra aplicada s\u00e3o:<\/strong><\/p>\n\n\n\n<p class=\"has-black-color has-text-color has-link-color wp-elements-0e13037c421d56da6c3416da363198ee\" style=\"font-size:18px\">A) P\u00e9s-de-moleque \u2013 plural do primeiro substantivo<br>B) P\u00e9s-de-moleques \u2013 ambos no plural<br>C) P\u00e9s-de-moleques \u2013 plural do \u00faltimo termo apenas<br>D) P\u00e9-de-moleques \u2013 plural irregular<\/p>\n\n\n\n<p class=\"has-black-color has-text-color has-link-color wp-elements-e9d0d1dba886c226bc464e04ed85a01e\" style=\"font-size:18px\"><strong>25. Qual alternativa apresenta um substantivo composto em que ambas as palavras v\u00e3o para o plural?<\/strong><\/p>\n\n\n\n<p class=\"has-black-color has-text-color has-link-color wp-elements-428f8ad3752a02f5121e9ed5850d097c\" style=\"font-size:18px\">A) Vice-presidente \u2192 Vices-presidente<br>B) Guarda-chuva \u2192 Guarda-chuvas<br>C) Sal\u00e1rio-fam\u00edlia \u2192 Sal\u00e1rios-fam\u00edlias<br>D) Beija-flor \u2192 Beija-flores<\/p>\n\n\n\n<p class=\"has-black-color has-text-color has-link-color wp-elements-c1e97b437e11ae4489a98340fa7f690e\" style=\"font-size:18px\"><strong>26. Observe as palavras em destaque no texto: <\/strong><strong><em>&#8220;No ver\u00e3o, os guarda-s\u00f3is estavam alinhados na areia, enquanto os guarda-costas dos artistas caminhavam distra\u00eddos pela orla<\/em><\/strong><strong>.&#8221;<\/strong><\/p>\n\n\n\n<p class=\"has-black-color has-text-color has-link-color wp-elements-901b2c64b88ec10dc186019b1daa5c3f\" style=\"font-size:18px\"><strong>Qual alternativa est\u00e1 correta?<\/strong><strong><br><\/strong>A) Os dois est\u00e3o errados<br>B) Apenas \u201cguarda-s\u00f3is\u201d est\u00e1 certo<br>C) Apenas \u201cguarda-costas\u201d est\u00e1 certo<br>D) Ambos est\u00e3o certos<\/p>\n\n\n\n<p class=\"has-black-color has-text-color has-link-color wp-elements-502f3ffa6d49aa75d27b1d08abb7b5e9\" style=\"font-size:18px\"><strong>27. Observe as palavras em destaque no texto:<\/strong> &#8220;<strong><em>Durante o evento, as mulas-sem-cabe\u00e7a eram as figuras mais comentadas, assim como os cavalos-marinhos que decoravam o sal\u00e3o.<\/em><\/strong>&#8220;<\/p>\n\n\n\n<p class=\"has-black-color has-text-color has-link-color wp-elements-ff7e40d3c5b094ca4b747ef9a7a1f807\" style=\"font-size:18px\"><strong>Qual alternativa est\u00e1 correta?<\/strong><strong><br><\/strong>A) Ambos est\u00e3o certos<br>B) Apenas \u201cmulas-sem-cabe\u00e7a\u201d est\u00e1 certo<br>C) Apenas \u201ccavalos-marinhos\u201d est\u00e1 certo<br>D) Os dois est\u00e3o errados<\/p>\n\n\n\n<p class=\"has-black-color has-text-color has-link-color wp-elements-aa6fb95fdfa6327bc2220e7045b91916\" style=\"font-size:18px\"><strong>28. Observe as palavras em destaque no texto:<\/strong><strong><em> &#8220;Os p\u00e9s-de-moleques estavam crocantes e doces, enquanto os guarda-chuvas foram recolhidos com o fim da chuva.&#8221;<\/em><\/strong><\/p>\n\n\n\n<p class=\"has-black-color has-text-color has-link-color wp-elements-e6c737a72038cfb41b46ee8545c1b199\" style=\"font-size:18px\"><strong>Qual alternativa est\u00e1 correta?<\/strong><strong><br><\/strong>A) Os dois est\u00e3o errados<br>B) Apenas \u201cguarda-chuvas\u201d est\u00e1 certo<br>C) Apenas \u201cp\u00e9s-de-moleques\u201d est\u00e1 certo<br>D) \u201cP\u00e9s-de-moleques\u201d est\u00e1 errado; \u201cguarda-chuvas\u201d est\u00e1 certo<\/p>\n\n\n\n<p class=\"has-black-color has-text-color has-link-color wp-elements-e7517fcd500c4e2b4a1bee8bef7bb9b2\" style=\"font-size:18px\"><strong>29.<\/strong> <strong>Observe as palavras em destaque no texto:<\/strong><strong><em> &#8220;Os beijas-flores voavam entre as flores do jardim, e os couve-flores estavam prontos para a colheita.&#8221;<\/em><\/strong><\/p>\n\n\n\n<p class=\"has-black-color has-text-color has-link-color wp-elements-e083c27b38a500152b62e7bf32709752\" style=\"font-size:18px\"><strong>Qual alternativa est\u00e1 correta?<\/strong><strong><br><\/strong>A) Apenas \u201cbeijas-flores\u201d est\u00e1 certo<br>B) Apenas \u201ccouve-flores\u201d est\u00e1 certo<br>C) Os dois est\u00e3o certos<br>D) Os dois est\u00e3o errados<\/p>\n\n\n\n<p class=\"has-black-color has-text-color has-link-color wp-elements-1386fc44ebbe6c11b614c11243917dd6\" style=\"font-size:18px\"><strong>30.<\/strong> <strong>Observe as palavras em destaque no texto:<\/strong> &#8220;<strong><em>A exposi\u00e7\u00e3o contava com diversas obras-primas e altos-falantes espalhados para dar som ambiente \u00e0 galeria.<\/em><\/strong>&#8220;<strong>Qual alternativa est\u00e1 correta?<\/strong><strong><br><\/strong>A) Apenas \u201cobras-primas\u201d est\u00e1 certo<br>B) Apenas \u201caltos-falantes\u201d est\u00e1 certo<br>C) Ambos est\u00e3o certos<br>D) Os dois est\u00e3o errados<\/p>\n\n\n\n<p><\/p>\n\n\n\n<p class=\"has-black-color has-text-color has-link-color wp-elements-3d2d1ca46bdd64b563f669ef604c97ce\" style=\"font-size:9px\"><strong>GABARITO:<\/strong> 1.B; 2.C; 3.B; 4.B; 5.C; 6.B; 7.A; 8.A; 9.B; 10.B; 11.C; 12.B; 13.D; 14.B; 15.D; 16.D; 17.A; 18.A; 19.A; 20.D; 21.C; 22.B; 23.A; 24.A; 25.C; 26.D; 27.A; 28.D; 29.D; 30.C<\/p>\n","protected":false},"excerpt":{"rendered":"<p>1. Na frase &#8220;A crian\u00e7a brincava no parque com seu cachorro&#8220;, qual \u00e9 o conjunto de substantivos presentes?A) crian\u00e7a, brincava, parqueB) crian\u00e7a, parque, cachorroC) crian\u00e7a, brincava, cachorroD) brincava, cachorro, parque 2. Na frase &#8220;O rel\u00f3gio caiu da mesa e quebrou o vidro&#8220;, qual dessas palavras n\u00e3o \u00e9 substantivo?A) rel\u00f3gioB) mesaC) caiuD) vidro 3. Em &#8220;A [&hellip;]<\/p>\n","protected":false},"author":1,"featured_media":0,"parent":0,"menu_order":0,"comment_status":"closed","ping_status":"closed","template":"","meta":{"footnotes":""},"class_list":["post-252","page","type-page","status-publish","hentry"],"_links":{"self":[{"href":"https:\/\/ligadonoportugues.com.br\/index.php\/wp-json\/wp\/v2\/pages\/252","targetHints":{"allow":["GET"]}}],"collection":[{"href":"https:\/\/ligadonoportugues.com.br\/index.php\/wp-json\/wp\/v2\/pages"}],"about":[{"href":"https:\/\/ligadonoportugues.com.br\/index.php\/wp-json\/wp\/v2\/types\/page"}],"author":[{"embeddable":true,"href":"https:\/\/ligadonoportugues.com.br\/index.php\/wp-json\/wp\/v2\/users\/1"}],"replies":[{"embeddable":true,"href":"https:\/\/ligadonoportugues.com.br\/index.php\/wp-json\/wp\/v2\/comments?post=252"}],"version-history":[{"count":19,"href":"https:\/\/ligadonoportugues.com.br\/index.php\/wp-json\/wp\/v2\/pages\/252\/revisions"}],"predecessor-version":[{"id":573,"href":"https:\/\/ligadonoportugues.com.br\/index.php\/wp-json\/wp\/v2\/pages\/252\/revisions\/573"}],"wp:attachment":[{"href":"https:\/\/ligadonoportugues.com.br\/index.php\/wp-json\/wp\/v2\/media?parent=252"}],"curies":[{"name":"wp","href":"https:\/\/api.w.org\/{rel}","templated":true}]}}