{"id":278,"date":"2025-06-11T13:54:39","date_gmt":"2025-06-11T16:54:39","guid":{"rendered":"https:\/\/ligadonoportugues.com.br\/?page_id=278"},"modified":"2025-06-13T12:19:01","modified_gmt":"2025-06-13T15:19:01","slug":"substantivos-compostos-formacao-do-plural","status":"publish","type":"page","link":"https:\/\/ligadonoportugues.com.br\/index.php\/substantivos-compostos-formacao-do-plural\/","title":{"rendered":"Substantivos Compostos: Forma\u00e7\u00e3o do Plural"},"content":{"rendered":"\n<h3 class=\"wp-block-heading has-vivid-red-color has-text-color has-link-color wp-elements-de3620a20a33b9ba0e482bb2aa7180b9\"><strong>1.<\/strong> <strong>Substantivo + Substantivo<\/strong><\/h3>\n\n\n\n<p class=\"has-black-color has-text-color has-link-color wp-elements-ef5c4aefad6506190e40b7da3f91b06d\" style=\"font-size:18px\">Ambos v\u00e3o ao plural.<br><strong>Exemplo:<\/strong><\/p>\n\n\n\n<ul class=\"wp-block-list\">\n<li class=\"has-black-color has-text-color has-link-color wp-elements-fe8c9e68d7ed5eba83430da6945dccfb\" style=\"font-size:18px\">couve-flor \u2192 <strong>couves-flores<\/strong><\/li>\n<\/ul>\n\n\n\n<hr class=\"wp-block-separator has-alpha-channel-opacity\"\/>\n\n\n\n<h3 class=\"wp-block-heading has-vivid-red-color has-text-color has-link-color wp-elements-1b9eeb933dbc9d4a93f59169aa9427bb\"><strong>2. Substantivo + Adjetivo<\/strong><\/h3>\n\n\n\n<p class=\"has-black-color has-text-color has-link-color wp-elements-8208e96c64448c32108fa3acdd02c8f2\" style=\"font-size:18px\">Ambos v\u00e3o ao plural.<br><strong>Exemplos:<\/strong><\/p>\n\n\n\n<ul class=\"wp-block-list\">\n<li class=\"has-black-color has-text-color has-link-color wp-elements-51f04a78451293befc3987843e08eef4\" style=\"font-size:18px\">amor-perfeito \u2192 <strong>amores-perfeitos<\/strong><\/li>\n\n\n\n<li class=\"has-black-color has-text-color has-link-color wp-elements-964e1a717cff1231fe71d5d4931ef7ec\" style=\"font-size:18px\">cachorro-quente \u2192 <strong>cachorros-quentes<\/strong><\/li>\n<\/ul>\n\n\n\n<hr class=\"wp-block-separator has-alpha-channel-opacity\"\/>\n\n\n\n<h3 class=\"wp-block-heading has-vivid-red-color has-text-color has-link-color wp-elements-44e5d39d5465d1766e68185b2a33d5b1\"><strong>3. Adjetivo + Substantivo<\/strong><\/h3>\n\n\n\n<p class=\"has-black-color has-text-color has-link-color wp-elements-b21672cc8349a8d6077420e0f6a5c9ef\" style=\"font-size:18px\">Ambos v\u00e3o ao plural.<br><strong>Exemplos:<\/strong><\/p>\n\n\n\n<ul class=\"wp-block-list\">\n<li class=\"has-black-color has-text-color has-link-color wp-elements-318c0538fe740998f57ab498ed1c1008\" style=\"font-size:18px\">alto-falante \u2192 <strong>altos-falantes<\/strong><\/li>\n\n\n\n<li class=\"has-black-color has-text-color has-link-color wp-elements-86324835641cabe20864aab575f38c43\" style=\"font-size:18px\">boa-f\u00e9 \u2192 <strong>boas-f\u00e9s<\/strong> (em contextos figurados)<\/li>\n<\/ul>\n\n\n\n<hr class=\"wp-block-separator has-alpha-channel-opacity\"\/>\n\n\n\n<h3 class=\"wp-block-heading has-vivid-red-color has-text-color has-link-color wp-elements-b386b76cff6d3dfc43832bf3297432e1\"><strong>4. Verbo + Substantivo<\/strong><\/h3>\n\n\n\n<p class=\"has-black-color has-text-color has-link-color wp-elements-6ee0a9421102eef2b7fb7ce7e0e24e94\" style=\"font-size:18px\">Apenas o substantivo vai ao plural.<br><strong>Exemplos:<\/strong><\/p>\n\n\n\n<ul class=\"wp-block-list\">\n<li class=\"has-black-color has-text-color has-link-color wp-elements-4c389b5ea96591cb632bd73eede3250c\" style=\"font-size:18px\">guarda-chuva \u2192 <strong>guarda-chuvas<\/strong><\/li>\n\n\n\n<li class=\"has-black-color has-text-color has-link-color wp-elements-7b65e00e3a60c30267e9718231e4b1ea\" style=\"font-size:18px\">porta-retrato \u2192 <strong>porta-retratos<\/strong><\/li>\n<\/ul>\n\n\n\n<hr class=\"wp-block-separator has-alpha-channel-opacity\"\/>\n\n\n\n<h3 class=\"wp-block-heading has-vivid-red-color has-text-color has-link-color wp-elements-e32ec0fd881de18ddaa8aff9456141b3\"><strong>5. Substantivo + Preposi\u00e7\u00e3o + Substantivo<\/strong><\/h3>\n\n\n\n<p class=\"has-black-color has-text-color has-link-color wp-elements-9b14484e050996aaa1503e75f87c504e\" style=\"font-size:18px\">S\u00f3 o primeiro vai ao plural.<br><strong>Exemplos:<\/strong><\/p>\n\n\n\n<ul class=\"wp-block-list\">\n<li class=\"has-black-color has-text-color has-link-color wp-elements-3d2f0672d426f51d083f69ce599b5448\" style=\"font-size:18px\">p\u00e9-de-moleque \u2192 <strong>p\u00e9s-de-moleque<\/strong><\/li>\n\n\n\n<li class=\"has-black-color has-text-color has-link-color wp-elements-9f8d165b57dff17f8d75cfbae392114a\" style=\"font-size:18px\">cavalo de batalha \u2192 <strong>cavalos de batalha<\/strong><\/li>\n<\/ul>\n\n\n\n<hr class=\"wp-block-separator has-alpha-channel-opacity\"\/>\n\n\n\n<h3 class=\"wp-block-heading has-vivid-red-color has-text-color has-link-color wp-elements-e764194a244843962a7f3c7b8802c0ac\"><strong>6. Verbo + Verbo<\/strong><\/h3>\n\n\n\n<p class=\"has-black-color has-text-color has-link-color wp-elements-d8b9e78b3cbbbe260ad035a187cce42f\" style=\"font-size:18px\">Ficam invari\u00e1veis.<br><strong>Exemplos:<\/strong><\/p>\n\n\n\n<ul class=\"wp-block-list\">\n<li class=\"has-black-color has-text-color has-link-color wp-elements-ccfa6a6e4e7df3a7a08658c96fde8642\" style=\"font-size:18px\">bate-boca \u2192 <strong>bate-boca<\/strong><\/li>\n\n\n\n<li class=\"has-black-color has-text-color has-link-color wp-elements-1d6c800f444942190adbe7d5ba0ea5e5\" style=\"font-size:18px\">corre-corre \u2192 <strong>corre-corre<\/strong><\/li>\n<\/ul>\n\n\n\n<hr class=\"wp-block-separator has-alpha-channel-opacity\"\/>\n\n\n\n<h3 class=\"wp-block-heading has-vivid-red-color has-text-color has-link-color wp-elements-185ead66216d922b20254d51b33969ba\"><strong>7. Palavra invari\u00e1vel + Substantivo<\/strong><\/h3>\n\n\n\n<p class=\"has-black-color has-text-color has-link-color wp-elements-8949c485f4873e13fbd5d7a1edafc687\" style=\"font-size:18px\">S\u00f3 o substantivo vai ao plural.<br><strong>Exemplos:<\/strong><\/p>\n\n\n\n<ul class=\"wp-block-list\">\n<li class=\"has-black-color has-text-color has-link-color wp-elements-295b31f4b4fe17616a075c0c8a29509c\" style=\"font-size:18px\">ex-aluno \u2192 <strong>ex-alunos<\/strong><\/li>\n\n\n\n<li class=\"has-black-color has-text-color has-link-color wp-elements-014d8e85d46932607f246fde3dea3553\" style=\"font-size:18px\">vice-presidente \u2192 <strong>vice-presidentes<\/strong><\/li>\n<\/ul>\n\n\n\n<p class=\"has-black-color has-text-color has-link-color wp-elements-c005b7f7debd8d9b88733b290299ed2c\" style=\"font-size:18px\"><strong>Observa\u00e7\u00e3o: <\/strong>quando a palavra &#8220;vice&#8221; estiver sozinha na ora\u00e7\u00e3o, ela ir\u00e1 para o plural.<br><strong>Exemplos:<\/strong><\/p>\n\n\n\n<p class=\"has-black-color has-text-color has-link-color wp-elements-d799ea08c3d39ed3134062f1d0da49ff\" style=\"font-size:18px\"><em>Todos os candidatos a Presidente j\u00e1 escolheram os seus vices<\/em>.<\/p>\n\n\n\n<hr class=\"wp-block-separator has-alpha-channel-opacity\"\/>\n\n\n\n<h3 class=\"wp-block-heading has-vivid-red-color has-text-color has-link-color wp-elements-718ddc07908ff1c23eca6b7f8c786caf\"><strong>8. Palavras repetidas ou com sentido unit\u00e1rio<\/strong><\/h3>\n\n\n\n<p class=\"has-black-color has-text-color has-link-color wp-elements-75f9262139ff3c5eecc1751e6d5ec0b8\" style=\"font-size:18px\">S\u00f3 o segundo termo vai ao plural.<br><strong>Exemplos:<\/strong><\/p>\n\n\n\n<ul class=\"wp-block-list\">\n<li class=\"has-black-color has-text-color has-link-color wp-elements-05d6cc98f351556eac47ad30bfa44b93\" style=\"font-size:18px\">beija-flor \u2192 <strong>beija-flores<\/strong><\/li>\n\n\n\n<li class=\"has-black-color has-text-color has-link-color wp-elements-232bd2cbce9d98d200be324645bbdc38\" style=\"font-size:18px\">tira-gosto \u2192 <strong>tira-gostos<\/strong><\/li>\n<\/ul>\n","protected":false},"excerpt":{"rendered":"<p>1. Substantivo + Substantivo Ambos v\u00e3o ao plural.Exemplo: 2. Substantivo + Adjetivo Ambos v\u00e3o ao plural.Exemplos: 3. Adjetivo + Substantivo Ambos v\u00e3o ao plural.Exemplos: 4. Verbo + Substantivo Apenas o substantivo vai ao plural.Exemplos: 5. Substantivo + Preposi\u00e7\u00e3o + Substantivo S\u00f3 o primeiro vai ao plural.Exemplos: 6. Verbo + Verbo Ficam invari\u00e1veis.Exemplos: 7. Palavra invari\u00e1vel [&hellip;]<\/p>\n","protected":false},"author":1,"featured_media":0,"parent":0,"menu_order":0,"comment_status":"closed","ping_status":"closed","template":"","meta":{"footnotes":""},"class_list":["post-278","page","type-page","status-publish","hentry"],"_links":{"self":[{"href":"https:\/\/ligadonoportugues.com.br\/index.php\/wp-json\/wp\/v2\/pages\/278","targetHints":{"allow":["GET"]}}],"collection":[{"href":"https:\/\/ligadonoportugues.com.br\/index.php\/wp-json\/wp\/v2\/pages"}],"about":[{"href":"https:\/\/ligadonoportugues.com.br\/index.php\/wp-json\/wp\/v2\/types\/page"}],"author":[{"embeddable":true,"href":"https:\/\/ligadonoportugues.com.br\/index.php\/wp-json\/wp\/v2\/users\/1"}],"replies":[{"embeddable":true,"href":"https:\/\/ligadonoportugues.com.br\/index.php\/wp-json\/wp\/v2\/comments?post=278"}],"version-history":[{"count":12,"href":"https:\/\/ligadonoportugues.com.br\/index.php\/wp-json\/wp\/v2\/pages\/278\/revisions"}],"predecessor-version":[{"id":571,"href":"https:\/\/ligadonoportugues.com.br\/index.php\/wp-json\/wp\/v2\/pages\/278\/revisions\/571"}],"wp:attachment":[{"href":"https:\/\/ligadonoportugues.com.br\/index.php\/wp-json\/wp\/v2\/media?parent=278"}],"curies":[{"name":"wp","href":"https:\/\/api.w.org\/{rel}","templated":true}]}}