{"id":29,"date":"2025-06-10T19:06:21","date_gmt":"2025-06-10T22:06:21","guid":{"rendered":"https:\/\/ligadonoportugues.com.br\/?page_id=29"},"modified":"2025-06-13T12:10:48","modified_gmt":"2025-06-13T15:10:48","slug":"semantica","status":"publish","type":"page","link":"https:\/\/ligadonoportugues.com.br\/index.php\/semantica\/","title":{"rendered":"Sem\u00e2ntica"},"content":{"rendered":"\n<h3 class=\"wp-block-heading has-vivid-red-color has-text-color has-link-color wp-elements-97a448fc24451468c3e3ac6b627ca8ae\"><strong>1. O que \u00e9 Sem\u00e2ntica?<\/strong><\/h3>\n\n\n\n<p class=\"has-black-color has-text-color has-link-color wp-elements-74aa1e84e99edd99a8594dfc9fcc124e\" style=\"font-size:18px\">Sem\u00e2ntica \u00e9 o ramo da lingu\u00edstica que estuda o <strong>significado das palavras, das frases e dos textos<\/strong>. Em outras palavras, ela se preocupa com o <strong>sentido que constru\u00edmos<\/strong> ao usar a linguagem. Entender sem\u00e2ntica \u00e9 essencial para interpretar corretamente o que lemos, ouvimos ou dizemos.<\/p>\n\n\n\n<h3 class=\"wp-block-heading has-vivid-red-color has-text-color has-link-color wp-elements-738fabd7af3480c418239e993934981c\"><strong>2. Tipos de Significado<\/strong><\/h3>\n\n\n\n<p class=\"has-black-color has-text-color has-link-color wp-elements-ac3700116e8ac17662b046ca36dc494c\" style=\"font-size:18px\">As palavras podem apresentar <strong>sentido literal<\/strong> (objetivo) ou <strong>sentido figurado<\/strong> (subjetivo ou simb\u00f3lico).<\/p>\n\n\n\n<ul class=\"wp-block-list\">\n<li class=\"has-black-color has-text-color has-link-color wp-elements-c5c7f891a2138dfaab07b70a0d7bf55d\" style=\"font-size:18px\"><strong>Denota\u00e7\u00e3o<\/strong> \u00e9 o uso da palavra em seu <strong>sentido exato<\/strong>, como encontramos no dicion\u00e1rio.<\/li>\n\n\n\n<li class=\"has-black-color has-text-color has-link-color wp-elements-3f2f2715e79e3892b4dc0d730f7816e7\" style=\"font-size:18px\"><strong>Conota\u00e7\u00e3o<\/strong> \u00e9 o uso da palavra com um <strong>sentido mais criativo, simb\u00f3lico ou emocional<\/strong>.<\/li>\n<\/ul>\n\n\n\n<p class=\"has-black-color has-text-color has-link-color wp-elements-7bb39f3d3b25a3d274cbe7021b61c683\" style=\"font-size:18px\"><strong>Exemplos:<\/strong><\/p>\n\n\n\n<p class=\"has-black-color has-text-color has-link-color wp-elements-1a1f6f5a1d437307e3d09ab40989e74e\" style=\"font-size:18px\"><strong>Conota\u00e7\u00e3o:<\/strong> <em>\u201cEla tem um cora\u00e7\u00e3o de pedra.\u201d<\/em> (frieza emocional)<\/p>\n\n\n\n<p class=\"has-black-color has-text-color has-link-color wp-elements-22acd64e2848df202b087af2129af4ab\" style=\"font-size:18px\"><strong>Denota\u00e7\u00e3o: <\/strong><em>\u201cEla tem um cora\u00e7\u00e3o saud\u00e1vel.\u201d<\/em><\/p>\n\n\n\n<h3 class=\"wp-block-heading has-vivid-red-color has-text-color has-link-color wp-elements-58b33f2add84c0a9711710e34adeabff\"><strong>3. Rela\u00e7\u00f5es de Sentido entre Palavras<\/strong><\/h3>\n\n\n\n<p class=\"has-black-color has-text-color has-link-color wp-elements-21f0b726749e7b9be09d6d920ad199c3\" style=\"font-size:18px\">A sem\u00e2ntica tamb\u00e9m estuda como as palavras se relacionam entre si:<\/p>\n\n\n\n<p class=\"has-black-color has-text-color has-link-color wp-elements-66de45c68f26265bcc2ffd90b8146a73\" style=\"font-size:18px\"><strong>Paron\u00edmia:<\/strong> palavras <strong>parecidas na escrita e no som<\/strong>, mas com sentidos distintos.<br><em>Ex.: descri\u00e7\u00e3o \/ discri\u00e7\u00e3o<\/em><\/p>\n\n\n\n<p class=\"has-black-color has-text-color has-link-color wp-elements-a684d8b89601b66752640353006b4d16\" style=\"font-size:18px\"><strong>Sinon\u00edmia:<\/strong> palavras com significados iguais ou semelhantes.<br><em>Ex.: bonito \/ belo<\/em><\/p>\n\n\n\n<p class=\"has-black-color has-text-color has-link-color wp-elements-116f0563b358fcb10e6b50a42474d84b\" style=\"font-size:18px\"><strong>Ant\u00f4nimia:<\/strong> palavras com significados opostos.<br><em>Ex.: alto \/ baixo<\/em><\/p>\n\n\n\n<p class=\"has-black-color has-text-color has-link-color wp-elements-4a971cf7a103f7eec9b3d0562b3572ae\" style=\"font-size:18px\"><strong>Homon\u00edmia:<\/strong> palavras com <strong>mesma pron\u00fancia ou grafia<\/strong>, mas significados diferentes.<br><em>Ex.: manga (fruta) \/ manga (roupa)<\/em><\/p>\n\n\n\n<h3 class=\"wp-block-heading has-vivid-red-color has-text-color has-link-color wp-elements-24c1050011ebd5cc21580f2286f65061\"><strong>4. Ambiguidade<\/strong><\/h3>\n\n\n\n<p class=\"has-black-color has-text-color has-link-color wp-elements-f6b21bc6f8520882bdd7f69e7da282c4\" style=\"font-size:18px\">Ambiguidade \u00e9 quando uma frase permite <strong>mais de uma interpreta\u00e7\u00e3o<\/strong>, o que pode causar confus\u00e3o. Ela pode ocorrer por falta de pontua\u00e7\u00e3o adequada, m\u00e1 escolha de palavras ou estrutura gramatical duvidosa.<\/p>\n\n\n\n<p class=\"has-black-color has-text-color has-link-color wp-elements-f628738bc5a3e9568e5c7c250919f80a\" style=\"font-size:18px\"><strong>Exemplo:<\/strong><\/p>\n\n\n\n<p class=\"has-black-color has-text-color has-link-color wp-elements-f1b2f3da0f1ba812fb711dd23afa4735\" style=\"font-size:18px\"><em>\u201cVi o homem com bin\u00f3culos.\u201d<\/em><br>(Quem est\u00e1 com os bin\u00f3culos: eu ou o homem?)<\/p>\n\n\n\n<p class=\"has-black-color has-text-color has-link-color wp-elements-6f78a6392cfbb2c2ef3311be3e55ae27\" style=\"font-size:18px\"><em>&#8220;Daniela comeu um chocolate e sua irm\u00e3 tamb\u00e9m.&#8221;<\/em> <\/p>\n\n\n\n<p class=\"has-black-color has-text-color has-link-color wp-elements-5cf9e7f3073ff608dd06cb445bed3272\" style=\"font-size:18px\">(Daniela e a irm\u00e3 dela comeram um doce ou Daniela comeu o doce e a irm\u00e3?)<\/p>\n\n\n\n<p class=\"has-black-color has-text-color has-link-color wp-elements-52c449ab9e427954f794c5fc94ff48a5\" style=\"font-size:18px\">Evitar ambiguidade \u00e9 importante para uma comunica\u00e7\u00e3o clara.<\/p>\n\n\n\n<h3 class=\"wp-block-heading has-vivid-red-color has-text-color has-link-color wp-elements-dd7e53b7256d7a69992bda593b14a44d\"><strong>5. Polissemia e Monossemia<\/strong><\/h3>\n\n\n\n<p class=\"has-black-color has-text-color has-link-color wp-elements-31fa7dc7bad29cea87be54b9b4b80f05\" style=\"font-size:18px\"><strong>Monossemia<\/strong> \u00e9 quando uma palavra tem <strong>um \u00fanico sentido<\/strong>, geralmente em contextos t\u00e9cnicos ou cient\u00edficos.<\/p>\n\n\n\n<p class=\"has-black-color has-text-color has-link-color wp-elements-6094027ddf5474344d204eaf7abb3791\" style=\"font-size:18px\"><em>\u201chemat\u00f3crito\u201d (termo m\u00e9dico)<\/em><\/p>\n\n\n\n<p class=\"has-black-color has-text-color has-link-color wp-elements-d6f30ab9421d4086e1aadb6cf03d381a\" style=\"font-size:18px\"><strong>Polissemia<\/strong> \u00e9 quando uma mesma palavra tem <strong>v\u00e1rios significados<\/strong>, dependendo do contexto.<\/p>\n\n\n\n<p class=\"has-black-color has-text-color has-link-color wp-elements-2dadb716f3856e7861194b729a6b571e\" style=\"font-size:18px\"><em>\u201cbanco\u201d pode ser institui\u00e7\u00e3o financeira ou assento.<\/em><\/p>\n\n\n\n<h3 class=\"wp-block-heading has-vivid-red-color has-text-color has-link-color wp-elements-22318149971aee564db316f132a48ffc\"><strong>6. Campo Sem\u00e2ntico e Campo Lexical<\/strong><\/h3>\n\n\n\n<p class=\"has-black-color has-text-color has-link-color wp-elements-e4855e23aacd884b3befe8cf1c469b37\" style=\"font-size:18px\">Campo sem\u00e2ntico \u00e9 o conjunto de significados que uma mesma palavra pode ter.<\/p>\n\n\n\n<p class=\"has-black-color has-text-color has-link-color wp-elements-d54934e6051ddd0fcc3bb42dfbb47e33\" style=\"font-size:18px\">Exemplo: \u201ccabe\u00e7a\u201d pode se referir \u00e0 parte do corpo, \u00e0 lideran\u00e7a (cabe\u00e7a do grupo), etc.<\/p>\n\n\n\n<ol start=\"6\" class=\"wp-block-list\"><\/ol>\n\n\n\n<p class=\"has-black-color has-text-color has-link-color wp-elements-6097cfb9e0a3bf9b0cfda20e5c73d91d\" style=\"font-size:18px\">Campo lexical \u00e9 o conjunto de palavras relacionadas a um mesmo tema ou assunto.<\/p>\n\n\n\n<p class=\"has-black-color has-text-color has-link-color wp-elements-9fdcfe1e019f080c1e12bfec15b1fe47\" style=\"font-size:18px\">Exemplo: no campo lexical de \u201cescola\u201d, temos: aluno, professor, sala, quadro, li\u00e7\u00e3o.<\/p>\n\n\n\n<h3 class=\"wp-block-heading has-vivid-red-color has-text-color has-link-color wp-elements-89ff3ccc3333d5cc8b96c08987f05955\"><strong>7. Sem\u00e2ntica e Comunica\u00e7\u00e3o<\/strong><\/h3>\n\n\n\n<p class=\"has-black-color has-text-color has-link-color wp-elements-452e7b914755019dec61cd6965b36ad3\" style=\"font-size:18px\">O contexto em que uma palavra ou frase \u00e9 usada pode alterar completamente o seu sentido. Por isso, a sem\u00e2ntica est\u00e1 intimamente ligada \u00e0 interpreta\u00e7\u00e3o e \u00e0 inten\u00e7\u00e3o do falante. Exemplos:<\/p>\n\n\n\n<ol start=\"7\" class=\"wp-block-list\"><\/ol>\n\n\n\n<p class=\"has-black-color has-text-color has-link-color wp-elements-a17863371bbcfe5e12e144a20e74ad4b\" style=\"font-size:18px\"><em>\u201cEle quebrou a cara.\u201d<\/em> \u2192 Literal ou figurado?<\/p>\n\n\n\n<p class=\"has-black-color has-text-color has-link-color wp-elements-9c0ff87f413a499af11a3429177ccd86\" style=\"font-size:18px\"><em>\u201cVoc\u00ea \u00e9 fogo!\u201d<\/em> \u2192 Pode ser elogio ou cr\u00edtica, dependendo do tom e da situa\u00e7\u00e3o.<\/p>\n\n\n\n<h2 class=\"wp-block-heading has-text-align-center has-text-color has-link-color wp-elements-7805361d0782bf886fb0942ac9f57a19\" style=\"color:#0c5d03\"><strong>Exerc\u00edcios de Fixa\u00e7\u00e3o de Conte\u00fado<\/strong><\/h2>\n\n\n\n<p class=\"has-black-color has-text-color has-link-color wp-elements-0941266fb021b4efe9cd0b470369a8b2\" style=\"font-size:18px\"><strong>1. Assinale a alternativa em que as palavras destacadas s\u00e3o sin\u00f4nimas.<\/strong><br>A) Ele <strong>negou<\/strong> ajuda, mas depois <strong>cedeu<\/strong>.<br>B) O sol <strong>nasceu<\/strong> e os p\u00e1ssaros <strong>cantaram<\/strong>.<br>C) Ela <strong>respondeu<\/strong> calmamente, ou seja, de forma <strong>tranquila<\/strong>.<br>D) O m\u00e9dico <strong>receitou<\/strong> e o paciente <strong>comprou<\/strong> o rem\u00e9dio.<\/p>\n\n\n\n<hr class=\"wp-block-separator has-alpha-channel-opacity\"\/>\n\n\n\n<p class=\"has-black-color has-text-color has-link-color wp-elements-b2597f19f3ffd1a4279ba9fa5ca92d32\" style=\"font-size:18px\"><strong>2. Assinale a alternativa em que as palavras destacadas s\u00e3o ant\u00f4nimas.<\/strong><br>A) O aluno era <strong>pontual<\/strong> e sempre chegava no <strong>hor\u00e1rio<\/strong>.<br>B) O tempo estava <strong>inst\u00e1vel<\/strong> e o clima <strong>mudava<\/strong> a todo momento.<br>C) A mo\u00e7a era muito <strong>gentil<\/strong> e <strong>atenciosa<\/strong> com todos.<br>D) O rapaz \u00e9 muito <strong>generoso<\/strong>, ao contr\u00e1rio do irm\u00e3o, que \u00e9 bem <strong>ego\u00edsta<\/strong>.<\/p>\n\n\n\n<hr class=\"wp-block-separator has-alpha-channel-opacity\"\/>\n\n\n\n<p class=\"has-black-color has-text-color has-link-color wp-elements-0945796fea618003491f94c5832068e2\" style=\"font-size:18px\"><strong>3. Marque a alternativa que apresenta palavras par\u00f4nimas:<\/strong><br>A) mau \/ mal<br>B) sess\u00e3o \/ se\u00e7\u00e3o<br>C) acento \/ assento<br>D) todas as anteriores<\/p>\n\n\n\n<hr class=\"wp-block-separator has-alpha-channel-opacity\"\/>\n\n\n\n<p class=\"has-black-color has-text-color has-link-color wp-elements-acf77ab63a8ecb88b7d9675179a248d6\" style=\"font-size:18px\"><strong>4. Em qual alternativa h\u00e1 um exemplo de hom\u00f4nimos perfeitos?<\/strong><br>A) Manga (fruta) \/ manga (roupa)<br>B) Cela (pris\u00e3o) \/ sela (arreio)<br>C) Soar (emitir som) \/ suar (transpirar)<br>D) Tachar (atribuir) \/ taxar (impor tributo)<\/p>\n\n\n\n<hr class=\"wp-block-separator has-alpha-channel-opacity\"\/>\n\n\n\n<p class=\"has-black-color has-text-color has-link-color wp-elements-10fa669f5243aed16923812caac2ff17\" style=\"font-size:18px\"><strong>5. A frase \u201cEla tem um cora\u00e7\u00e3o de pedra\u201d \u00e9 um exemplo de:<\/strong><br>A) Denota\u00e7\u00e3o<br>B) Conota\u00e7\u00e3o<br>C) Sinon\u00edmia<br>D) Ambiguidade<\/p>\n\n\n\n<hr class=\"wp-block-separator has-alpha-channel-opacity\"\/>\n\n\n\n<p class=\"has-black-color has-text-color has-link-color wp-elements-5691d452d1002e0936aa192b81a764e5\" style=\"font-size:18px\"><strong>6. Qual frase \u00e9 amb\u00edgua?<\/strong><br>A) O gato da vizinha sumiu ontem.<br>B) Pedro viu o homem com o bin\u00f3culo.<br>C) A menina brincava de boneca.<br>D) N\u00f3s estudamos para a prova de portugu\u00eas.<\/p>\n\n\n\n<hr class=\"wp-block-separator has-alpha-channel-opacity\"\/>\n\n\n\n<p class=\"has-black-color has-text-color has-link-color wp-elements-d2d707e9ce2cea284f5b29720471c2cf\" style=\"font-size:18px\"><strong>7. A palavra \u201cbanco\u201d \u00e9 poliss\u00eamica. Assinale a alternativa em que ela foi usada com sentido diferente:<\/strong><br>A) Ele guardou dinheiro no banco.<br>B) Sentou-se no banco da pra\u00e7a.<br>C) O banco ofereceu cr\u00e9dito especial.<br>D) O banco fechou \u00e0s quatro da tarde.<\/p>\n\n\n\n<hr class=\"wp-block-separator has-alpha-channel-opacity\"\/>\n\n\n\n<p class=\"has-black-color has-text-color has-link-color wp-elements-caa6f63b3050e3a11f77cd697a903140\" style=\"font-size:18px\"><strong>8. Qual das palavras N\u00c3O pertence ao campo lexical de \u201chospital\u201d?<\/strong><br>A) Enfermeiro<br>B) Inje\u00e7\u00e3o<br>C) Tabuleiro<br>D) Prontu\u00e1rio<\/p>\n\n\n\n<hr class=\"wp-block-separator has-alpha-channel-opacity\"\/>\n\n\n\n<p class=\"has-black-color has-text-color has-link-color wp-elements-72b3b515a722ce53863a48f97adcfdc7\" style=\"font-size:18px\"><strong>9. A palavra \u201ccabe\u00e7a\u201d pode ter v\u00e1rios sentidos. Em qual frase ela \u00e9 usada com sentido de lideran\u00e7a?<\/strong><br>A) Bateu com a cabe\u00e7a no arm\u00e1rio.<br>B) A cabe\u00e7a da turma organizou tudo.<br>C) A crian\u00e7a desenhou uma cabe\u00e7a engra\u00e7ada.<br>D) A cabe\u00e7a estava doendo muito.<\/p>\n\n\n\n<hr class=\"wp-block-separator has-alpha-channel-opacity\"\/>\n\n\n\n<p class=\"has-black-color has-text-color has-link-color wp-elements-8a631103d9325b2ab9016ce447044abb\" style=\"font-size:18px\"><strong>10. Marque a alternativa em que a palavra &#8220;fogo&#8221; est\u00e1 em sentido figurado:<\/strong><br>A) O fogo destruiu a floresta.<br>B) Acenderam o fogo para cozinhar.<br>C) Ele \u00e9 fogo: n\u00e3o para quieto!<br>D) O fogo queimou a ponta do papel.<\/p>\n\n\n\n<hr class=\"wp-block-separator has-alpha-channel-opacity\"\/>\n\n\n\n<p class=\"has-black-color has-text-color has-link-color wp-elements-a9d4d19c59bc839c6d4d6c43caaa89c9\" style=\"font-size:18px\"><strong>11. Leia o texto abaixo e responda:<\/strong><\/p>\n\n\n\n<blockquote class=\"wp-block-quote is-layout-flow wp-block-quote-is-layout-flow\">\n<p class=\"has-black-color has-text-color has-link-color wp-elements-1aa80495e8667edd89ecadcd7523913d\" style=\"font-size:18px\"><em>A menina olhou para o amigo e disse: \u201cVoc\u00ea \u00e9 um anjo!\u201d. Ele sorriu, entendendo o carinho nas palavras.<\/em><\/p>\n<\/blockquote>\n\n\n\n<p class=\"has-black-color has-text-color has-link-color wp-elements-f3ff313bf531a8a9ba0c97038650c4b4\" style=\"font-size:18px\"><strong>O trecho apresenta um exemplo de linguagem:<br><\/strong>A) Denotativa<br>B) T\u00e9cnica<br>C) Conotativa<br>D) Amb\u00edgua<\/p>\n\n\n\n<hr class=\"wp-block-separator has-alpha-channel-opacity\"\/>\n\n\n\n<p class=\"has-black-color has-text-color has-link-color wp-elements-76f78501feb097925c4c0d8175048729\" style=\"font-size:18px\"><strong>12. Leia o texto:<\/strong><\/p>\n\n\n\n<blockquote class=\"wp-block-quote is-layout-flow wp-block-quote-is-layout-flow\">\n<p><em>O atleta estava suando muito. Ao sair da quadra, sentou-se no banco e pediu um copo d\u2019\u00e1gua.<\/em><\/p>\n<\/blockquote>\n\n\n\n<p class=\"has-black-color has-text-color has-link-color wp-elements-6d2c2756beee44667bfbc32752a3ef30\" style=\"font-size:18px\"><strong>A palavra &#8220;<mark style=\"background-color:rgba(0, 0, 0, 0)\" class=\"has-inline-color has-vivid-red-color\"><em>banco<\/em><\/mark>&#8221; no texto tem o sentido de:<\/strong><br>A) Institui\u00e7\u00e3o financeira<br>B) Assento<br>C) Conjunto de dados<br>D) \u00c1rea de areia no mar<\/p>\n\n\n\n<hr class=\"wp-block-separator has-alpha-channel-opacity\"\/>\n\n\n\n<p class=\"has-black-color has-text-color has-link-color wp-elements-33b7d7fae2c7e57af65364799717b278\" style=\"font-size:18px\"><strong>13. Leia o trecho abaixo:<\/strong><\/p>\n\n\n\n<blockquote class=\"wp-block-quote is-layout-flow wp-block-quote-is-layout-flow\">\n<p class=\"has-black-color has-text-color has-link-color wp-elements-83c2027d57872a928c4c1733d1973302\" style=\"font-size:18px\"><em>A aluna ficou nervosa e fez uma descri\u00e7\u00e3o detalhada da situa\u00e7\u00e3o, sem perder a discri\u00e7\u00e3o que lhe era natural.<\/em><\/p>\n<\/blockquote>\n\n\n\n<p class=\"has-black-color has-text-color has-link-color wp-elements-00f15021ea8c6368761992efb488b375\" style=\"font-size:18px\"><strong>As palavras destacadas s\u00e3o:<br><\/strong>A) Hom\u00f4nimas<br>B) Ant\u00f4nimas<br>C) Par\u00f4nimas<br>D) Sin\u00f4nimas<\/p>\n\n\n\n<hr class=\"wp-block-separator has-alpha-channel-opacity\"\/>\n\n\n\n<p class=\"has-black-color has-text-color has-link-color wp-elements-ead79c6816c9f61e280be993527b3128\" style=\"font-size:18px\"><strong>14. Leia o trecho:<\/strong><\/p>\n\n\n\n<blockquote class=\"wp-block-quote is-layout-flow wp-block-quote-is-layout-flow\">\n<p class=\"has-black-color has-text-color has-link-color wp-elements-da774ada3d82f1f9209609b1a12bfb10\" style=\"font-size:18px\"><em>O cantor entrou no palco, pegou o microfone e gritou: \u201cVoc\u00eas s\u00e3o meu combust\u00edvel!\u201d.<\/em><\/p>\n<\/blockquote>\n\n\n\n<p class=\"has-black-color has-text-color has-link-color wp-elements-f7a045b942f44bb1bafe5d4307d4e13e\" style=\"font-size:18px\"><strong>A palavra <em><mark style=\"background-color:rgba(0, 0, 0, 0)\" class=\"has-inline-color has-vivid-red-color\">&#8220;combust\u00edvel&#8221;<\/mark><\/em>, nesse contexto, foi usada com:<br><\/strong>A) Sentido denotativo<br>B) Erro sem\u00e2ntico<br>C) Sentido t\u00e9cnico<br>D) Sentido conotativo<\/p>\n\n\n\n<hr class=\"wp-block-separator has-alpha-channel-opacity\"\/>\n\n\n\n<p class=\"has-black-color has-text-color has-link-color wp-elements-083bfb0e88e54db72b9b9cf51e7c7d6b\" style=\"font-size:18px\"><strong>15. Leia o trecho abaixo:<\/strong><\/p>\n\n\n\n<blockquote class=\"wp-block-quote is-layout-flow wp-block-quote-is-layout-flow\">\n<p class=\"has-black-color has-text-color has-link-color wp-elements-e2e50f7a9671ceb1ad62b53fe97113de\" style=\"font-size:18px\"><em>Depois da tempestade, a situa\u00e7\u00e3o melhorou, mas o clima ainda era de incerteza.<\/em><\/p>\n<\/blockquote>\n\n\n\n<p class=\"has-black-color has-text-color has-link-color wp-elements-3e76773640c278acf21889d07384670f\" style=\"font-size:18px\"><strong>A palavra <mark style=\"background-color:rgba(0, 0, 0, 0)\" class=\"has-inline-color has-vivid-red-color\"><em>&#8220;tempestade&#8221;<\/em><\/mark>, no trecho acima, pode ter sido usada tamb\u00e9m com sentido:<br><\/strong>A) Matem\u00e1tico<br>B) Figurativo<br>C) Meteorol\u00f3gico apenas<br>D) Desnecess\u00e1rio<\/p>\n\n\n\n<hr class=\"wp-block-separator has-alpha-channel-opacity\"\/>\n\n\n\n<p class=\"has-black-color has-text-color has-link-color wp-elements-5e7095b9d668ecf01c7e3d2e6fc258b4\" style=\"font-size:9px\"><strong>GABARITO:<\/strong> 1. C; 2. D; 3. D; 4. A; 5. B; 6. B; 7. B; 8. C; 9. B; 10. C; 11. C; 12. B; 13. C; 14. D; 15. B<\/p>\n","protected":false},"excerpt":{"rendered":"<p>1. O que \u00e9 Sem\u00e2ntica? Sem\u00e2ntica \u00e9 o ramo da lingu\u00edstica que estuda o significado das palavras, das frases e dos textos. Em outras palavras, ela se preocupa com o sentido que constru\u00edmos ao usar a linguagem. Entender sem\u00e2ntica \u00e9 essencial para interpretar corretamente o que lemos, ouvimos ou dizemos. 2. Tipos de Significado As [&hellip;]<\/p>\n","protected":false},"author":1,"featured_media":0,"parent":0,"menu_order":0,"comment_status":"closed","ping_status":"closed","template":"","meta":{"footnotes":""},"class_list":["post-29","page","type-page","status-publish","hentry"],"_links":{"self":[{"href":"https:\/\/ligadonoportugues.com.br\/index.php\/wp-json\/wp\/v2\/pages\/29","targetHints":{"allow":["GET"]}}],"collection":[{"href":"https:\/\/ligadonoportugues.com.br\/index.php\/wp-json\/wp\/v2\/pages"}],"about":[{"href":"https:\/\/ligadonoportugues.com.br\/index.php\/wp-json\/wp\/v2\/types\/page"}],"author":[{"embeddable":true,"href":"https:\/\/ligadonoportugues.com.br\/index.php\/wp-json\/wp\/v2\/users\/1"}],"replies":[{"embeddable":true,"href":"https:\/\/ligadonoportugues.com.br\/index.php\/wp-json\/wp\/v2\/comments?post=29"}],"version-history":[{"count":24,"href":"https:\/\/ligadonoportugues.com.br\/index.php\/wp-json\/wp\/v2\/pages\/29\/revisions"}],"predecessor-version":[{"id":567,"href":"https:\/\/ligadonoportugues.com.br\/index.php\/wp-json\/wp\/v2\/pages\/29\/revisions\/567"}],"wp:attachment":[{"href":"https:\/\/ligadonoportugues.com.br\/index.php\/wp-json\/wp\/v2\/media?parent=29"}],"curies":[{"name":"wp","href":"https:\/\/api.w.org\/{rel}","templated":true}]}}