{"id":324,"date":"2025-06-11T21:21:00","date_gmt":"2025-06-12T00:21:00","guid":{"rendered":"https:\/\/ligadonoportugues.com.br\/?page_id=324"},"modified":"2025-06-13T10:16:44","modified_gmt":"2025-06-13T13:16:44","slug":"conjuncoes-coordenativas","status":"publish","type":"page","link":"https:\/\/ligadonoportugues.com.br\/index.php\/conjuncoes-coordenativas\/","title":{"rendered":"Conjun\u00e7\u00f5es Coordenativas"},"content":{"rendered":"\n<p class=\"has-black-color has-text-color has-link-color wp-elements-2d752303201a7d0f9355dd477ddfae62\" style=\"font-size:18px\">As <strong>conjun\u00e7\u00f5es coordenativas<\/strong> ligam <strong>ora\u00e7\u00f5es independentes<\/strong> (ou seja, que t\u00eam sentido completo sozinhas). S\u00e3o cinco os tipos principais:<\/p>\n\n\n\n<h3 class=\"wp-block-heading has-vivid-red-color has-text-color has-link-color wp-elements-544249597befb2523a4ca29e10d7d260\"><strong>1. Aditivas<\/strong><\/h3>\n\n\n\n<p class=\"has-black-color has-text-color has-link-color wp-elements-99193a0033722b7938a69a7792d3564e\" style=\"font-size:18px\">Expressam <strong>adi\u00e7\u00e3o de ideias<\/strong>.<br><strong>Exemplos:<\/strong> e, nem, mas tamb\u00e9m, como tamb\u00e9m, n\u00e3o s\u00f3&#8230; como tamb\u00e9m.<br><em>Ela estuda <strong>e<\/strong> trabalha.<\/em><br><em>N\u00e3o falou <strong>nem<\/strong> avisou.<\/em><br><em><strong>N\u00e3o s\u00f3<\/strong> a comida n\u00e3o s\u00f3 estava gostosa, <strong>como tamb\u00e9m<\/strong> muito bem servida.<\/em><\/p>\n\n\n\n<h3 class=\"wp-block-heading has-vivid-red-color has-text-color has-link-color wp-elements-e633ee99d5cedd8641e458e1c8b14ab8\"><strong>2. Adversativas<\/strong><\/h3>\n\n\n\n<p class=\"has-black-color has-text-color has-link-color wp-elements-e4e68b759cdcd021469307eaf150d77a\" style=\"font-size:18px\">Expressam <strong>oposi\u00e7\u00e3o ou contraste<\/strong>.<br><strong>Exemplos:<\/strong> mas, por\u00e9m, contudo, todavia, entretanto, no entanto, n\u00e3o obstante<br><em>Estudou muito, <strong>mas<\/strong> n\u00e3o passou.<\/em><br><em>Queria sair, <strong>por\u00e9m<\/strong> estava chovendo.<\/em><\/p>\n\n\n\n<h3 class=\"wp-block-heading has-vivid-red-color has-text-color has-link-color wp-elements-9d489e8c973ba76baff0b71430bf8d48\"><strong>3. Alternativas<\/strong><\/h3>\n\n\n\n<p class=\"has-black-color has-text-color has-link-color wp-elements-e2254a1d018cbaa08cb2b05e7f10bb30\" style=\"font-size:18px\">Indicam <strong>altern\u00e2ncia ou escolha<\/strong>.<br><strong>Exemplos:<\/strong> ou, ou&#8230;ou, ora&#8230;ora, quer&#8230;quer, seja&#8230;seja<br><em><strong>Ou<\/strong> voc\u00ea estuda, <strong>ou<\/strong> n\u00e3o vai passar.<\/em><br><em><strong>Ora<\/strong> chorava, <strong>ora<\/strong> sorria.<\/em><br><em><strong>Quer c<\/strong>hova, <strong>quer <\/strong>fa\u00e7a sol, vamos \u00e0 praia.<\/em><\/p>\n\n\n\n<h3 class=\"wp-block-heading has-vivid-red-color has-text-color has-link-color wp-elements-9f3302fff540f2b40e07aad818a7be50\"><strong>4. Conclusivas<\/strong><\/h3>\n\n\n\n<p class=\"has-black-color has-text-color has-link-color wp-elements-20d652fb272373ed59866a9fd874fa45\" style=\"font-size:18px\">Expressam <strong>conclus\u00e3o, consequ\u00eancia l\u00f3gica<\/strong>.<br><strong>Exemplos:<\/strong> logo, portanto, por isso, assim, ent\u00e3o<br><em>Estava cansado, <strong>portanto<\/strong> foi dormir cedo.<\/em><br><em>Fez tudo certo, <strong>logo<\/strong> merece nota alta.<\/em><br><em>O tr\u00e2nsito estava muito complicado, <strong>por isso<\/strong> ele chegou atrasado para a reuni\u00e3o.<\/em><\/p>\n\n\n\n<h3 class=\"wp-block-heading has-vivid-red-color has-text-color has-link-color wp-elements-c1ed8e859e699f49ef3d420c949a950a\"><strong>5. Explicativas<\/strong><\/h3>\n\n\n\n<p class=\"has-black-color has-text-color has-link-color wp-elements-b68c48b77baab9ae696d3a7311739dee\" style=\"font-size:18px\">Introduzem <strong>explica\u00e7\u00f5es ou justificativas<\/strong>.<br><strong>Exemplos:<\/strong> porque, que, pois (antes do verbo), porquanto<br><em>N\u00e3o v\u00e1, <strong>porque<\/strong> est\u00e1 perigoso.<\/em><br><em>Obede\u00e7a, <strong>pois<\/strong> o regulamento \u00e9 claro.<\/em><\/p>\n","protected":false},"excerpt":{"rendered":"<p>As conjun\u00e7\u00f5es coordenativas ligam ora\u00e7\u00f5es independentes (ou seja, que t\u00eam sentido completo sozinhas). S\u00e3o cinco os tipos principais: 1. Aditivas Expressam adi\u00e7\u00e3o de ideias.Exemplos: e, nem, mas tamb\u00e9m, como tamb\u00e9m, n\u00e3o s\u00f3&#8230; como tamb\u00e9m.Ela estuda e trabalha.N\u00e3o falou nem avisou.N\u00e3o s\u00f3 a comida n\u00e3o s\u00f3 estava gostosa, como tamb\u00e9m muito bem servida. 2. Adversativas Expressam [&hellip;]<\/p>\n","protected":false},"author":1,"featured_media":0,"parent":0,"menu_order":0,"comment_status":"closed","ping_status":"closed","template":"","meta":{"footnotes":""},"class_list":["post-324","page","type-page","status-publish","hentry"],"_links":{"self":[{"href":"https:\/\/ligadonoportugues.com.br\/index.php\/wp-json\/wp\/v2\/pages\/324","targetHints":{"allow":["GET"]}}],"collection":[{"href":"https:\/\/ligadonoportugues.com.br\/index.php\/wp-json\/wp\/v2\/pages"}],"about":[{"href":"https:\/\/ligadonoportugues.com.br\/index.php\/wp-json\/wp\/v2\/types\/page"}],"author":[{"embeddable":true,"href":"https:\/\/ligadonoportugues.com.br\/index.php\/wp-json\/wp\/v2\/users\/1"}],"replies":[{"embeddable":true,"href":"https:\/\/ligadonoportugues.com.br\/index.php\/wp-json\/wp\/v2\/comments?post=324"}],"version-history":[{"count":9,"href":"https:\/\/ligadonoportugues.com.br\/index.php\/wp-json\/wp\/v2\/pages\/324\/revisions"}],"predecessor-version":[{"id":511,"href":"https:\/\/ligadonoportugues.com.br\/index.php\/wp-json\/wp\/v2\/pages\/324\/revisions\/511"}],"wp:attachment":[{"href":"https:\/\/ligadonoportugues.com.br\/index.php\/wp-json\/wp\/v2\/media?parent=324"}],"curies":[{"name":"wp","href":"https:\/\/api.w.org\/{rel}","templated":true}]}}