{"id":38,"date":"2025-06-10T19:08:07","date_gmt":"2025-06-10T22:08:07","guid":{"rendered":"https:\/\/ligadonoportugues.com.br\/?page_id=38"},"modified":"2025-06-24T16:56:10","modified_gmt":"2025-06-24T19:56:10","slug":"duvidas-do-portugues","status":"publish","type":"page","link":"https:\/\/ligadonoportugues.com.br\/index.php\/duvidas-do-portugues\/","title":{"rendered":"D\u00favidas do Portugu\u00eas"},"content":{"rendered":"\n<h3 class=\"wp-block-heading\"><strong>Usos dos PORQU\u00caS<\/strong><\/h3>\n\n\n\n<h3 class=\"wp-block-heading\"><mark style=\"background-color:rgba(0, 0, 0, 0);color:#0002d8\" class=\"has-inline-color\"><a href=\"https:\/\/ligadonoportugues.com.br\/index.php\/diferencas-entre-porque-conjuncao-explicativa-e-casual\/\" target=\"_blank\" rel=\"noreferrer noopener\">Diferen\u00e7as entre PORQUE conjun\u00e7\u00e3o explicativa e causal<\/a><\/mark><\/h3>\n\n\n\n<p><mark style=\"background-color:rgba(0, 0, 0, 0);color:#0002d8\" class=\"has-inline-color\"><strong><a href=\"https:\/\/ligadonoportugues.com.br\/index.php\/diferentes-significados-da-palavra-como\/\" target=\"_blank\" rel=\"noreferrer noopener\">Diferentes significados da palavra &#8220;COMO&#8221;<\/a><\/strong><\/mark><\/p>\n\n\n\n<p><\/p>\n","protected":false},"excerpt":{"rendered":"<p>Usos dos PORQU\u00caS Diferen\u00e7as entre PORQUE conjun\u00e7\u00e3o explicativa e causal Diferentes significados da palavra &#8220;COMO&#8221;<\/p>\n","protected":false},"author":1,"featured_media":0,"parent":0,"menu_order":0,"comment_status":"closed","ping_status":"closed","template":"","meta":{"footnotes":""},"class_list":["post-38","page","type-page","status-publish","hentry"],"_links":{"self":[{"href":"https:\/\/ligadonoportugues.com.br\/index.php\/wp-json\/wp\/v2\/pages\/38","targetHints":{"allow":["GET"]}}],"collection":[{"href":"https:\/\/ligadonoportugues.com.br\/index.php\/wp-json\/wp\/v2\/pages"}],"about":[{"href":"https:\/\/ligadonoportugues.com.br\/index.php\/wp-json\/wp\/v2\/types\/page"}],"author":[{"embeddable":true,"href":"https:\/\/ligadonoportugues.com.br\/index.php\/wp-json\/wp\/v2\/users\/1"}],"replies":[{"embeddable":true,"href":"https:\/\/ligadonoportugues.com.br\/index.php\/wp-json\/wp\/v2\/comments?post=38"}],"version-history":[{"count":7,"href":"https:\/\/ligadonoportugues.com.br\/index.php\/wp-json\/wp\/v2\/pages\/38\/revisions"}],"predecessor-version":[{"id":857,"href":"https:\/\/ligadonoportugues.com.br\/index.php\/wp-json\/wp\/v2\/pages\/38\/revisions\/857"}],"wp:attachment":[{"href":"https:\/\/ligadonoportugues.com.br\/index.php\/wp-json\/wp\/v2\/media?parent=38"}],"curies":[{"name":"wp","href":"https:\/\/api.w.org\/{rel}","templated":true}]}}