{"id":434,"date":"2025-06-12T21:37:14","date_gmt":"2025-06-13T00:37:14","guid":{"rendered":"https:\/\/ligadonoportugues.com.br\/?page_id=434"},"modified":"2025-06-16T14:02:07","modified_gmt":"2025-06-16T17:02:07","slug":"preposicoes-2","status":"publish","type":"page","link":"https:\/\/ligadonoportugues.com.br\/index.php\/preposicoes-2\/","title":{"rendered":"Preposi\u00e7\u00f5es"},"content":{"rendered":"\n<p class=\"has-black-color has-text-color has-link-color wp-elements-84d10370fd0d5cc06661f862c0476b9d\" style=\"font-size:18px\"><strong>Preposi\u00e7\u00e3o<\/strong> \u00e9 uma palavra invari\u00e1vel que <strong>liga dois termos<\/strong> da ora\u00e7\u00e3o, estabelecendo entre eles uma rela\u00e7\u00e3o de <strong>depend\u00eancia e sentido<\/strong> (como causa, lugar, tempo, modo, posse etc.).<\/p>\n\n\n\n<p class=\"has-black-color has-text-color has-link-color wp-elements-ac004421b9127228e8b90be77bad976a\" style=\"font-size:18px\">Exemplos:<\/p>\n\n\n\n<ul class=\"wp-block-list\">\n<li class=\"has-black-color has-text-color has-link-color wp-elements-51eac8603d9f56e8d0e1a67ee37c9150\" style=\"font-size:18px\">O aluno <strong>de<\/strong> portugu\u00eas chegou cedo.<\/li>\n\n\n\n<li class=\"has-black-color has-text-color has-link-color wp-elements-90c7b17cec35d02491785dd2faacdf6d\" style=\"font-size:18px\">Sa\u00edmos <strong>com<\/strong> pressa.<\/li>\n\n\n\n<li class=\"has-black-color has-text-color has-link-color wp-elements-dec0a6ba03e49b5ea8d3e3cf07ae28ab\" style=\"font-size:18px\">Estava escondido <strong>atr\u00e1s da<\/strong> porta.<\/li>\n<\/ul>\n\n\n\n<hr class=\"wp-block-separator has-alpha-channel-opacity\"\/>\n\n\n\n<p class=\"has-vivid-red-color has-text-color has-link-color has-medium-font-size wp-elements-e171ca56fa2ba1220020a4b9ab484c06\"><strong>Principais Tipos de Preposi\u00e7\u00f5es<\/strong><\/p>\n\n\n\n<p class=\"has-black-color has-text-color has-link-color has-medium-font-size wp-elements-1257a29572f0d02f8bf7580cd49bf6ec\"><strong>1. Preposi\u00e7\u00f5es Essenciais<\/strong><\/p>\n\n\n\n<p class=\"has-black-color has-text-color has-link-color wp-elements-b643598159680092844caa89d794e670\" style=\"font-size:18px\">S\u00e3o aquelas que sempre funcionam como preposi\u00e7\u00e3o.<\/p>\n\n\n\n<p class=\"has-black-color has-text-color has-link-color wp-elements-7bb39f3d3b25a3d274cbe7021b61c683\" style=\"font-size:18px\"><strong>Exemplos:<\/strong><\/p>\n\n\n\n<blockquote class=\"wp-block-quote is-layout-flow wp-block-quote-is-layout-flow\">\n<p class=\"has-black-color has-text-color has-link-color wp-elements-a848029bbd453e779c6baa5c55427774\" style=\"font-size:18px\"><em>a, ante, ap\u00f3s, at\u00e9, com, contra, de, desde, em, entre, para, perante, por, sem, sob, sobre, tr\u00e1s<\/em><\/p>\n<\/blockquote>\n\n\n\n<p class=\"has-black-color has-text-color has-link-color wp-elements-f6269685c366f54ebb5c13b1e1a02e80\" style=\"font-size:18px\"><strong>Exemplo no contexto:<\/strong><\/p>\n\n\n\n<ul class=\"wp-block-list\">\n<li class=\"has-black-color has-text-color has-link-color wp-elements-2fd09a03f84c6216c9286fb3700aae48\" style=\"font-size:18px\">Foi <strong>at\u00e9<\/strong> a escola.<\/li>\n\n\n\n<li class=\"has-black-color has-text-color has-link-color wp-elements-0b7b795c5eed9471d2d3fe3bb7eaf412\" style=\"font-size:18px\">Saiu <strong>sem<\/strong> pressa.<\/li>\n<\/ul>\n\n\n\n<hr class=\"wp-block-separator has-alpha-channel-opacity\"\/>\n\n\n\n<p class=\"has-black-color has-text-color has-link-color has-medium-font-size wp-elements-5cc981d7ecb26654490d14658e4815d3\"><strong>2. Preposi\u00e7\u00f5es Acidentais<\/strong><\/p>\n\n\n\n<p class=\"has-black-color has-text-color has-link-color wp-elements-ae9897b5f8d7794b54423e73efdae61c\" style=\"font-size:18px\">S\u00e3o palavras que, embora perten\u00e7am a outras classes gramaticais, <strong>podem funcionar como preposi\u00e7\u00e3o<\/strong> dependendo do contexto.<\/p>\n\n\n\n<p class=\"has-black-color has-text-color has-link-color wp-elements-627b99fac83fcaba47d7d4ec33ae1e7e\" style=\"font-size:18px\"><strong>Exemplos:<\/strong><br>conforme, durante, exceto, feito, fora, mediante, salvo, segundo, tirante, visto<\/p>\n\n\n\n<p class=\"has-black-color has-text-color has-link-color wp-elements-f6269685c366f54ebb5c13b1e1a02e80\" style=\"font-size:18px\"><strong>Exemplo no contexto:<\/strong><\/p>\n\n\n\n<ul class=\"wp-block-list\">\n<li class=\"has-black-color has-text-color has-link-color wp-elements-03adf341749b44ccd3522f1608a5fcab\" style=\"font-size:18px\"><strong>Durante<\/strong> a aula, ele ficou atento.<\/li>\n\n\n\n<li class=\"has-black-color has-text-color has-link-color wp-elements-162c777ae3d46dfbe46ae9e3566f9436\" style=\"font-size:18px\"><strong>Conforme<\/strong> as regras, n\u00e3o \u00e9 permitido celular.<\/li>\n<\/ul>\n\n\n\n<p class=\"has-text-align-center has-vivid-red-color has-text-color has-link-color has-medium-font-size wp-elements-6b6b5d058fcec897f355bdaf73e37d8d\"><strong>Exemplos de Rela\u00e7\u00f5es Expressas por Preposi\u00e7\u00e3o<\/strong><\/p>\n\n\n\n<p class=\"has-black-color has-text-color has-link-color wp-elements-0eb5b17a6ae28c84dd9ceb962f9c292e\" style=\"font-size:18px\"><strong>Lugar<\/strong><\/p>\n\n\n\n<p class=\"has-black-color has-text-color has-link-color wp-elements-c8409a338715e711e8bcba1087d7be63\" style=\"font-size:18px\">Indica o local de algo ou algu\u00e9m.<\/p>\n\n\n\n<ul class=\"wp-block-list\">\n<li class=\"has-black-color has-text-color has-link-color wp-elements-d6ac42e8630c8c18ec0951605c0abf4e\" style=\"font-size:18px\">Fui <strong>a<\/strong> Paris.<\/li>\n\n\n\n<li class=\"has-black-color has-text-color has-link-color wp-elements-19ebe307fe21e01e8a36c2e13a97df67\" style=\"font-size:18px\">Estava <strong>em<\/strong> casa.<\/li>\n\n\n\n<li class=\"has-black-color has-text-color has-link-color wp-elements-d9069f18ef78c34d01e91fbf86e39ce1\" style=\"font-size:18px\">O gato pulou <strong>sobre<\/strong> a mesa.<\/li>\n<\/ul>\n\n\n\n<hr class=\"wp-block-separator has-alpha-channel-opacity\"\/>\n\n\n\n<p class=\"has-black-color has-text-color has-link-color wp-elements-72494b3692549688555ad428d299684d\" style=\"font-size:18px\"><strong>Tempo<\/strong><\/p>\n\n\n\n<p class=\"has-black-color has-text-color has-link-color wp-elements-99ccd4d180fd8ee442dc2686fe747266\" style=\"font-size:18px\">Relaciona um fato a um momento no tempo.<\/p>\n\n\n\n<ul class=\"wp-block-list\">\n<li class=\"has-black-color has-text-color has-link-color wp-elements-4628cb59d1c7f62b732124ab0de1c0b3\" style=\"font-size:18px\">Chegou <strong>depois de<\/strong> mim.<\/li>\n\n\n\n<li class=\"has-black-color has-text-color has-link-color wp-elements-3759e7d7bde6bdd8607cfdaad1c5d533\" style=\"font-size:18px\"><strong>Durante<\/strong> a reuni\u00e3o, ningu\u00e9m falou.<\/li>\n\n\n\n<li class=\"has-black-color has-text-color has-link-color wp-elements-c3ca67fbe2f2a786c4d55075a1082163\" style=\"font-size:18px\">Ficou esperando <strong>at\u00e9<\/strong> a noite.<\/li>\n<\/ul>\n\n\n\n<hr class=\"wp-block-separator has-alpha-channel-opacity\"\/>\n\n\n\n<p class=\"has-black-color has-text-color has-link-color wp-elements-9ada36754cf9b0973bd12a071458e31d\" style=\"font-size:18px\"><strong>Causa<\/strong><\/p>\n\n\n\n<p class=\"has-black-color has-text-color has-link-color wp-elements-24ee0b50e30591d2d31ea1326e955ba9\" style=\"font-size:18px\">Mostra o motivo ou a raz\u00e3o de algo.<\/p>\n\n\n\n<ul class=\"wp-block-list\">\n<li class=\"has-black-color has-text-color has-link-color wp-elements-4b63ed62191f4e4e3373a961c62e3775\" style=\"font-size:18px\">Morreu <strong>de<\/strong> fome.<\/li>\n\n\n\n<li class=\"has-black-color has-text-color has-link-color wp-elements-60d366700a695e52d2131712e5d2bb2f\" style=\"font-size:18px\">Chorou <strong>por<\/strong> saudade.<\/li>\n\n\n\n<li class=\"has-black-color has-text-color has-link-color wp-elements-dbce343c74859d74764157ad7b390f25\" style=\"font-size:18px\">Ficou doente <strong>por causa de<\/strong> um v\u00edrus.<\/li>\n<\/ul>\n\n\n\n<hr class=\"wp-block-separator has-alpha-channel-opacity\"\/>\n\n\n\n<p class=\"has-black-color has-text-color has-link-color wp-elements-f04924bd58933ad05bf19eb11c737708\" style=\"font-size:18px\"><strong>Finalidade<\/strong><\/p>\n\n\n\n<p class=\"has-black-color has-text-color has-link-color wp-elements-48ea7fa6165dbc19e7fd1d7d973fb897\" style=\"font-size:18px\">Indica o objetivo de uma a\u00e7\u00e3o.<\/p>\n\n\n\n<ul class=\"wp-block-list\">\n<li class=\"has-black-color has-text-color has-link-color wp-elements-fa184c3bc4912795a2a54f6370a224d5\" style=\"font-size:18px\">Estudou <strong>para<\/strong> a prova.<\/li>\n\n\n\n<li class=\"has-black-color has-text-color has-link-color wp-elements-96a22c2cb506d3621e9d7fff4329e22f\" style=\"font-size:18px\">Saiu cedo <strong>a fim de<\/strong> evitar o tr\u00e2nsito.<\/li>\n\n\n\n<li class=\"has-black-color has-text-color has-link-color wp-elements-4608b5f5190863ead9b837753a0507e4\" style=\"font-size:18px\">Fez o cartaz <strong>com o intuito de<\/strong> informar.<\/li>\n<\/ul>\n\n\n\n<hr class=\"wp-block-separator has-alpha-channel-opacity\"\/>\n\n\n\n<p class=\"has-black-color has-text-color has-link-color wp-elements-0e103f37085cd862de4fab12af4c9215\" style=\"font-size:18px\"><strong>Companhia<\/strong><\/p>\n\n\n\n<p class=\"has-black-color has-text-color has-link-color wp-elements-1c3292899b29e7d66ecf9606c76db93b\" style=\"font-size:18px\">Aponta quem est\u00e1 junto com algu\u00e9m.<\/p>\n\n\n\n<ul class=\"wp-block-list\">\n<li class=\"has-black-color has-text-color has-link-color wp-elements-7f9fa74158c84b0d4dc5567d3637b8a2\" style=\"font-size:18px\">Saiu <strong>com<\/strong> os amigos.<\/li>\n\n\n\n<li class=\"has-black-color has-text-color has-link-color wp-elements-25e66798e1c1247eb10954aa17cafe0b\" style=\"font-size:18px\">Foi ao cinema <strong>com<\/strong> a irm\u00e3.<\/li>\n\n\n\n<li class=\"has-black-color has-text-color has-link-color wp-elements-a931eac7b979c3307f3d4d012005647c\" style=\"font-size:18px\">Andava <strong>junto de<\/strong> pessoas confi\u00e1veis.<\/li>\n<\/ul>\n\n\n\n<hr class=\"wp-block-separator has-alpha-channel-opacity\"\/>\n\n\n\n<p class=\"has-black-color has-text-color has-link-color wp-elements-3285ce332f71c5c418ecbfdc85795e09\" style=\"font-size:18px\"><strong>Assunto<\/strong><\/p>\n\n\n\n<p class=\"has-black-color has-text-color has-link-color wp-elements-263f1e8cb122c6c06ecec43b3da09942\" style=\"font-size:18px\">Apresenta o tema ou foco de algo.<\/p>\n\n\n\n<ul class=\"wp-block-list\">\n<li class=\"has-black-color has-text-color has-link-color wp-elements-547274902752c00ddadd035622eb2ede\" style=\"font-size:18px\">Falou <strong>sobre<\/strong> pol\u00edtica.<\/li>\n\n\n\n<li class=\"has-black-color has-text-color has-link-color wp-elements-45690b421f7fe9ad382ca151a042e6e4\" style=\"font-size:18px\">Discutiram <strong>a respeito de<\/strong> mudan\u00e7as na escola.<\/li>\n\n\n\n<li class=\"has-black-color has-text-color has-link-color wp-elements-fe115d6eb3c66ce8b234f7c517471085\" style=\"font-size:18px\">Leram um texto <strong>acerca de<\/strong> meio ambiente.<\/li>\n<\/ul>\n\n\n\n<hr class=\"wp-block-separator has-alpha-channel-opacity\"\/>\n\n\n\n<h3 class=\"wp-block-heading has-black-color has-text-color has-link-color wp-elements-f8380af5c3bb9d32ae00974f5f9daa4e\" style=\"font-size:18px\"><strong>Posse<\/strong><\/h3>\n\n\n\n<p class=\"has-black-color has-text-color has-link-color wp-elements-ee70f2a347bc6cc02f6ed1fe5a072d60\" style=\"font-size:18px\">Estabelece a quem pertence algo.<\/p>\n\n\n\n<ul class=\"wp-block-list\">\n<li class=\"has-black-color has-text-color has-link-color wp-elements-c920815087215cf26230d9eb16c4c49b\" style=\"font-size:18px\">O caderno <strong>de<\/strong> Maria.<\/li>\n\n\n\n<li class=\"has-black-color has-text-color has-link-color wp-elements-95f59c6d412ab82d4318a02951a3ab91\" style=\"font-size:18px\">A mochila <strong>do<\/strong> aluno.<\/li>\n\n\n\n<li class=\"has-black-color has-text-color has-link-color wp-elements-f6f1d0f588b6a04ea1bb1e8791604342\" style=\"font-size:18px\">A opini\u00e3o <strong>da<\/strong> professora.<\/li>\n<\/ul>\n\n\n\n<hr class=\"wp-block-separator has-alpha-channel-opacity\"\/>\n\n\n\n<p class=\"has-black-color has-text-color has-link-color wp-elements-bbf9afacd33f5ca7d53a22d84bd537a7\" style=\"font-size:18px\"><strong>Modo<\/strong><\/p>\n\n\n\n<p class=\"has-black-color has-text-color has-link-color wp-elements-635a5f41ef574f9dccce506c8ef06293\" style=\"font-size:18px\">Mostra a maneira como algo foi feito.<\/p>\n\n\n\n<ul class=\"wp-block-list\">\n<li class=\"has-black-color has-text-color has-link-color wp-elements-f8b574f1fd5fe66d6f1c0f9e8777c6cf\" style=\"font-size:18px\">Fez tudo <strong>com<\/strong> cuidado.<\/li>\n\n\n\n<li class=\"has-black-color has-text-color has-link-color wp-elements-88432933a5bc0cde524d6e89d5def7ff\" style=\"font-size:18px\">Falou <strong>de<\/strong> forma agressiva.<\/li>\n\n\n\n<li class=\"has-black-color has-text-color has-link-color wp-elements-0026f9d8ab53c1649c1407ac30489526\" style=\"font-size:18px\">Respondeu <strong>em<\/strong> voz alta.<\/li>\n<\/ul>\n\n\n\n<hr class=\"wp-block-separator has-alpha-channel-opacity\"\/>\n\n\n\n<p class=\"has-black-color has-text-color has-link-color wp-elements-17c895230c3e46fe7dbabb31045e0981\" style=\"font-size:18px\"><strong>Instrumento<\/strong><\/p>\n\n\n\n<p class=\"has-black-color has-text-color has-link-color wp-elements-7af963f58c62a512e916b52e8101ff9f\" style=\"font-size:18px\">Indica o meio ou o objeto utilizado para realizar uma a\u00e7\u00e3o.<\/p>\n\n\n\n<ul class=\"wp-block-list\">\n<li class=\"has-black-color has-text-color has-link-color wp-elements-03ec289eb7190ce6571a35f56e38d694\" style=\"font-size:18px\">Escreveu <strong>com<\/strong> caneta azul.<\/li>\n\n\n\n<li class=\"has-black-color has-text-color has-link-color wp-elements-38c9e944f2f0c10d2e10dcbc79c20163\" style=\"font-size:18px\">Cortou o papel <strong>com<\/strong> tesoura.<\/li>\n\n\n\n<li class=\"has-black-color has-text-color has-link-color wp-elements-ad8f2df8afb25e1b612e38c319619fab\" style=\"font-size:18px\">Limpou o ch\u00e3o <strong>com o aux\u00edlio de<\/strong> um pano.<\/li>\n<\/ul>\n\n\n\n<hr class=\"wp-block-separator has-alpha-channel-opacity\"\/>\n\n\n\n<p class=\"has-vivid-red-color has-text-color has-link-color has-medium-font-size wp-elements-47da59888561da56eb0a8468aae47f53\"><strong>Preposi\u00e7\u00f5es Acidentais<\/strong><\/p>\n\n\n\n<p class=\"has-black-color has-text-color has-link-color wp-elements-aeca815c27c07750b77074ef992960b5\" style=\"font-size:18px\">As preposi\u00e7\u00f5es acidentais, em portugu\u00eas,&nbsp;s\u00e3o palavras que, em alguns contextos, funcionam como preposi\u00e7\u00f5es, mas que tamb\u00e9m podem ter outras fun\u00e7\u00f5es gramaticais.&nbsp;Ao contr\u00e1rio das preposi\u00e7\u00f5es essenciais, que t\u00eam a fun\u00e7\u00e3o de preposi\u00e7\u00e3o em qualquer situa\u00e7\u00e3o, as acidentais dependem do contexto para exercer essa fun\u00e7\u00e3o.&nbsp;<\/p>\n\n\n\n<p class=\"has-black-color has-text-color has-link-color wp-elements-93a7e584a02d01d5ab69ea9293d5e315\" style=\"font-size:18px\">Exemplos de preposi\u00e7\u00f5es acidentais:<\/p>\n\n\n\n<ul class=\"wp-block-list\">\n<li class=\"has-black-color has-text-color has-link-color wp-elements-3fb146b5655be83f25bc8ea46ce7ce73\" style=\"font-size:18px\"><strong>Como:<\/strong> &#8220;<em>Ele trabalha como gerente<\/em>&#8220;.&nbsp;<\/li>\n\n\n\n<li class=\"has-black-color has-text-color has-link-color wp-elements-07a885b1c304a7c90fe3f579b53da7e8\" style=\"font-size:18px\"><strong>Conforme:<\/strong> &#8220;<em>Tudo est\u00e1 conforme previsto no contrato<\/em>&#8220;.&nbsp;<\/li>\n\n\n\n<li class=\"has-black-color has-text-color has-link-color wp-elements-5d0dbee128e24645e12a64ab93d9ab00\" style=\"font-size:18px\"><strong>Durante:<\/strong> &#8220;<em>Ele ficou durante a semana em casa<\/em>&#8220;.&nbsp;<\/li>\n\n\n\n<li class=\"has-black-color has-text-color has-link-color wp-elements-7ada8f620a70c7c594fd9880f528db5d\" style=\"font-size:18px\"><strong>Exceto:<\/strong> &#8220;<em>Todos, exceto ele, participaram<\/em>&#8220;.&nbsp;<\/li>\n\n\n\n<li class=\"has-black-color has-text-color has-link-color wp-elements-3b0cce15564d45dedda77434502e88f3\" style=\"font-size:18px\"><strong>Fora:<\/strong> &#8220;<em>Fora o Jo\u00e3o, todos foram<\/em>&#8220;.&nbsp;<\/li>\n\n\n\n<li class=\"has-black-color has-text-color has-link-color wp-elements-6862269000772f5977e0d0b203ecd7b6\" style=\"font-size:18px\"><strong>Mediante: <\/strong>&#8220;<em>Ele pagou mediante cheque<\/em>&#8220;.&nbsp;<\/li>\n\n\n\n<li class=\"has-black-color has-text-color has-link-color wp-elements-5924460a66b743da6a82a30d7110dde3\" style=\"font-size:18px\"><strong>Segundo:<\/strong> &#8220;<em>Todo o processo seguiu segundo a lei<\/em>&#8220;.&nbsp;<\/li>\n\n\n\n<li class=\"has-black-color has-text-color has-link-color wp-elements-0ea26db7c20456938f779b9e70f2888b\" style=\"font-size:18px\"><strong>Sen\u00e3o:<\/strong> &#8220;<em>Ele estava sen\u00e3o em casa<\/em>&#8220;.&nbsp;<\/li>\n\n\n\n<li class=\"has-black-color has-text-color has-link-color wp-elements-16b04313e695a5b89d91cd261d207357\" style=\"font-size:18px\"><strong>Salvo:<\/strong> &#8220;<em>Tudo seguir\u00e1 os procedimentos normais, salvo exce\u00e7\u00f5es<\/em>&#8220;.<\/li>\n\n\n\n<li class=\"has-black-color has-text-color has-link-color wp-elements-5b644b5338c421898578e9aa6cd7784b\" style=\"font-size:18px\"><strong>Tirante:<\/strong> &#8220;<em>Tirante Jo\u00e3o, todos participaram<\/em>.&#8221;<\/li>\n\n\n\n<li class=\"has-black-color has-text-color has-link-color wp-elements-7fa6590888b56f279647ea8f966068c6\" style=\"font-size:18px\"><strong>Visto:<\/strong> &#8220;<em>Foram necess\u00e1rias mudan\u00e7as, <\/em>v<em>isto que a situa\u00e7\u00e3o est\u00e1<\/em> <em>totalmente diferente<\/em>&#8220;.&nbsp;<\/li>\n<\/ul>\n","protected":false},"excerpt":{"rendered":"<p>Preposi\u00e7\u00e3o \u00e9 uma palavra invari\u00e1vel que liga dois termos da ora\u00e7\u00e3o, estabelecendo entre eles uma rela\u00e7\u00e3o de depend\u00eancia e sentido (como causa, lugar, tempo, modo, posse etc.). Exemplos: Principais Tipos de Preposi\u00e7\u00f5es 1. Preposi\u00e7\u00f5es Essenciais S\u00e3o aquelas que sempre funcionam como preposi\u00e7\u00e3o. Exemplos: a, ante, ap\u00f3s, at\u00e9, com, contra, de, desde, em, entre, para, perante, [&hellip;]<\/p>\n","protected":false},"author":1,"featured_media":0,"parent":0,"menu_order":0,"comment_status":"closed","ping_status":"closed","template":"","meta":{"footnotes":""},"class_list":["post-434","page","type-page","status-publish","hentry"],"_links":{"self":[{"href":"https:\/\/ligadonoportugues.com.br\/index.php\/wp-json\/wp\/v2\/pages\/434","targetHints":{"allow":["GET"]}}],"collection":[{"href":"https:\/\/ligadonoportugues.com.br\/index.php\/wp-json\/wp\/v2\/pages"}],"about":[{"href":"https:\/\/ligadonoportugues.com.br\/index.php\/wp-json\/wp\/v2\/types\/page"}],"author":[{"embeddable":true,"href":"https:\/\/ligadonoportugues.com.br\/index.php\/wp-json\/wp\/v2\/users\/1"}],"replies":[{"embeddable":true,"href":"https:\/\/ligadonoportugues.com.br\/index.php\/wp-json\/wp\/v2\/comments?post=434"}],"version-history":[{"count":14,"href":"https:\/\/ligadonoportugues.com.br\/index.php\/wp-json\/wp\/v2\/pages\/434\/revisions"}],"predecessor-version":[{"id":693,"href":"https:\/\/ligadonoportugues.com.br\/index.php\/wp-json\/wp\/v2\/pages\/434\/revisions\/693"}],"wp:attachment":[{"href":"https:\/\/ligadonoportugues.com.br\/index.php\/wp-json\/wp\/v2\/media?parent=434"}],"curies":[{"name":"wp","href":"https:\/\/api.w.org\/{rel}","templated":true}]}}