{"id":592,"date":"2025-06-16T08:02:36","date_gmt":"2025-06-16T11:02:36","guid":{"rendered":"https:\/\/ligadonoportugues.com.br\/?page_id=592"},"modified":"2025-06-16T14:11:39","modified_gmt":"2025-06-16T17:11:39","slug":"pronomes-pessoais-caso-reto","status":"publish","type":"page","link":"https:\/\/ligadonoportugues.com.br\/index.php\/pronomes-pessoais-caso-reto\/","title":{"rendered":"Pronomes Pessoais &#8211; Caso Reto"},"content":{"rendered":"\n<p class=\"has-black-color has-text-color has-link-color wp-elements-c4e1a073906aafd523b2afe4e28e9c6f\" style=\"font-size:18px\">Os <strong>pronomes pessoais do caso reto<\/strong> s\u00e3o aqueles que <strong>representam as pessoas do discurso<\/strong> e <strong>exercem, geralmente, a fun\u00e7\u00e3o de sujeito<\/strong> na ora\u00e7\u00e3o. Em outras palavras, s\u00e3o usados para indicar quem est\u00e1 falando, com quem se fala e de quem se fala.<\/p>\n\n\n\n<p class=\"has-black-color has-text-color has-link-color wp-elements-9c132e3e2012d8c660d4f8634bded919\" style=\"font-size:18px\">Esses pronomes substituem os nomes pr\u00f3prios ou comuns, evitando repeti\u00e7\u00f5es e contribuindo para a fluidez e coes\u00e3o dos textos.<\/p>\n\n\n\n<hr class=\"wp-block-separator has-alpha-channel-opacity\"\/>\n\n\n\n<h3 class=\"wp-block-heading has-vivid-red-color has-text-color has-link-color wp-elements-76548f88cd07d945b0fbb103bc13ea8e\"><strong>As Pessoas do Discurso<\/strong><\/h3>\n\n\n\n<p class=\"has-black-color has-text-color has-link-color wp-elements-3c85fd31995eba073268f2f183faa3e0\" style=\"font-size:18px\">Na comunica\u00e7\u00e3o, consideramos tr\u00eas pessoas do discurso:<\/p>\n\n\n\n<ul class=\"wp-block-list\">\n<li class=\"has-black-color has-text-color has-link-color wp-elements-2ec7fb1bffb39be9c6a176104b42ec09\" style=\"font-size:18px\"><strong>1\u00aa pessoa<\/strong>: quem fala (eu, n\u00f3s)<\/li>\n\n\n\n<li class=\"has-black-color has-text-color has-link-color wp-elements-f2d1e5590ebf896444a1a1ff73101c75\" style=\"font-size:18px\"><strong>2\u00aa pessoa<\/strong>: com quem se fala (tu, v\u00f3s)<\/li>\n\n\n\n<li class=\"has-black-color has-text-color has-link-color wp-elements-faaffc86e743f65dc94cc6db9f5e6eb3\" style=\"font-size:18px\"><strong>3\u00aa pessoa<\/strong>: de quem se fala (ele, ela, eles, elas)<\/li>\n<\/ul>\n\n\n\n<h3 class=\"wp-block-heading has-vivid-red-color has-text-color has-link-color wp-elements-701e8f2190dd7a12a3c264c239de10a3\"><strong>Lista dos Pronomes Pessoais do Caso Reto<\/strong><\/h3>\n\n\n\n<figure class=\"wp-block-table\"><table class=\"has-fixed-layout\"><thead><tr><th class=\"has-text-align-center\" data-align=\"center\"><mark style=\"background-color:rgba(0, 0, 0, 0)\" class=\"has-inline-color has-vivid-red-color\">Pessoa do Discurso<\/mark><\/th><th class=\"has-text-align-center\" data-align=\"center\"><mark style=\"background-color:rgba(0, 0, 0, 0)\" class=\"has-inline-color has-vivid-red-color\">Singular<\/mark><\/th><th class=\"has-text-align-center\" data-align=\"center\"><mark style=\"background-color:rgba(0, 0, 0, 0)\" class=\"has-inline-color has-vivid-red-color\">Plural<\/mark><\/th><\/tr><\/thead><tbody><tr><td class=\"has-text-align-center\" data-align=\"center\"><mark style=\"background-color:rgba(0, 0, 0, 0)\" class=\"has-inline-color has-black-color\">1\u00aa pessoa<\/mark><\/td><td class=\"has-text-align-center\" data-align=\"center\"><mark style=\"background-color:rgba(0, 0, 0, 0)\" class=\"has-inline-color has-black-color\">eu<\/mark><\/td><td class=\"has-text-align-center\" data-align=\"center\"><mark style=\"background-color:rgba(0, 0, 0, 0)\" class=\"has-inline-color has-black-color\">n\u00f3s<\/mark><\/td><\/tr><tr><td class=\"has-text-align-center\" data-align=\"center\"><mark style=\"background-color:rgba(0, 0, 0, 0)\" class=\"has-inline-color has-black-color\">2\u00aa pessoa<\/mark><\/td><td class=\"has-text-align-center\" data-align=\"center\"><mark style=\"background-color:rgba(0, 0, 0, 0)\" class=\"has-inline-color has-black-color\">tu<\/mark><\/td><td class=\"has-text-align-center\" data-align=\"center\"><mark style=\"background-color:rgba(0, 0, 0, 0)\" class=\"has-inline-color has-black-color\">v\u00f3s<\/mark><\/td><\/tr><tr><td class=\"has-text-align-center\" data-align=\"center\"><mark style=\"background-color:rgba(0, 0, 0, 0)\" class=\"has-inline-color has-black-color\">3\u00aa pessoa<\/mark><\/td><td class=\"has-text-align-center\" data-align=\"center\"><mark style=\"background-color:rgba(0, 0, 0, 0)\" class=\"has-inline-color has-black-color\">ele, ela<\/mark><\/td><td class=\"has-text-align-center\" data-align=\"center\"><mark style=\"background-color:rgba(0, 0, 0, 0)\" class=\"has-inline-color has-black-color\">eles, elas<\/mark><\/td><\/tr><\/tbody><\/table><\/figure>\n\n\n\n<h3 class=\"wp-block-heading has-vivid-red-color has-text-color has-link-color wp-elements-d6cedb15d2b87bc439c2e2d16c94a64d\"><strong>Observa\u00e7\u00f5es Importantes<\/strong><\/h3>\n\n\n\n<ul class=\"wp-block-list\">\n<li class=\"has-black-color has-text-color has-link-color wp-elements-bae37e9b6809af9cf37328dfd91fd333\" style=\"font-size:18px\">O uso do <strong>\u201cv\u00f3s\u201d<\/strong> \u00e9 praticamente inexistente na l\u00edngua falada atual. Em seu lugar, \u00e9 comum usarmos o pronome <strong>\u201cvoc\u00eas\u201d<\/strong>, que, embora gramaticalmente seja um <strong>pronome de tratamento<\/strong>, funciona na pr\u00e1tica como sujeito.<\/li>\n\n\n\n<li class=\"has-black-color has-text-color has-link-color wp-elements-f40b96d587ea28b1ec2d64ffff603fd4\" style=\"font-size:18px\">O mesmo acontece com o <strong>\u201cvoc\u00ea\u201d<\/strong>, amplamente utilizado no lugar de \u201ctu\u201d em muitas regi\u00f5es do Brasil.<\/li>\n\n\n\n<li class=\"has-black-color has-text-color has-link-color wp-elements-5e1eb5d5d3d51e4077ebdd07d9764d72\" style=\"font-size:18px\">Tanto \u201cvoc\u00ea\u201d quanto \u201cvoc\u00eas\u201d exigem <strong>conjuga\u00e7\u00e3o verbal na 3\u00aa pessoa<\/strong>, o que muitas vezes causa confus\u00e3o com \u201ctu\u201d e \u201cv\u00f3s\u201d, que exigem conjuga\u00e7\u00e3o na 2\u00aa pessoa.<\/li>\n<\/ul>\n\n\n\n<p class=\"has-black-color has-text-color has-link-color wp-elements-7bb39f3d3b25a3d274cbe7021b61c683\" style=\"font-size:18px\"><strong>Exemplos:<\/strong><\/p>\n\n\n\n<ul class=\"wp-block-list\">\n<li class=\"has-text-color has-link-color wp-elements-6c9466fe713f76713a37eafb9c619d9d\" style=\"color:#800097;font-size:18px\"><strong>Tu<\/strong> \u00e9s muito inteligente. (2\u00aa pessoa \u2013 verbo na 2\u00aa pessoa)<\/li>\n\n\n\n<li class=\"has-text-color has-link-color wp-elements-fc1e35ec363a1ea087e78bb7db471346\" style=\"color:#800097;font-size:18px\"><strong>Voc\u00ea<\/strong> \u00e9 muito inteligente. (2\u00aa pessoa formal \u2013 verbo na 3\u00aa pessoa)<\/li>\n\n\n\n<li class=\"has-text-color has-link-color wp-elements-cd497df458a9657d34e4cdd482587ccb\" style=\"color:#800097;font-size:18px\"><strong>Tu <\/strong>podes me fazer um favor? (2\u00aa pessoa \u2013 verbo na 2\u00aa pessoa)<\/li>\n\n\n\n<li class=\"has-text-color has-link-color wp-elements-fcb8dd4709d85eaa8ddabdecc02b0d75\" style=\"color:#800097;font-size:18px\"><strong>Voc\u00ea<\/strong> pode me fazer um favor? (2\u00aa pessoa formal \u2013 verbo na 3\u00aa pessoa)<\/li>\n\n\n\n<li class=\"has-black-color has-text-color has-link-color wp-elements-d9810e431538d339f69ad5a707be5b9c\" style=\"font-size:18px\"><strong>V\u00f3s<\/strong> chegastes cedo. (pronome pessoa formal \u2013 verbo na 2\u00aa pessoa)<\/li>\n\n\n\n<li class=\"has-black-color has-text-color has-link-color wp-elements-45f97954316e055751c20978ccbab71d\" style=\"font-size:18px\"><strong>Voc\u00eas<\/strong> chegaram cedo. (pronome informal de 2\u00aa pessoa do plural \u2013 verbo na 3\u00aa pessoa)<\/li>\n\n\n\n<li class=\"has-black-color has-text-color has-link-color wp-elements-37c2b567e16a5f9e9c0140d5de6b31b6\" style=\"font-size:18px\"><strong>V\u00f3s<\/strong> sabeis muito sobre o assunto. (pronome pessoa formal \u2013 verbo na 2\u00aa pessoa)<\/li>\n\n\n\n<li class=\"has-black-color has-text-color has-link-color wp-elements-f4174e05090bc5b2eea3703b557ded9e\" style=\"font-size:18px\"><strong>Voc\u00eas<\/strong> sabem muito sobre o assunto.  (pronome informal de 2\u00aa pessoa do plural \u2013 verbo na 3\u00aa pessoa)<\/li>\n<\/ul>\n\n\n\n<blockquote class=\"wp-block-quote is-layout-flow wp-block-quote-is-layout-flow\">\n<p class=\"has-black-color has-text-color has-link-color wp-elements-268dfc99f701b2a82950d7cd3279cd09\" style=\"font-size:18px\">Uma explica\u00e7\u00e3o mais detalhada sobre isso ser\u00e1 dada no conte\u00fado sobre <strong>conjuga\u00e7\u00e3o verbal<\/strong>.<\/p>\n<\/blockquote>\n\n\n\n<hr class=\"wp-block-separator has-alpha-channel-opacity\"\/>\n\n\n\n<h3 class=\"wp-block-heading has-vivid-red-color has-text-color has-link-color wp-elements-0f37e505373d7f9f687af8f87aaf3ec3\"><strong>Fun\u00e7\u00e3o na Frase<\/strong><\/h3>\n\n\n\n<p class=\"has-black-color has-text-color has-link-color wp-elements-693ad89f82e229951098a2cae0affe7e\" style=\"font-size:18px\">Os pronomes do caso reto geralmente funcionam como <strong>sujeito<\/strong> ou <strong>predicativo do sujeito<\/strong>. Veja:<\/p>\n\n\n\n<ul class=\"wp-block-list\">\n<li class=\"has-black-color has-text-color has-link-color wp-elements-91a9689f911ad7e81db7448e0e48ad09\" style=\"font-size:18px\"><strong>Eu<\/strong> gosto de portugu\u00eas. \u2192 sujeito da ora\u00e7\u00e3o<\/li>\n\n\n\n<li class=\"has-black-color has-text-color has-link-color wp-elements-71da5b23409c0e671d8d3de950b86e67\" style=\"font-size:18px\"><strong>Eles<\/strong> viajaram ontem. \u2192 sujeito da ora\u00e7\u00e3o<\/li>\n\n\n\n<li class=\"has-black-color has-text-color has-link-color wp-elements-8dc4533633ddcd33c785d045dab7eb43\" style=\"font-size:18px\">O campe\u00e3o era <strong>ele<\/strong>. \u2192 predicativo do sujeito<\/li>\n<\/ul>\n\n\n\n<hr class=\"wp-block-separator has-alpha-channel-opacity\"\/>\n\n\n\n<h3 class=\"wp-block-heading has-vivid-red-color has-text-color has-link-color wp-elements-bb0b96fb2386edaa8248024e97efda9b\"><strong>Valor Coesivo dos Pronomes Pessoais<\/strong><\/h3>\n\n\n\n<p class=\"has-black-color has-text-color has-link-color wp-elements-d2b97ac3cd89cab70ec991b96e06d53a\" style=\"font-size:18px\">Al\u00e9m de indicar as pessoas do discurso, os pronomes pessoais tamb\u00e9m t\u00eam um papel importante como <strong>elementos de coes\u00e3o textual<\/strong>. Eles <strong>retomam ou antecipam nomes e ideias j\u00e1 citados no texto<\/strong>, evitando repeti\u00e7\u00f5es e criando liga\u00e7\u00f5es entre as partes do discurso.<\/p>\n\n\n\n<p class=\"has-black-color has-text-color has-link-color wp-elements-f628738bc5a3e9568e5c7c250919f80a\" style=\"font-size:18px\"><strong>Exemplo:<\/strong><\/p>\n\n\n\n<p class=\"has-black-color has-text-color has-link-color wp-elements-cf2caca16d91961430ba6f9f6a36d2e3\" style=\"font-size:18px\"><em>Maria terminou o trabalho. <strong>Ela<\/strong> entregou tudo dentro do prazo.<\/em><br>(O pronome <strong>ela<\/strong> retoma \u201cMaria\u201d, mantendo a fluidez e evitando repeti\u00e7\u00e3o.)<\/p>\n\n\n\n<hr class=\"wp-block-separator has-alpha-channel-opacity\"\/>\n\n\n\n<h3 class=\"wp-block-heading has-vivid-red-color has-text-color has-link-color wp-elements-79700dd3b3130c1d59b01a2680da136b\"><strong>Dica Importante<\/strong><\/h3>\n\n\n\n<p class=\"has-black-color has-text-color has-link-color wp-elements-a59376e7f2458a0a59bd52e488473604\" style=\"font-size:18px\">\u00c9 comum, na fala e na escrita informal, omitir o pronome pessoal do sujeito, especialmente na 1\u00aa pessoa do singular:<\/p>\n\n\n\n<ul class=\"wp-block-list\">\n<li class=\"has-black-color has-text-color has-link-color wp-elements-e98203548165e48a36af57b619ae3ca6\" style=\"font-size:18px\">\u201c(<em>Eu)<\/em> <em>fui ao mercado.<\/em>\u201d<br>Mas, em textos mais formais ou quando se deseja evitar ambiguidades, \u00e9 recomend\u00e1vel us\u00e1-lo.<\/li>\n<\/ul>\n","protected":false},"excerpt":{"rendered":"<p>Os pronomes pessoais do caso reto s\u00e3o aqueles que representam as pessoas do discurso e exercem, geralmente, a fun\u00e7\u00e3o de sujeito na ora\u00e7\u00e3o. Em outras palavras, s\u00e3o usados para indicar quem est\u00e1 falando, com quem se fala e de quem se fala. Esses pronomes substituem os nomes pr\u00f3prios ou comuns, evitando repeti\u00e7\u00f5es e contribuindo para [&hellip;]<\/p>\n","protected":false},"author":1,"featured_media":0,"parent":0,"menu_order":0,"comment_status":"closed","ping_status":"closed","template":"","meta":{"footnotes":""},"class_list":["post-592","page","type-page","status-publish","hentry"],"_links":{"self":[{"href":"https:\/\/ligadonoportugues.com.br\/index.php\/wp-json\/wp\/v2\/pages\/592","targetHints":{"allow":["GET"]}}],"collection":[{"href":"https:\/\/ligadonoportugues.com.br\/index.php\/wp-json\/wp\/v2\/pages"}],"about":[{"href":"https:\/\/ligadonoportugues.com.br\/index.php\/wp-json\/wp\/v2\/types\/page"}],"author":[{"embeddable":true,"href":"https:\/\/ligadonoportugues.com.br\/index.php\/wp-json\/wp\/v2\/users\/1"}],"replies":[{"embeddable":true,"href":"https:\/\/ligadonoportugues.com.br\/index.php\/wp-json\/wp\/v2\/comments?post=592"}],"version-history":[{"count":27,"href":"https:\/\/ligadonoportugues.com.br\/index.php\/wp-json\/wp\/v2\/pages\/592\/revisions"}],"predecessor-version":[{"id":705,"href":"https:\/\/ligadonoportugues.com.br\/index.php\/wp-json\/wp\/v2\/pages\/592\/revisions\/705"}],"wp:attachment":[{"href":"https:\/\/ligadonoportugues.com.br\/index.php\/wp-json\/wp\/v2\/media?parent=592"}],"curies":[{"name":"wp","href":"https:\/\/api.w.org\/{rel}","templated":true}]}}