{"id":611,"date":"2025-06-16T11:58:53","date_gmt":"2025-06-16T14:58:53","guid":{"rendered":"https:\/\/ligadonoportugues.com.br\/?page_id=611"},"modified":"2025-06-16T14:21:03","modified_gmt":"2025-06-16T17:21:03","slug":"pronomes-pessoais-caso-obliquo","status":"publish","type":"page","link":"https:\/\/ligadonoportugues.com.br\/index.php\/pronomes-pessoais-caso-obliquo\/","title":{"rendered":"Pronomes Pessoais &#8211; Caso Obl\u00edquo"},"content":{"rendered":"\n<p class=\"has-black-color has-text-color has-link-color wp-elements-538e3a72575eb8d7c524ba860eb7a25e\" style=\"font-size:18px\">Os <strong>pronomes pessoais do caso obl\u00edquo<\/strong> s\u00e3o usados como <strong>complementos verbais ou nominais<\/strong> (objeto direto ou indireto) e <strong>nunca como sujeito<\/strong>. Eles representam as pessoas do discurso, assim como os do caso reto, mas exercem outras fun\u00e7\u00f5es sint\u00e1ticas dentro da ora\u00e7\u00e3o.<\/p>\n\n\n\n<hr class=\"wp-block-separator has-alpha-channel-opacity\"\/>\n\n\n\n<h2 class=\"wp-block-heading has-vivid-red-color has-text-color has-link-color wp-elements-958c20225b264212058aa03566046e55\"><strong>Tipos de Pronomes Obl\u00edquos<\/strong><\/h2>\n\n\n\n<p class=\"has-black-color has-text-color has-link-color wp-elements-0a55542cb7788e1338f9224d449d0061\" style=\"font-size:18px\">Os pronomes obl\u00edquos se dividem em dois grupos:<\/p>\n\n\n\n<h3 class=\"wp-block-heading has-black-color has-text-color has-link-color wp-elements-abbf0b87a6780d8cea5497aaa0bf1221\"><strong><mark style=\"background-color:rgba(0, 0, 0, 0)\" class=\"has-inline-color has-vivid-red-color\">1. \u00c1tonos (sem preposi\u00e7\u00e3o)<\/mark><\/strong><\/h3>\n\n\n\n<p class=\"has-black-color has-text-color has-link-color wp-elements-e75b31704da1af42480794792ec60785\" style=\"font-size:18px\">S\u00e3o ligados diretamente ao verbo (sem preposi\u00e7\u00e3o). Normalmente aparecem nas formas: <strong>pr\u00f3clise<\/strong>, <strong>\u00eanclise<\/strong> ou <strong>mes\u00f3clise<\/strong>.<\/p>\n\n\n\n<figure class=\"wp-block-table\"><table class=\"has-fixed-layout\"><thead><tr><th class=\"has-text-align-center\" data-align=\"center\"><mark style=\"background-color:rgba(0, 0, 0, 0);color:#6c0081\" class=\"has-inline-color\">Pessoa<\/mark><\/th><th class=\"has-text-align-center\" data-align=\"center\"><mark style=\"background-color:rgba(0, 0, 0, 0);color:#6c0081\" class=\"has-inline-color\">Singular<\/mark><\/th><th class=\"has-text-align-center\" data-align=\"center\"><mark style=\"background-color:rgba(0, 0, 0, 0);color:#6c0081\" class=\"has-inline-color\">Plural<\/mark><\/th><\/tr><\/thead><tbody><tr><td class=\"has-text-align-center\" data-align=\"center\"><mark style=\"background-color:rgba(0, 0, 0, 0)\" class=\"has-inline-color has-black-color\">1\u00aa<\/mark><\/td><td class=\"has-text-align-center\" data-align=\"center\"><mark style=\"background-color:rgba(0, 0, 0, 0)\" class=\"has-inline-color has-black-color\">me<\/mark><\/td><td class=\"has-text-align-center\" data-align=\"center\"><mark style=\"background-color:rgba(0, 0, 0, 0)\" class=\"has-inline-color has-black-color\">nos<\/mark><\/td><\/tr><tr><td class=\"has-text-align-center\" data-align=\"center\"><mark style=\"background-color:rgba(0, 0, 0, 0)\" class=\"has-inline-color has-black-color\">2\u00aa<\/mark><\/td><td class=\"has-text-align-center\" data-align=\"center\"><mark style=\"background-color:rgba(0, 0, 0, 0)\" class=\"has-inline-color has-black-color\">te<\/mark><\/td><td class=\"has-text-align-center\" data-align=\"center\"><mark style=\"background-color:rgba(0, 0, 0, 0)\" class=\"has-inline-color has-black-color\">vos<\/mark><\/td><\/tr><tr><td class=\"has-text-align-center\" data-align=\"center\"><mark style=\"background-color:rgba(0, 0, 0, 0)\" class=\"has-inline-color has-black-color\">3\u00aa<\/mark><\/td><td class=\"has-text-align-center\" data-align=\"center\"><mark style=\"background-color:rgba(0, 0, 0, 0)\" class=\"has-inline-color has-black-color\">o, a, se, lhe<\/mark><\/td><td class=\"has-text-align-center\" data-align=\"center\"><mark style=\"background-color:rgba(0, 0, 0, 0)\" class=\"has-inline-color has-black-color\">os, as, se, lhes<\/mark><\/td><\/tr><\/tbody><\/table><\/figure>\n\n\n\n<p class=\"has-black-color has-text-color has-link-color wp-elements-ac004421b9127228e8b90be77bad976a\" style=\"font-size:18px\">Exemplos:<\/p>\n\n\n\n<ul class=\"wp-block-list\">\n<li class=\"has-black-color has-text-color has-link-color wp-elements-7f0573d641c4ea856625922006f2e8bd\" style=\"font-size:18px\"><strong>&#8220;O aluno esqueceu o caderno e <mark style=\"background-color:rgba(0, 0, 0, 0)\" class=\"has-inline-color has-vivid-red-color\">o<\/mark> deixou na sala.&#8221;<\/strong><\/li>\n\n\n\n<li class=\"has-black-color has-text-color has-link-color wp-elements-ed6e847d219ec01daab7e9b47a580ccb\" style=\"font-size:18px\">\ud83d\udc49 <em>Pronome \u201co\u201d substitui \u201co caderno\u201d (objeto direto).<\/em><\/li>\n\n\n\n<li class=\"has-black-color has-text-color has-link-color wp-elements-5ffd2babc2ce62c3df761d31af9c1e4f\" style=\"font-size:18px\"><strong>&#8220;A professora viu a resposta e <mark style=\"background-color:rgba(0, 0, 0, 0)\" class=\"has-inline-color has-vivid-red-color\">a<\/mark> corrigiu na hora.&#8221;<\/strong><\/li>\n\n\n\n<li class=\"has-black-color has-text-color has-link-color wp-elements-e7bbfb31f49b16355bc1ba43e7cccad2\" style=\"font-size:18px\">\ud83d\udc49 <em>Pronome \u201ca\u201d substitui \u201ca resposta\u201d (objeto direto).<\/em><\/li>\n\n\n\n<li class=\"has-black-color has-text-color has-link-color wp-elements-1b901d49c71808f47e3669ee388a2bb4\" style=\"font-size:18px\"><strong>&#8220;Ele <mark style=\"background-color:rgba(0, 0, 0, 0)\" class=\"has-inline-color has-vivid-red-color\">se<\/mark> arrependeu de ter mentido.&#8221;<\/strong><\/li>\n\n\n\n<li class=\"has-black-color has-text-color has-link-color wp-elements-3cb24853a2d0d589cd58c9af3c997e45\" style=\"font-size:18px\">\ud83d\udc49 <em>Pronome \u201cse\u201d indica reflexividade (ele arrependeu-se).<\/em><\/li>\n\n\n\n<li class=\"has-black-color has-text-color has-link-color wp-elements-2d0fa521d35a9fcce1c92241d4540df4\" style=\"font-size:18px\"><strong>&#8220;O pai <mark style=\"background-color:rgba(0, 0, 0, 0)\" class=\"has-inline-color has-vivid-red-color\">lhe<\/mark> contou uma hist\u00f3ria antes de dormir.&#8221;<\/strong><\/li>\n\n\n\n<li class=\"has-black-color has-text-color has-link-color wp-elements-27751ea3aa8a86251b8d8fa54f65ed8c\" style=\"font-size:18px\">\ud83d\udc49 <em>Pronome \u201clhe\u201d funciona como objeto indireto (equivale a: contou a ele \/ a ela).<\/em><\/li>\n\n\n\n<li class=\"has-black-color has-text-color has-link-color wp-elements-6cbfaa4e7d1d4c3e4008476423329bb4\" style=\"font-size:18px\">&#8220;<strong>O professor<\/strong> <strong><mark style=\"background-color:rgba(0, 0, 0, 0)\" class=\"has-inline-color has-vivid-red-color\">me<\/mark><\/strong> <strong>elogiou<\/strong>&#8220;.<\/li>\n\n\n\n<li class=\"has-black-color has-text-color has-link-color wp-elements-27078c122d726753f68bf142b6e1a611\" style=\"font-size:18px\">\ud83d\udc49 <em>O pronome \u201cme\u201d substitui \u201ceu\u201d como objeto direto do verbo \u201celogiar\u201d.<\/em><\/li>\n\n\n\n<li class=\"has-black-color has-text-color has-link-color wp-elements-8183c083bc9f0f60c90a45edfa7576f2\" style=\"font-size:18px\">&#8220;<strong>Eles <mark style=\"background-color:rgba(0, 0, 0, 0)\" class=\"has-inline-color has-vivid-red-color\">nos<\/mark><\/strong> <strong>convidaram<\/strong>.&#8221;<\/li>\n\n\n\n<li class=\"has-black-color has-text-color has-link-color wp-elements-0b9304bea24eca9c0bc85e1544b28d56\" style=\"font-size:18px\">\ud83d\udc49 <em>O pronome \u201cnos\u201d representa \u201cn\u00f3s\u201d e \u00e9 o complemento do verbo \u201cconvidar\u201d<\/em>.<\/li>\n\n\n\n<li class=\"has-black-color has-text-color has-link-color wp-elements-398a7ffa3d01e00953ffe82c88be0a1e\" style=\"font-size:18px\">&#8220;<strong>Ela <mark style=\"background-color:rgba(0, 0, 0, 0)\" class=\"has-inline-color has-vivid-red-color\">te<\/mark><\/strong> <strong>ajudar\u00e1<\/strong>.&#8221;<\/li>\n\n\n\n<li class=\"has-black-color has-text-color has-link-color wp-elements-c735a49f02b2e650fb6cb0b1d093bbd0\" style=\"font-size:18px\">\ud83d\udc49 <em>O pronome \u201cte\u201d substitui \u201ctu\u201d <em>como objeto direto do verbo<\/em> \u201cajudar\u201d<\/em>.<\/li>\n\n\n\n<li class=\"has-black-color has-text-color has-link-color wp-elements-c050c47c117c40fbe9bbca150dfe72db\" style=\"font-size:18px\">&#8220;<strong>O gerente <mark style=\"background-color:rgba(0, 0, 0, 0)\" class=\"has-inline-color has-vivid-red-color\">lhe<\/mark><\/strong> <strong>deu uma oportunidade.<\/strong>&#8220;<\/li>\n\n\n\n<li class=\"has-black-color has-text-color has-link-color wp-elements-b750fb15a5642c9365bfe814a22af4fe\" style=\"font-size:18px\">\ud83d\udc49 <em>O pronome \u201clhe\u201d equivale a \u201ca ele\u201d ou \u201ca ela\u201d e \u00e9 o complemento do verbo \u201cdar\u201d, que exige preposi\u00e7\u00e3o<\/em>.<\/li>\n<\/ul>\n\n\n\n<h3 class=\"wp-block-heading\"><strong><mark style=\"background-color:rgba(0, 0, 0, 0)\" class=\"has-inline-color has-vivid-red-color\">2. T\u00f4nicos (com preposi\u00e7\u00e3o)<\/mark><\/strong><\/h3>\n\n\n\n<p class=\"has-black-color has-text-color has-link-color wp-elements-b35fdfcf714ce85d32ee6b511e877c1a\" style=\"font-size:18px\">S\u00e3o usados com preposi\u00e7\u00e3o (geralmente <em>a, de, para, com<\/em> etc.), funcionando como <strong>complemento nominal ou verbal<\/strong> (objeto indireto) ou em <strong>locu\u00e7\u00f5es prepositivas<\/strong>.<\/p>\n\n\n\n<figure class=\"wp-block-table\"><table class=\"has-fixed-layout\"><thead><tr><th class=\"has-text-align-center\" data-align=\"center\"><mark style=\"background-color:rgba(0, 0, 0, 0);color:#6c0081\" class=\"has-inline-color\">Pessoa<\/mark><\/th><th class=\"has-text-align-center\" data-align=\"center\"><mark style=\"background-color:rgba(0, 0, 0, 0);color:#6c0081\" class=\"has-inline-color\">Singular<\/mark><\/th><th class=\"has-text-align-center\" data-align=\"center\"><mark style=\"background-color:rgba(0, 0, 0, 0);color:#6c0081\" class=\"has-inline-color\">Plural<\/mark><\/th><\/tr><\/thead><tbody><tr><td class=\"has-text-align-center\" data-align=\"center\"><mark style=\"background-color:rgba(0, 0, 0, 0)\" class=\"has-inline-color has-black-color\">1\u00aa<\/mark><\/td><td class=\"has-text-align-center\" data-align=\"center\"><mark style=\"background-color:rgba(0, 0, 0, 0)\" class=\"has-inline-color has-black-color\">mim<\/mark><\/td><td class=\"has-text-align-center\" data-align=\"center\"><mark style=\"background-color:rgba(0, 0, 0, 0)\" class=\"has-inline-color has-black-color\">n\u00f3s<\/mark><\/td><\/tr><tr><td class=\"has-text-align-center\" data-align=\"center\"><mark style=\"background-color:rgba(0, 0, 0, 0)\" class=\"has-inline-color has-black-color\">2\u00aa<\/mark><\/td><td class=\"has-text-align-center\" data-align=\"center\"><mark style=\"background-color:rgba(0, 0, 0, 0)\" class=\"has-inline-color has-black-color\">ti<\/mark><\/td><td class=\"has-text-align-center\" data-align=\"center\"><mark style=\"background-color:rgba(0, 0, 0, 0)\" class=\"has-inline-color has-black-color\">v\u00f3s<\/mark><\/td><\/tr><tr><td class=\"has-text-align-center\" data-align=\"center\"><mark style=\"background-color:rgba(0, 0, 0, 0)\" class=\"has-inline-color has-black-color\">3\u00aa<\/mark><\/td><td class=\"has-text-align-center\" data-align=\"center\"><mark style=\"background-color:rgba(0, 0, 0, 0)\" class=\"has-inline-color has-black-color\">ele, ela<\/mark><\/td><td class=\"has-text-align-center\" data-align=\"center\"><mark style=\"background-color:rgba(0, 0, 0, 0)\" class=\"has-inline-color has-black-color\">eles, elas<\/mark><\/td><\/tr><tr><td class=\"has-text-align-center\" data-align=\"center\"><mark style=\"background-color:rgba(0, 0, 0, 0)\" class=\"has-inline-color has-black-color\">Reflexivo<\/mark><\/td><td class=\"has-text-align-center\" data-align=\"center\"><mark style=\"background-color:rgba(0, 0, 0, 0)\" class=\"has-inline-color has-black-color\">si (sing. ou plural)<\/mark><\/td><td class=\"has-text-align-center\" data-align=\"center\"><mark style=\"background-color:rgba(0, 0, 0, 0)\" class=\"has-inline-color has-black-color\">\u2014<\/mark><\/td><\/tr><\/tbody><\/table><\/figure>\n\n\n\n<p class=\"has-black-color has-text-color has-link-color wp-elements-ac004421b9127228e8b90be77bad976a\" style=\"font-size:18px\">Exemplos:<\/p>\n\n\n\n<ul class=\"wp-block-list\">\n<li class=\"has-black-color has-text-color has-link-color wp-elements-178558164c38f2b96bd4a71d78897740\" style=\"font-size:18px\">Ele trouxe um presente para <strong>mim<\/strong>.<\/li>\n\n\n\n<li class=\"has-black-color has-text-color has-link-color wp-elements-d7f0b31d4ea326c0b826513720ad0a77\" style=\"font-size:18px\">Aquilo n\u00e3o depende de <strong>ti<\/strong>.<\/li>\n\n\n\n<li class=\"has-black-color has-text-color has-link-color wp-elements-fc5d6287f4506a567da4c023a9d66193\" style=\"font-size:18px\">Todos falaram sobre <strong>ela<\/strong>.<\/li>\n\n\n\n<li class=\"has-black-color has-text-color has-link-color wp-elements-5122254c2feab72dec5a746d6a1730ba\" style=\"font-size:18px\">Eles s\u00f3 pensam <strong>neles mesmos<\/strong>.<\/li>\n\n\n\n<li class=\"has-black-color has-text-color has-link-color wp-elements-fa36b80e4bd0932e05073ea144612eff\" style=\"font-size:18px\">Ele guardou tudo para <strong>si<\/strong>.<\/li>\n<\/ul>\n\n\n\n<hr class=\"wp-block-separator has-alpha-channel-opacity\"\/>\n\n\n\n<h4 class=\"wp-block-heading has-black-color has-text-color has-background has-link-color wp-elements-3ccaf49615ca8a00cb2b782d5f7e8336\" style=\"background-color:#fcb90073\">\ud83d\udd39 <strong>Aten\u00e7\u00e3o: &#8216;Mim&#8217; n\u00e3o faz nada!<\/strong><\/h4>\n\n\n\n<p class=\"has-black-color has-text-color has-link-color wp-elements-8384bb11bf50f1832911454fa91bf51d\" style=\"font-size:18px\">Um erro muito comum \u00e9 usar o <strong>\u201cmim\u201d<\/strong> como sujeito. Isso n\u00e3o ocorre, pois <strong>pronomes do caso obl\u00edquo n\u00e3o exercem a fun\u00e7\u00e3o de sujeito.<\/strong><\/p>\n\n\n\n<p class=\"has-black-color has-text-color has-link-color wp-elements-9b7e4ea7288933004277966f6fcb16ea\" style=\"font-size:18px\">\u274c <strong>\u201cMim fui ao mercado.\u201d<\/strong> \u2192 <strong>Errado<\/strong><br>\u2705 <strong>\u201cEu fui ao mercado.\u201d<\/strong> \u2192 <strong>Correto<\/strong><\/p>\n\n\n\n<p class=\"has-black-color has-text-color has-link-color wp-elements-5331dd491579d99b0b2051af0235d0d4\" style=\"font-size:18px\">Por outro lado:<\/p>\n\n\n\n<p class=\"has-black-color has-text-color has-link-color wp-elements-7cb6216fd17942114e2941c650caa536\" style=\"font-size:18px\">\u2705 <strong>\u201cEle trouxe o presente para mim.\u201d<\/strong> \u2192 Correto (complemento, com preposi\u00e7\u00e3o)<\/p>\n\n\n\n<hr class=\"wp-block-separator has-alpha-channel-opacity\"\/>\n\n\n\n<h3 class=\"wp-block-heading has-vivid-red-color has-text-color has-link-color wp-elements-8fb5e29a64a271f3cea0be38442877f6\"><strong>Fun\u00e7\u00e3o dos Pronomes Obl\u00edquos<\/strong><\/h3>\n\n\n\n<ul class=\"wp-block-list\">\n<li class=\"has-black-color has-text-color has-link-color wp-elements-5bf7fc4891a8bd2ea613e8d19d989ac7\" style=\"font-size:18px\"><strong>\u00c1tonos<\/strong> \u2192 objetos diretos ou indiretos <strong>sem preposi\u00e7\u00e3o<\/strong><\/li>\n\n\n\n<li class=\"has-black-color has-text-color has-link-color wp-elements-ac4701ef23ca61e3392d1ce84665b057\" style=\"font-size:18px\"><strong>T\u00f4nicos<\/strong> \u2192 objetos indiretos, complementos ou adjuntos com <strong>preposi\u00e7\u00e3o obrigat\u00f3ria<\/strong><\/li>\n<\/ul>\n\n\n\n<hr class=\"wp-block-separator has-alpha-channel-opacity\"\/>\n\n\n\n<h3 class=\"wp-block-heading has-vivid-red-color has-text-color has-link-color wp-elements-bb73d2a049b23d54366d0328acca2875\"><strong>Valor Coesivo dos Pronomes Obl\u00edquos<\/strong><\/h3>\n\n\n\n<p class=\"has-black-color has-text-color has-link-color wp-elements-17347d2b98097f0d7ba5a66fb2e7de37\" style=\"font-size:18px\">Assim como os pronomes do caso reto, os do caso obl\u00edquo tamb\u00e9m atuam como <strong>elementos de coes\u00e3o textual<\/strong>, retomando termos j\u00e1 mencionados ou antecipando refer\u00eancias.<\/p>\n\n\n\n<p class=\"has-black-color has-text-color has-link-color wp-elements-f628738bc5a3e9568e5c7c250919f80a\" style=\"font-size:18px\"><strong>Exemplo:<\/strong><\/p>\n\n\n\n<p class=\"has-black-color has-text-color has-link-color wp-elements-20a8d456b7a5edaa6f6d1d209b036143\" style=\"font-size:18px\"><em>Ana viu o livro e guardou-o na bolsa.<\/em> (o = o livro)<\/p>\n\n\n\n<hr class=\"wp-block-separator has-alpha-channel-opacity\"\/>\n\n\n\n<h3 class=\"wp-block-heading has-black-color has-text-color has-background has-link-color wp-elements-c8be875215dbe59ee6e425a955a11858\" style=\"background-color:#fa61e352\">\u2705 <strong>Resumo R\u00e1pido<\/strong><\/h3>\n\n\n\n<ul class=\"wp-block-list\">\n<li class=\"has-black-color has-text-color has-link-color wp-elements-52a071548903573e0254506945d94595\" style=\"font-size:18px\">Substituem nomes como complemento verbal ou nominal.<\/li>\n\n\n\n<li class=\"has-black-color has-text-color has-link-color wp-elements-09974989799341559e36014ea1d8f016\" style=\"font-size:18px\"><strong>\u00c1tonos<\/strong> \u2192 ligados ao verbo sem preposi\u00e7\u00e3o.<\/li>\n\n\n\n<li class=\"has-black-color has-text-color has-link-color wp-elements-1603c184e8f70a4df090bf86ac90997d\" style=\"font-size:18px\"><strong>T\u00f4nicos<\/strong> \u2192 usados com preposi\u00e7\u00e3o.<\/li>\n\n\n\n<li class=\"has-black-color has-text-color has-link-color wp-elements-5ac15f8470a80c8cd48e964e381112a9\" style=\"font-size:18px\">Importantes para coes\u00e3o e clareza do texto.<\/li>\n\n\n\n<li class=\"has-black-color has-text-color has-link-color wp-elements-b9eaa4fa6a884ec21f2bb7fc1a12eb9f\" style=\"font-size:18px\">Nunca funcionam como sujeito.<\/li>\n<\/ul>\n","protected":false},"excerpt":{"rendered":"<p>Os pronomes pessoais do caso obl\u00edquo s\u00e3o usados como complementos verbais ou nominais (objeto direto ou indireto) e nunca como sujeito. Eles representam as pessoas do discurso, assim como os do caso reto, mas exercem outras fun\u00e7\u00f5es sint\u00e1ticas dentro da ora\u00e7\u00e3o. Tipos de Pronomes Obl\u00edquos Os pronomes obl\u00edquos se dividem em dois grupos: 1. \u00c1tonos [&hellip;]<\/p>\n","protected":false},"author":1,"featured_media":0,"parent":0,"menu_order":0,"comment_status":"closed","ping_status":"closed","template":"","meta":{"footnotes":""},"class_list":["post-611","page","type-page","status-publish","hentry"],"_links":{"self":[{"href":"https:\/\/ligadonoportugues.com.br\/index.php\/wp-json\/wp\/v2\/pages\/611","targetHints":{"allow":["GET"]}}],"collection":[{"href":"https:\/\/ligadonoportugues.com.br\/index.php\/wp-json\/wp\/v2\/pages"}],"about":[{"href":"https:\/\/ligadonoportugues.com.br\/index.php\/wp-json\/wp\/v2\/types\/page"}],"author":[{"embeddable":true,"href":"https:\/\/ligadonoportugues.com.br\/index.php\/wp-json\/wp\/v2\/users\/1"}],"replies":[{"embeddable":true,"href":"https:\/\/ligadonoportugues.com.br\/index.php\/wp-json\/wp\/v2\/comments?post=611"}],"version-history":[{"count":51,"href":"https:\/\/ligadonoportugues.com.br\/index.php\/wp-json\/wp\/v2\/pages\/611\/revisions"}],"predecessor-version":[{"id":714,"href":"https:\/\/ligadonoportugues.com.br\/index.php\/wp-json\/wp\/v2\/pages\/611\/revisions\/714"}],"wp:attachment":[{"href":"https:\/\/ligadonoportugues.com.br\/index.php\/wp-json\/wp\/v2\/media?parent=611"}],"curies":[{"name":"wp","href":"https:\/\/api.w.org\/{rel}","templated":true}]}}