{"id":661,"date":"2025-06-16T13:08:15","date_gmt":"2025-06-16T16:08:15","guid":{"rendered":"https:\/\/ligadonoportugues.com.br\/?page_id=661"},"modified":"2025-06-16T14:36:17","modified_gmt":"2025-06-16T17:36:17","slug":"pronomes-pessoais-exercicios","status":"publish","type":"page","link":"https:\/\/ligadonoportugues.com.br\/index.php\/pronomes-pessoais-exercicios\/","title":{"rendered":"Pronomes Pessoais &#8211; Exerc\u00edcios"},"content":{"rendered":"\n<p class=\"has-black-color has-text-color has-link-color wp-elements-80b11532963f37f2e64f74479d90b985\" style=\"font-size:18px\"><strong>1.<\/strong> ___ estudamos muito para a prova de portugu\u00eas.<br>a) N\u00f3s<br>b) Nos<br>c) A gente<br>d) M\u00f3s<\/p>\n\n\n\n<hr class=\"wp-block-separator has-alpha-channel-opacity\"\/>\n\n\n\n<p class=\"has-black-color has-text-color has-link-color wp-elements-844e5897e1239792f6a9e59d56ee73f4\" style=\"font-size:18px\"><strong>2.<\/strong> Ana e Paula sa\u00edram mais cedo porque ___ tinham compromisso.<br>a) ela<br>b) n\u00f3s<br>c) elas<br>d) v\u00f3s<\/p>\n\n\n\n<hr class=\"wp-block-separator has-alpha-channel-opacity\"\/>\n\n\n\n<p class=\"has-black-color has-text-color has-link-color wp-elements-c739b85340653fea2f08aa0efc4ad173\" style=\"font-size:18px\"><strong>3.<\/strong> Mariana trouxe o presente para ___.<br>a) mim<br>b) eu<br>c) me<br>d) o<\/p>\n\n\n\n<hr class=\"wp-block-separator has-alpha-channel-opacity\"\/>\n\n\n\n<p class=\"has-black-color has-text-color has-link-color wp-elements-3fa4aabe0d3c11450133163926fa2e27\" style=\"font-size:18px\"><strong>4.<\/strong> O professor explicou tudo a Jo\u00e3o, mas ele n\u00e3o entendeu porque estava distra\u00eddo. Nesse caso, o pronome <strong>&#8220;ele&#8221;<\/strong> \u00e9:<br>a) Pronome obl\u00edquo \u00e1tono<br>b) Pronome de tratamento<br>c) Pronome pessoal do caso reto<br>d) Pronome possessivo<\/p>\n\n\n\n<hr class=\"wp-block-separator has-alpha-channel-opacity\"\/>\n\n\n\n<p class=\"has-black-color has-text-color has-link-color wp-elements-ee825054a4e5316b94302eb9b16b12b5\" style=\"font-size:18px\"><strong>5.<\/strong> O garoto estava nervoso, pois todos riram de ___.<br>a) eu<br>b) si<br>c) ele<br>d) mim<\/p>\n\n\n\n<hr class=\"wp-block-separator has-alpha-channel-opacity\"\/>\n\n\n\n<p class=\"has-black-color has-text-color has-link-color wp-elements-8beb4ee8626b41ffc84fa1de298cf726\" style=\"font-size:18px\"><strong>6.<\/strong> Eles disseram que v\u00e3o nos buscar no fim da tarde. O pronome <strong>&#8220;nos&#8221;<\/strong> \u00e9:<br>a) Reto<br>b) Obl\u00edquo t\u00f4nico<br>c) Obl\u00edquo \u00e1tono<br>d) Demonstrativo<\/p>\n\n\n\n<hr class=\"wp-block-separator has-alpha-channel-opacity\"\/>\n\n\n\n<p class=\"has-black-color has-text-color has-link-color wp-elements-588fc3087bc5337408826d839bea69a6\" style=\"font-size:18px\"><strong>7.<\/strong> N\u00e3o sei o que houve entre voc\u00ea e ___.<br>a) mim<br>b) eu<br>c) me<br>d) si<\/p>\n\n\n\n<hr class=\"wp-block-separator has-alpha-channel-opacity\"\/>\n\n\n\n<p class=\"has-black-color has-text-color has-link-color wp-elements-60a72b3c8e293fe188f2c08ad8a858a8\" style=\"font-size:18px\"><strong>8.<\/strong> ___ viu meu casaco por aqui?<br>a) Vos<br>b) Tu<br>c) Ti<br>d) Te<\/p>\n\n\n\n<hr class=\"wp-block-separator has-alpha-channel-opacity\"\/>\n\n\n\n<p class=\"has-black-color has-text-color has-link-color wp-elements-70c1641aa4bbc3d99ca51e6c6205a3e6\" style=\"font-size:18px\"><strong>9.<\/strong> O juiz ___ avisou do cancelamento da audi\u00eancia.<br>a) te<br>b) ti<br>c) tu<br>d) contigo<\/p>\n\n\n\n<hr class=\"wp-block-separator has-alpha-channel-opacity\"\/>\n\n\n\n<p class=\"has-black-color has-text-color has-link-color wp-elements-d2336e11ab51c65f64040c8eb6ce6f4f\" style=\"font-size:18px\"><strong>10.<\/strong> V\u00f3s sempre ___ achais no direito de julgar os outros.<br>a) se<br>b) nos<br>c) vos<br>d) v\u00f3s<\/p>\n\n\n\n<hr class=\"wp-block-separator has-alpha-channel-opacity\"\/>\n\n\n\n<p class=\"has-black-color has-text-color has-link-color wp-elements-c37ef1b3dbe8b04fa5a29d6ac0b8d231\" style=\"font-size:18px\"><strong>11.<\/strong> Ele trouxe os documentos para ___.<br>a) me<br>b) mim<br>c) eu<br>d) o<\/p>\n\n\n\n<hr class=\"wp-block-separator has-alpha-channel-opacity\"\/>\n\n\n\n<p class=\"has-black-color has-text-color has-link-color wp-elements-7169f88760536241cd6d00fb458cdc23\" style=\"font-size:18px\"><strong>12.<\/strong> Os alunos estavam animados, e o diretor ___ elogiou no final da apresenta\u00e7\u00e3o.<br>a) lhes<br>b) se<br>c) os<br>d) lhes os<\/p>\n\n\n\n<hr class=\"wp-block-separator has-alpha-channel-opacity\"\/>\n\n\n\n<p class=\"has-black-color has-text-color has-link-color wp-elements-dfe147fa6dc89a50123b74dd2274006d\" style=\"font-size:18px\"><strong>13.<\/strong> N\u00e3o posso ir com voc\u00eas, pois ela n\u00e3o quer sair sem ___.<br>a) n\u00f3s<br>b) conosco<br>c) a gente<br>d) nos<\/p>\n\n\n\n<hr class=\"wp-block-separator has-alpha-channel-opacity\"\/>\n\n\n\n<p class=\"has-black-color has-text-color has-link-color wp-elements-a91c47df53b7352d40671784de26b2ee\" style=\"font-size:18px\"><strong>14.<\/strong> A professora pediu para que cada um fizesse a sua parte, inclusive ___.<br>a) eu<br>b) me<br>c) mim<br>d) n\u00f3s<\/p>\n\n\n\n<hr class=\"wp-block-separator has-alpha-channel-opacity\"\/>\n\n\n\n<p class=\"has-black-color has-text-color has-link-color wp-elements-e9937c98640ce06636956c71421fd0aa\" style=\"font-size:18px\"><strong>15.<\/strong> \u2014 Quem vai ao cinema?<br>\u2014 ___ vou!<br>a) Mim<br>b) Eu<br>c) Me<br>d) Comigo<\/p>\n\n\n\n<hr class=\"wp-block-separator has-alpha-channel-opacity\"\/>\n\n\n\n<p class=\"has-black-color has-text-color has-link-color wp-elements-3bbe502ed6bfd7906616cb5398fb1665\" style=\"font-size:18px\"><strong>16.<\/strong> Todos riram de ____, mas ele n\u00e3o ligou.<br>a) si<br>b) mim<br>c) eu<br>d) me<\/p>\n\n\n\n<hr class=\"wp-block-separator has-alpha-channel-opacity\"\/>\n\n\n\n<p class=\"has-black-color has-text-color has-link-color wp-elements-ef92b5c28fc1d8d4c7f17a66e5acc3b6\" style=\"font-size:18px\"><strong>17.<\/strong> O presente foi entregue a Ana e ___.<br>a) eu<br>b) mim<br>c) me<br>d) comigo<\/p>\n\n\n\n<hr class=\"wp-block-separator has-alpha-channel-opacity\"\/>\n\n\n\n<p class=\"has-black-color has-text-color has-link-color wp-elements-4a5743629e8ddfd197ace9e0d0ee0e32\" style=\"font-size:18px\"><strong>18.<\/strong> O diretor nos chamou e pediu que ___ f\u00f4ssemos at\u00e9 a sala.<br>a) a gente<br>b) n\u00f3s<br>c) mim<br>d) nos<\/p>\n\n\n\n<hr class=\"wp-block-separator has-alpha-channel-opacity\"\/>\n\n\n\n<p class=\"has-black-color has-text-color has-link-color wp-elements-5f6bb8104fd25b2de9a267f29905e217\" style=\"font-size:18px\"><strong>19.<\/strong> Os amigos disseram que encontraram o caderno e j\u00e1 ___ devolveram.<br>a) me<br>b) mim<br>c) eu<br>d) lhe<\/p>\n\n\n\n<hr class=\"wp-block-separator has-alpha-channel-opacity\"\/>\n\n\n\n<p class=\"has-black-color has-text-color has-link-color wp-elements-0290573463ee25245f8fd6fa418fdbca\" style=\"font-size:18px\"><strong>20.<\/strong> O presidente do clube disse que s\u00f3 confia em ___.<br>a) mim<br>b) me<br>c) eu<br>d) contigo<\/p>\n\n\n\n<hr class=\"wp-block-separator has-alpha-channel-opacity\"\/>\n\n\n\n<p class=\"has-black-color has-text-color has-link-color wp-elements-f29605fb937e31859f70e0fcdd64db6e\" style=\"font-size:18px\"><strong>Texto para as quest\u00f5es 21 e 22<\/strong><\/p>\n\n\n\n<p class=\"has-black-color has-text-color has-link-color wp-elements-2d8367c69d8f134f75722cd809f9cc5a\" style=\"font-size:18px\"><em>Joana preparou uma apresenta\u00e7\u00e3o sobre sustentabilidade. Ela pesquisou dados, montou os slides e ensaiou bastante. No dia da apresenta\u00e7\u00e3o, os colegas elogiaram <strong>ela<\/strong>, e o professor tamb\u00e9m <strong>a<\/strong> parabenizou. Joana ficou satisfeita com o resultado e agradeceu o apoio dos colegas.<\/em><\/p>\n\n\n\n<p class=\"has-black-color has-text-color has-link-color wp-elements-2dc161237ec3d581e4f1836cb8af247a\" style=\"font-size:18px\"><strong>21.<\/strong> <strong>O pronome destacado em &#8220;<em>os colegas elogiaram ela<\/em>&#8221; refere-se a:<\/strong><br>a) A apresenta\u00e7\u00e3o<br>b) Sustentabilidade<br>c) Joana<br>d) Os colegas<\/p>\n\n\n\n<p class=\"has-black-color has-text-color has-link-color wp-elements-4263362f0aad5c219eab1a7f986a673a\" style=\"font-size:18px\"><strong>22.<\/strong> <strong>O pronome destacado em &#8220;<em>o professor tamb\u00e9m a parabenizou<\/em>&#8221; refere-se a:<\/strong><br>a) O professor<br>b) Joana<br>c) A apresenta\u00e7\u00e3o<br>d) Os colegas<\/p>\n\n\n\n<hr class=\"wp-block-separator has-alpha-channel-opacity\"\/>\n\n\n\n<p class=\"has-black-color has-text-color has-link-color wp-elements-86055603ee4364b742d9cd844e1d763a\" style=\"font-size:18px\"><strong>Texto para as quest\u00f5es 23 e 24<\/strong><\/p>\n\n\n\n<p class=\"has-black-color has-text-color has-link-color wp-elements-e8095a103d3741e386d49c80efe0e712\" style=\"font-size:18px\"><em>Andr\u00e9 e Rodrigo chegaram cedo ao ensaio. <strong>Eles<\/strong> estavam animados, pois haviam ensaiado muito em casa. O diretor viu os dois e disse que confiava <strong>neles<\/strong> para o n\u00famero de abertura da pe\u00e7a. A dupla respondeu com um sorriso.<\/em><\/p>\n\n\n\n<p class=\"has-black-color has-text-color has-link-color wp-elements-4a2ec6707f389f7565336507769e3e23\" style=\"font-size:18px\"><strong>23.<\/strong> <strong>O pronome destacado em &#8220;<em><em><strong>Eles<\/strong> estavam animados<\/em><\/em>&#8221; refere-se a:<\/strong><br>a) A pe\u00e7a<br>b) Os ensaios<br>c) Andr\u00e9 e Rodrigo<br>d) A dupla<\/p>\n\n\n\n<p class=\"has-black-color has-text-color has-link-color wp-elements-09445a9c30cc62c936060b0523e8d081\" style=\"font-size:18px\"><strong>24.<\/strong> <strong>O pronome destacado em &#8220;<em>confiava neles<\/em>&#8221; refere-se a:<\/strong><br>a) Os diretores<br>b) Andr\u00e9 e Rodrigo<br>c) Os colegas<br>d) Os ensaios<\/p>\n\n\n\n<hr class=\"wp-block-separator has-alpha-channel-opacity\"\/>\n\n\n\n<p class=\"has-black-color has-text-color has-link-color wp-elements-8fe94e0e2e7d01b88c5ea1cae6ccf971\" style=\"font-size:18px\"><strong>Texto para as quest\u00f5es 25 e 26<\/strong><\/p>\n\n\n\n<p class=\"has-black-color has-text-color has-link-color wp-elements-d83ab88d3efd22e68cf72aafa68d5989\" style=\"font-size:18px\"><em>F\u00e1bio trouxe livros interessantes para o grupo de estudos. Alguns alunos pediram para lev\u00e1-los para casa, e ele <strong>os<\/strong> emprestou sem problemas. No outro dia, todos <strong>lhe<\/strong> agradeceram pela gentileza.<\/em><\/p>\n\n\n\n<p class=\"has-black-color has-text-color has-link-color wp-elements-884055cf1b6cc9d30a412001125e6110\" style=\"font-size:18px\"><strong>25.<\/strong> <strong>O pronome destacado em &#8220;<em>ele os emprestou<\/em>&#8221; refere-se a:<\/strong><br>a) Os alunos<br>b) O grupo<br>c) Os livros<br>d) Os dias<\/p>\n\n\n\n<p class=\"has-black-color has-text-color has-link-color wp-elements-ce9141a1e79a11b107edffe66a04cb37\" style=\"font-size:18px\"><strong>26.<\/strong> <strong>O pronome destacado em &#8220;<em>todos lhe agradeceram<\/em>&#8221; refere-se a:<\/strong><br>a) Os alunos<br>b) F\u00e1bio<br>c) Os livros<br>d) O grupo<\/p>\n\n\n\n<hr class=\"wp-block-separator has-alpha-channel-opacity\"\/>\n\n\n\n<p class=\"has-black-color has-text-color has-link-color wp-elements-9a24cb3c5980d42c7d3d12a658c3a11c\" style=\"font-size:18px\"><strong>Texto para as quest\u00f5es 27 e 28<\/strong><\/p>\n\n\n\n<p class=\"has-black-color has-text-color has-link-color wp-elements-b966ddd351653f6c0f5e02ee9f7f1d73\" style=\"font-size:18px\"><em>Meu irm\u00e3o e eu fomos ao museu no s\u00e1bado. <strong>N\u00f3s<\/strong> vimos exposi\u00e7\u00f5es interativas, tiramos fotos e falamos com alguns artistas. Ao sair, uma guia <strong>nos<\/strong> ofereceu um f\u00f4lder com as pr\u00f3ximas atra\u00e7\u00f5es. Sa\u00edmos animados.<\/em><\/p>\n\n\n\n<p class=\"has-black-color has-text-color has-link-color wp-elements-e7f1469345ad8f29ee4cac8b63ae6f85\" style=\"font-size:18px\"><strong>27.<\/strong> <strong>O pronome \u201cn\u00f3s\u201d no trecho &#8220;<em>N\u00f3s vimos exposi\u00e7\u00f5es interativas<\/em>&#8221; refere-se a:<\/strong><br>a) Os artistas<br>b) O irm\u00e3o e eu<br>c) A guia<br>d) O museu<\/p>\n\n\n\n<p class=\"has-black-color has-text-color has-link-color wp-elements-9de55a6ec7d3eb60ce9bba1181971a21\" style=\"font-size:18px\"><strong>28.<\/strong> <strong>O pronome \u201cnos\u201d em \u201c<em>nos ofereceu um f\u00f4lder<\/em>\u201d refere-se a:<\/strong><br>a) A guia<br>b) Os artistas<br>c) Meu irm\u00e3o e eu<br>d) As atra\u00e7\u00f5es<\/p>\n\n\n\n<hr class=\"wp-block-separator has-alpha-channel-opacity\"\/>\n\n\n\n<p class=\"has-black-color has-text-color has-link-color wp-elements-ab47e0d6ad6798ed66fca90ed66a19a3\" style=\"font-size:18px\"><strong>Texto para as quest\u00f5es 29 e 30<\/strong><\/p>\n\n\n\n<p class=\"has-black-color has-text-color has-link-color wp-elements-dc854b176b47a28487e2547673d7246d\" style=\"font-size:18px\"><em>Luciana visitou seus av\u00f3s no interior. <strong>Eles<\/strong> ficaram felizes com a visita e prepararam um almo\u00e7o especial. Quando ela se despediu, <strong>lhe<\/strong> deram um presente feito \u00e0 m\u00e3o.<\/em><\/p>\n\n\n\n<p class=\"has-black-color has-text-color has-link-color wp-elements-afcc412a8d1be6c7f6572afdc8c3e2fa\" style=\"font-size:18px\"><strong>29.<\/strong> <strong>O pronome \u201celes\u201d em &#8220;<em>Eles ficaram felizes com a visita<\/em>&#8221; refere-se a:<\/strong><br>a) Os pais de Luciana<br>b) Os irm\u00e3os<br>c) Os av\u00f3s<br>d) Os vizinhos<\/p>\n\n\n\n<p class=\"has-black-color has-text-color has-link-color wp-elements-8e3ea7b312cdb6588a2b648dfd78fcc2\" style=\"font-size:18px\"><strong>30.<\/strong> <strong>O pronome \u201clhe\u201d no trecho &#8220;<em>Quando ela se despediu, lhe deram um presente feito \u00e0 m\u00e3o<\/em>&#8221; refere-se a:<\/strong><br>a) Luciana<br>b) Os av\u00f3s<br>c) O presente<br>d) O almo\u00e7o<\/p>\n\n\n\n<hr class=\"wp-block-separator has-alpha-channel-opacity\"\/>\n\n\n\n<p class=\"has-black-color has-text-color has-link-color wp-elements-a3ec9eee8b6ee629bf0f47bdb8ece1e8\" style=\"font-size:18px\"><strong>Texto para as quest\u00f5es 31 e 32<\/strong><\/p>\n\n\n\n<p class=\"has-black-color has-text-color has-link-color wp-elements-55e93f5e91e7cff30db93d7eb294d998\" style=\"font-size:18px\"><em>Pedro chegou cansado da escola, mas animado com a nova atividade. <strong>Ele<\/strong> contou tudo \u00e0 m\u00e3e, e ela <strong>o<\/strong> ouviu com aten\u00e7\u00e3o. Depois, perguntou se queria ajuda para organizar o material.<\/em><\/p>\n\n\n\n<p class=\"has-black-color has-text-color has-link-color wp-elements-736d8732a3ade4cfbf2adacc8f41fa7b\" style=\"font-size:18px\"><strong>31. O pronome \u201cele\u201d no trecho &#8220;<em><strong>Ele<\/strong> contou tudo \u00e0 m\u00e3e<\/em><\/strong>&#8221; <strong>refere-se a:<\/strong><br>a) O material<br>b) A escola<br>c) Pedro<br>d) A m\u00e3e<\/p>\n\n\n\n<p class=\"has-black-color has-text-color has-link-color wp-elements-65190569d1b8eae9a97e442243d9415c\" style=\"font-size:18px\"><strong>32.<\/strong> <strong>O pronome \u201co\u201d em \u201c<em>ela o ouviu<\/em>\u201d refere-se a:<\/strong><br>a) O Pedro<br>b) O material<br>c) O pai<br>d) O cansa\u00e7o<\/p>\n\n\n\n<hr class=\"wp-block-separator has-alpha-channel-opacity\"\/>\n\n\n\n<p class=\"has-black-color has-text-color has-link-color wp-elements-bfb422f544bbd6a54f369ed06585e54c\" style=\"font-size:18px\"><strong>Texto para as quest\u00f5es 33 e 34<\/strong><\/p>\n\n\n\n<p class=\"has-black-color has-text-color has-link-color wp-elements-c9dcd92c78f0218573349a17a6abbc7e\" style=\"font-size:18px\"><em>Os alunos se reuniram para terminar o trabalho. O professor <strong>os<\/strong> orientou durante a manh\u00e3, mas pediu que <strong>eles<\/strong> tomassem as decis\u00f5es finais sozinhos. No fim, entregaram o trabalho no prazo.<\/em><\/p>\n\n\n\n<p class=\"has-black-color has-text-color has-link-color wp-elements-b5addd246681dd940ff6c5d5c6e7c9b4\" style=\"font-size:18px\"><strong>33.<\/strong> <strong>O pronome \u201cos\u201d em \u201c<em>o professor os orientou<\/em>\u201d refere-se a:<\/strong><br>a) Os professores<br>b) O trabalho<br>c) Os alunos<br>d) As decis\u00f5es<\/p>\n\n\n\n<p class=\"has-black-color has-text-color has-link-color wp-elements-f6c5e53bbbb0a38aa17cd621bf701aa9\" style=\"font-size:18px\"><strong>34.<\/strong> <strong>O pronome \u201celes\u201d no trecho &#8220;<em>mas pediu que eles tomassem as decis\u00f5es finais sozinhos<\/em>&#8221; refere-se a:<\/strong><br>a) Os professores<br>b) O grupo<br>c) Os alunos<br>d) O prazo<\/p>\n\n\n\n<hr class=\"wp-block-separator has-alpha-channel-opacity\"\/>\n\n\n\n<p class=\"has-black-color has-text-color has-link-color wp-elements-1d5f0ab19c17edcdb2f676605ef63507\" style=\"font-size:18px\"><strong>Texto para as quest\u00f5es 35 e 36<\/strong><\/p>\n\n\n\n<p class=\"has-black-color has-text-color has-link-color wp-elements-334f91dafaacdf382ff3a4109baac9f4\" style=\"font-size:18px\"><em>Beatriz e Carla criaram uma campanha contra o desperd\u00edcio de \u00e1gua. <strong>Elas<\/strong> escreveram cartazes, produziram v\u00eddeos e divulgaram tudo nas redes sociais. A diretora <strong>as<\/strong> chamou para parabeniz\u00e1-las pela iniciativa.<\/em><\/p>\n\n\n\n<p class=\"has-black-color has-text-color has-link-color wp-elements-93c33cebbddfd189253e263d63471c30\" style=\"font-size:18px\"><strong>35.<\/strong> <strong>O pronome \u201celas\u201d no trecho &#8220;<em>Elas escreveram cartazes,<\/em>&#8221; refere-se a:<\/strong><br>a) As campanhas<br>b) Beatriz e Carla<br>c) As redes<br>d) A diretora<\/p>\n\n\n\n<p class=\"has-black-color has-text-color has-link-color wp-elements-221842fefd56cf827b745c0498d41b35\" style=\"font-size:18px\"><strong>36.<\/strong> <strong>O pronome \u201cas\u201d em \u201c<em>a diretora as chamou<\/em>\u201d refere-se a:<\/strong><br>a) As redes sociais<br>b) As campanhas<br>c) Beatriz e Carla<br>d) Os v\u00eddeos<\/p>\n\n\n\n<hr class=\"wp-block-separator has-alpha-channel-opacity\"\/>\n\n\n\n<p class=\"has-black-color has-text-color has-link-color wp-elements-aa27dd39913ac0247c07642cadec6294\" style=\"font-size:18px\"><strong>Texto para as quest\u00f5es 37 e 38<\/strong><\/p>\n\n\n\n<p class=\"has-black-color has-text-color has-link-color wp-elements-0427b33c9d2193beb46dba19902fe4cd\" style=\"font-size:18px\"><em>Est\u00e1vamos organizando a sala quando Lucas entrou. <strong>Ele<\/strong> sugeriu uma nova disposi\u00e7\u00e3o das carteiras, e todos <strong>lhe<\/strong> deram raz\u00e3o. A turma aprovou a ideia e come\u00e7ou a mover os m\u00f3veis.<\/em><\/p>\n\n\n\n<p class=\"has-black-color has-text-color has-link-color wp-elements-10d722e33c62960bc3472e49c9bafd7a\" style=\"font-size:18px\"><strong>37.<\/strong> <strong>O pronome \u201cele\u201d no trecho &#8220;<em>Ele sugeriu uma nova disposi\u00e7\u00e3o das carteiras<\/em>&#8221; refere-se a:<\/strong><br>a) O professor<br>b) Lucas<br>c) Um aluno qualquer<br>d) A turma<\/p>\n\n\n\n<p class=\"has-black-color has-text-color has-link-color wp-elements-347978374943b3dc9df05b8b6c15d1cc\" style=\"font-size:18px\"><strong>38.<\/strong> <strong>O pronome \u201clhe\u201d em \u201c<em>todos lhe deram raz\u00e3o<\/em>\u201d refere-se a:<\/strong><br>a) A turma<br>b) Os m\u00f3veis<br>c) Lucas<br>d) A sala<\/p>\n\n\n\n<hr class=\"wp-block-separator has-alpha-channel-opacity\"\/>\n\n\n\n<p class=\"has-black-color has-text-color has-link-color wp-elements-157d364f9fef69c47436fdd5cd4b76f1\" style=\"font-size:18px\"><strong>Texto para as quest\u00f5es 39 e 40<\/strong><\/p>\n\n\n\n<p class=\"has-black-color has-text-color has-link-color wp-elements-53a22b8a1054ca6ae1af40a8f33161b2\" style=\"font-size:18px\"><em>Durante o recreio, Mariana procurava sua pulseira. Ela perguntou a Ana e J\u00falia se <strong>a<\/strong> tinham visto. Nenhuma sabia onde estava. Mais tarde, um aluno <strong>lhe<\/strong> entregou a joia, que havia sido deixada no bebedouro.<\/em><\/p>\n\n\n\n<p class=\"has-black-color has-text-color has-link-color wp-elements-43d499fe0abfdc7b1b555d7371e033fd\" style=\"font-size:18px\"><strong>39.<\/strong> <strong>O pronome \u201ca\u201d em \u201c<em>se a tinham visto<\/em>\u201d refere-se a:<\/strong><br>a) Mariana<br>b) A pulseira<br>c) J\u00falia<br>d) Ana<\/p>\n\n\n\n<p class=\"has-black-color has-text-color has-link-color wp-elements-05c8ad3109ac5aa2d6fe680899f99f5d\" style=\"font-size:18px\"><strong>40.<\/strong> <strong>O pronome \u201clhe\u201d em \u201c<em>um aluno lhe entregou<\/em>\u201d refere-se a:<\/strong><br>a) Ana<br>b) Mariana<br>c) J\u00falia<br>d) O aluno<\/p>\n\n\n\n<hr class=\"wp-block-separator has-alpha-channel-opacity\"\/>\n\n\n\n<p class=\"has-black-color has-text-color has-link-color wp-elements-33117773daf0b9c166016cc2c52e6b79\" style=\"font-size:9px\"><strong>GABARITO<\/strong>: 1.a; 2.c; 3.a; 4.c; 5.d; 6.d; 7.a; 8.b; 9.a; 10. c; 11.b; 12.c; 13.b; 14.a; 15.b; 16.b; 17. b; 18. b; 19.a; 20. a; 21.c; 22.b; 23.c; 24.b; 25.c; 26.b; 27.b; 28.c; 29.c; 30.a; 31.c; 32.a; 33.c; 34.c; 35.b; 36.b; 37.b; 38.c; 39.b; 40.b<\/p>\n","protected":false},"excerpt":{"rendered":"<p>1. ___ estudamos muito para a prova de portugu\u00eas.a) N\u00f3sb) Nosc) A gented) M\u00f3s 2. Ana e Paula sa\u00edram mais cedo porque ___ tinham compromisso.a) elab) n\u00f3sc) elasd) v\u00f3s 3. Mariana trouxe o presente para ___.a) mimb) euc) med) o 4. O professor explicou tudo a Jo\u00e3o, mas ele n\u00e3o entendeu porque estava distra\u00eddo. Nesse [&hellip;]<\/p>\n","protected":false},"author":1,"featured_media":0,"parent":0,"menu_order":0,"comment_status":"closed","ping_status":"closed","template":"","meta":{"footnotes":""},"class_list":["post-661","page","type-page","status-publish","hentry"],"_links":{"self":[{"href":"https:\/\/ligadonoportugues.com.br\/index.php\/wp-json\/wp\/v2\/pages\/661","targetHints":{"allow":["GET"]}}],"collection":[{"href":"https:\/\/ligadonoportugues.com.br\/index.php\/wp-json\/wp\/v2\/pages"}],"about":[{"href":"https:\/\/ligadonoportugues.com.br\/index.php\/wp-json\/wp\/v2\/types\/page"}],"author":[{"embeddable":true,"href":"https:\/\/ligadonoportugues.com.br\/index.php\/wp-json\/wp\/v2\/users\/1"}],"replies":[{"embeddable":true,"href":"https:\/\/ligadonoportugues.com.br\/index.php\/wp-json\/wp\/v2\/comments?post=661"}],"version-history":[{"count":33,"href":"https:\/\/ligadonoportugues.com.br\/index.php\/wp-json\/wp\/v2\/pages\/661\/revisions"}],"predecessor-version":[{"id":728,"href":"https:\/\/ligadonoportugues.com.br\/index.php\/wp-json\/wp\/v2\/pages\/661\/revisions\/728"}],"wp:attachment":[{"href":"https:\/\/ligadonoportugues.com.br\/index.php\/wp-json\/wp\/v2\/media?parent=661"}],"curies":[{"name":"wp","href":"https:\/\/api.w.org\/{rel}","templated":true}]}}