{"id":729,"date":"2025-06-16T14:47:52","date_gmt":"2025-06-16T17:47:52","guid":{"rendered":"http:\/\/ligadonoportugues.com.br\/?page_id=729"},"modified":"2025-06-17T12:31:39","modified_gmt":"2025-06-17T15:31:39","slug":"pronomes-possessivos","status":"publish","type":"page","link":"https:\/\/ligadonoportugues.com.br\/index.php\/pronomes-possessivos\/","title":{"rendered":"Pronomes Possessivos"},"content":{"rendered":"\n<p class=\"has-black-color has-text-color has-link-color wp-elements-a78b0ddd59c97560806fa6452f7e0ced\" style=\"font-size:18px\">Os <strong>pronomes possessivos<\/strong> s\u00e3o palavras que indicam <strong>posse ou pertencimento<\/strong> em rela\u00e7\u00e3o \u00e0s pessoas do discurso: <strong>quem fala (1\u00aa), com quem se fala (2\u00aa) ou de quem se fala (3\u00aa pessoa)<\/strong>.<\/p>\n\n\n\n<hr class=\"wp-block-separator has-alpha-channel-opacity\"\/>\n\n\n\n<h3 class=\"wp-block-heading has-vivid-red-color has-text-color has-link-color wp-elements-00bdc2142acc4f2e7b11c783511bf0a2\"><strong>Pessoas do discurso e seus pronomes possessivos<\/strong><\/h3>\n\n\n\n<figure class=\"wp-block-table\"><table class=\"has-fixed-layout\"><thead><tr><th class=\"has-text-align-center\" data-align=\"center\"><mark style=\"background-color:rgba(0, 0, 0, 0)\" class=\"has-inline-color has-black-color\">Pessoa<\/mark><\/th><th class=\"has-text-align-center\" data-align=\"center\"><mark style=\"background-color:rgba(0, 0, 0, 0)\" class=\"has-inline-color has-black-color\">Singular<\/mark><\/th><th><mark style=\"background-color:rgba(0, 0, 0, 0)\" class=\"has-inline-color has-black-color\">Plural<\/mark><\/th><\/tr><\/thead><tbody><tr><td class=\"has-text-align-center\" data-align=\"center\"><mark style=\"background-color:rgba(0, 0, 0, 0)\" class=\"has-inline-color has-black-color\">1<\/mark>\u00aa<\/td><td class=\"has-text-align-center\" data-align=\"center\"><mark style=\"background-color:rgba(0, 0, 0, 0)\" class=\"has-inline-color has-black-color\">meu, minha<\/mark><\/td><td><mark style=\"background-color:rgba(0, 0, 0, 0)\" class=\"has-inline-color has-black-color\">nossos, nossas<\/mark><\/td><\/tr><tr><td class=\"has-text-align-center\" data-align=\"center\"><mark style=\"background-color:rgba(0, 0, 0, 0)\" class=\"has-inline-color has-black-color\">2\u00aa<\/mark><\/td><td class=\"has-text-align-center\" data-align=\"center\"><mark style=\"background-color:rgba(0, 0, 0, 0)\" class=\"has-inline-color has-black-color\">teu, tua<\/mark><\/td><td><mark style=\"background-color:rgba(0, 0, 0, 0)\" class=\"has-inline-color has-black-color\">vossos, vossas<\/mark><\/td><\/tr><tr><td class=\"has-text-align-center\" data-align=\"center\"><mark style=\"background-color:rgba(0, 0, 0, 0)\" class=\"has-inline-color has-black-color\">3\u00aa<\/mark><\/td><td class=\"has-text-align-center\" data-align=\"center\"><mark style=\"background-color:rgba(0, 0, 0, 0)\" class=\"has-inline-color has-black-color\">seu, sua<\/mark><\/td><td><mark style=\"background-color:rgba(0, 0, 0, 0)\" class=\"has-inline-color has-black-color\">seus, suas<\/mark><\/td><\/tr><\/tbody><\/table><\/figure>\n\n\n\n<p class=\"has-black-color has-text-color has-background has-link-color wp-elements-e8bd50e95195244f8861401a88951755\" style=\"background-color:#ffe1005e;font-size:18px\"><strong><mark style=\"background-color:rgba(0, 0, 0, 0);color:#9e0101\" class=\"has-inline-color\">Importante:<\/mark><\/strong> &#8220;Seu, sua, seus, suas&#8221; podem gerar ambiguidade, pois podem referir-se a <strong>ele\/ela\/voc\u00ea<\/strong>. O uso de &#8220;<strong>dele(s)\/dela(s)<\/strong>&#8221; pode ser necess\u00e1rio para evitar confus\u00f5es.<\/p>\n\n\n\n<hr class=\"wp-block-separator has-alpha-channel-opacity\"\/>\n\n\n\n<h3 class=\"wp-block-heading has-vivid-red-color has-text-color has-link-color wp-elements-70176945d6c7b98d4b18c50566d87005\"><strong>Concord\u00e2ncia dos pronomes possessivos<\/strong><\/h3>\n\n\n\n<p class=\"has-black-color has-text-color has-link-color wp-elements-c217024e76373928edfe1967bee78ae4\" style=\"font-size:18px\">Os pronomes <strong>concordam com o objeto possu\u00eddo<\/strong>, e <strong>n\u00e3o com o possuidor<\/strong>.<\/p>\n\n\n\n<p class=\"has-black-color has-text-color has-link-color wp-elements-64f716ce328e0294b0b66f0d1458744a\" style=\"font-size:18px\"><em>Exemplos:<\/em><\/p>\n\n\n\n<ul class=\"wp-block-list\">\n<li class=\"has-black-color has-text-color has-link-color wp-elements-fdbaf2ac6261246ae07f4a6c82839dc6\" style=\"font-size:18px\">Jo\u00e3o levou <strong>sua mochila<\/strong>. \u2192 A mochila \u00e9 <strong>dele<\/strong> (mas o pronome concorda com \u201cmochila\u201d, e n\u00e3o com Jo\u00e3o).<\/li>\n\n\n\n<li class=\"has-black-color has-text-color has-link-color wp-elements-5481bc602b88c0eb7b2110e66c905158\" style=\"font-size:18px\">N\u00f3s trouxemos <strong>nossos livros<\/strong>. \u2192 Os livros s\u00e3o &#8220;<strong><em>de n\u00f3s<\/em><\/strong>&#8220;, e o pronome concorda com \u201clivros\u201d (masculino, plural).<\/li>\n<\/ul>\n\n\n\n<hr class=\"wp-block-separator has-alpha-channel-opacity\"\/>\n\n\n\n<h3 class=\"wp-block-heading has-vivid-red-color has-text-color has-link-color wp-elements-f95b51623ef7eed8fadf367e94bd50bc\"><strong>Uso como elementos de coes\u00e3o textual<\/strong><\/h3>\n\n\n\n<p class=\"has-black-color has-text-color has-link-color wp-elements-03dc362b65e17a2fcfc49e616c42a8c9\" style=\"font-size:18px\">Os pronomes possessivos s\u00e3o <strong>frequentemente usados para retomar ou antecipar informa\u00e7\u00f5es<\/strong>, estabelecendo <strong>coes\u00e3o referencial<\/strong>.<\/p>\n\n\n\n<p class=\"has-black-color has-text-color has-link-color wp-elements-56ee89a9fba10c2cbb712ff76b15e3dd\" style=\"font-size:18px\"><em>Exemplo:<\/em><\/p>\n\n\n\n<ul class=\"wp-block-list\">\n<li class=\"has-black-color has-text-color has-link-color wp-elements-9186af842831db50d8bebe33dce1b167\" style=\"font-size:18px\">Ana mostrou sua medalha. <strong>Sua conquista<\/strong> foi comemorada por todos.<br>(O pronome \u201csua\u201d faz refer\u00eancia a \u201cAna\u201d e evita a repeti\u00e7\u00e3o do nome.)<\/li>\n<\/ul>\n\n\n\n<hr class=\"wp-block-separator has-alpha-channel-opacity\"\/>\n\n\n\n<h3 class=\"wp-block-heading has-vivid-red-color has-text-color has-link-color wp-elements-bc9a1122771af0c0ea72833a966c929c\"><strong>Ambiguidade com \u201cseu\/sua\u201d<\/strong><\/h3>\n\n\n\n<p class=\"has-black-color has-text-color has-link-color wp-elements-c6d58adfbcb33756a0354b3a8e951daf\" style=\"font-size:18px\">Evite frases amb\u00edguas com \u201cseu\u201d:<\/p>\n\n\n\n<p class=\"has-black-color has-text-color has-link-color wp-elements-ae58318acfb31ef85602237337bf1b97\" style=\"font-size:18px\">\u274c Maria contou \u00e0 Ana que <strong>seu<\/strong> irm\u00e3o passou no vestibular.<br>\u2705 Maria contou \u00e0 Ana que <strong>o irm\u00e3o dela<\/strong> passou no vestibular.<\/p>\n\n\n\n<h3 class=\"wp-block-heading has-vivid-red-color has-text-color has-link-color wp-elements-5ed16806610fd62c18fa3b48e6aaa9cd\"><strong>1. Ambiguidade com os Pronomes Possessivos<\/strong><\/h3>\n\n\n\n<h3 class=\"wp-block-heading has-black-color has-text-color has-link-color wp-elements-b4c259d41417ed18c57140dac32f7952\">O que \u00e9 ambiguidade?<\/h3>\n\n\n\n<p class=\"has-black-color has-text-color has-link-color wp-elements-70d48d0880ec58849b01f714934071e6\" style=\"font-size:18px\">Ambiguidade ocorre quando uma frase permite <strong>mais de uma interpreta\u00e7\u00e3o<\/strong>, dificultando a compreens\u00e3o do sentido pretendido. Isso acontece com frequ\u00eancia no uso de <strong>seu, sua, seus, suas<\/strong>, pois eles podem se referir a diferentes pessoas ou elementos no contexto.<\/p>\n\n\n\n<hr class=\"wp-block-separator has-alpha-channel-opacity\"\/>\n\n\n\n<h3 class=\"wp-block-heading has-vivid-red-color has-text-color has-link-color wp-elements-3704b7262aff85fa9623414762a9b06a\"><strong>Exemplo de ambiguidade:<\/strong><\/h3>\n\n\n\n<blockquote class=\"wp-block-quote is-layout-flow wp-block-quote-is-layout-flow\">\n<p class=\"has-black-color has-text-color has-link-color wp-elements-5735cf934af70f366ba700bf866a4782\" style=\"font-size:18px\"><em>Mariana disse a Paula que <strong>sua<\/strong> ideia era \u00f3tima.<\/em><\/p>\n<\/blockquote>\n\n\n\n<p class=\"has-black-color has-text-color has-link-color wp-elements-65d30c6906d017a7f01753f4e59ae978\" style=\"font-size:18px\"><strong>De quem \u00e9 a ideia?<\/strong><\/p>\n\n\n\n<ul class=\"wp-block-list\">\n<li class=\"has-black-color has-text-color has-link-color wp-elements-c046dd247dae78f1ca78233c45700062\" style=\"font-size:18px\">De <strong>Mariana<\/strong>?<\/li>\n\n\n\n<li class=\"has-black-color has-text-color has-link-color wp-elements-5463cd5a20d004d14bc4c97b8f4e1ef6\" style=\"font-size:18px\">De <strong>Paula<\/strong>?<\/li>\n<\/ul>\n\n\n\n<p class=\"has-black-color has-text-color has-link-color wp-elements-e657372f9ea6328203afb5e0ec8d9a75\" style=\"font-size:18px\">Sem mais informa\u00e7\u00f5es, a frase \u00e9 <strong>amb\u00edgua<\/strong>, pois o pronome \u201csua\u201d pode se referir a qualquer uma das duas.<\/p>\n\n\n\n<p class=\"has-black-color has-text-color has-link-color wp-elements-8eb196d92f0c2fd6c235e0956cbf3b9c\" style=\"font-size:18px\">Observe os exemplos a seguir:<\/p>\n\n\n\n<p class=\"has-black-color has-text-color has-link-color wp-elements-276b8e922dbab36f424b276f9f14f6ba\" style=\"font-size:18px\"><em>Maria contou \u00e0 Ana que <strong>seu<\/strong> irm\u00e3o passou no vestibular.<\/em><\/p>\n\n\n\n<p class=\"has-black-color has-text-color has-link-color wp-elements-faf127cc80d5afd9c50831977fa9d387\" style=\"font-size:18px\">Quem passou no vestibular, o irm\u00e3o de Maria ou o de Ana?<\/p>\n\n\n\n<hr class=\"wp-block-separator has-alpha-channel-opacity\"\/>\n\n\n\n<h3 class=\"wp-block-heading has-vivid-red-color has-text-color has-link-color wp-elements-8945804c9deb7299edcdda79dc2afcef\" style=\"font-size:18px\"><strong>Como evitar ambiguidade?<\/strong><\/h3>\n\n\n\n<p class=\"has-black-color has-text-color has-link-color wp-elements-f44605e35a6ffe6c8c3a7a73b90f84bb\" style=\"font-size:18px\"><strong>1. Usar formas refor\u00e7adas:<\/strong><\/p>\n\n\n\n<ul class=\"wp-block-list\">\n<li class=\"has-black-color has-text-color has-link-color wp-elements-afcb9b976c8410708073c0e5e5fef083\" style=\"font-size:18px\"><em>A ideia de Mariana era \u00f3tima.<\/em><\/li>\n\n\n\n<li class=\"has-black-color has-text-color has-link-color wp-elements-ec070955bc76d7a7debc350d504434c5\" style=\"font-size:18px\"><em>A ideia dela era \u00f3tima.<\/em><\/li>\n<\/ul>\n\n\n\n<p class=\"has-black-color has-text-color has-link-color wp-elements-f3d60669e1cc4bbfd48cd1625e97606f\" style=\"font-size:18px\"><strong>2. Reescrever a estrutura da frase:<\/strong><\/p>\n\n\n\n<ul class=\"wp-block-list\">\n<li class=\"has-black-color has-text-color has-link-color wp-elements-1a63814433fa2bd59c5844db893a865f\" style=\"font-size:18px\"><em>Mariana disse que achava \u00f3tima a ideia de Paula.<\/em><\/li>\n\n\n\n<li class=\"has-black-color has-text-color has-link-color wp-elements-e06f06532592e11f3487a0af85bb43ff\" style=\"font-size:18px\"><em>Maria contou \u00e0 Ana que <strong>o irm\u00e3o dela<\/strong> passou no vestibular<\/em>.&#8221;<\/li>\n<\/ul>\n","protected":false},"excerpt":{"rendered":"<p>Os pronomes possessivos s\u00e3o palavras que indicam posse ou pertencimento em rela\u00e7\u00e3o \u00e0s pessoas do discurso: quem fala (1\u00aa), com quem se fala (2\u00aa) ou de quem se fala (3\u00aa pessoa). Pessoas do discurso e seus pronomes possessivos Pessoa Singular Plural 1\u00aa meu, minha nossos, nossas 2\u00aa teu, tua vossos, vossas 3\u00aa seu, sua seus, [&hellip;]<\/p>\n","protected":false},"author":1,"featured_media":0,"parent":0,"menu_order":0,"comment_status":"closed","ping_status":"closed","template":"","meta":{"footnotes":""},"class_list":["post-729","page","type-page","status-publish","hentry"],"_links":{"self":[{"href":"https:\/\/ligadonoportugues.com.br\/index.php\/wp-json\/wp\/v2\/pages\/729","targetHints":{"allow":["GET"]}}],"collection":[{"href":"https:\/\/ligadonoportugues.com.br\/index.php\/wp-json\/wp\/v2\/pages"}],"about":[{"href":"https:\/\/ligadonoportugues.com.br\/index.php\/wp-json\/wp\/v2\/types\/page"}],"author":[{"embeddable":true,"href":"https:\/\/ligadonoportugues.com.br\/index.php\/wp-json\/wp\/v2\/users\/1"}],"replies":[{"embeddable":true,"href":"https:\/\/ligadonoportugues.com.br\/index.php\/wp-json\/wp\/v2\/comments?post=729"}],"version-history":[{"count":20,"href":"https:\/\/ligadonoportugues.com.br\/index.php\/wp-json\/wp\/v2\/pages\/729\/revisions"}],"predecessor-version":[{"id":811,"href":"https:\/\/ligadonoportugues.com.br\/index.php\/wp-json\/wp\/v2\/pages\/729\/revisions\/811"}],"wp:attachment":[{"href":"https:\/\/ligadonoportugues.com.br\/index.php\/wp-json\/wp\/v2\/media?parent=729"}],"curies":[{"name":"wp","href":"https:\/\/api.w.org\/{rel}","templated":true}]}}