{"id":746,"date":"2025-06-17T09:37:59","date_gmt":"2025-06-17T12:37:59","guid":{"rendered":"https:\/\/ligadonoportugues.com.br\/?page_id=746"},"modified":"2025-06-17T14:11:03","modified_gmt":"2025-06-17T17:11:03","slug":"pronomes-possessivos-exercicios","status":"publish","type":"page","link":"https:\/\/ligadonoportugues.com.br\/index.php\/pronomes-possessivos-exercicios\/","title":{"rendered":"Pronomes Possessivos &#8211; Exerc\u00edcios"},"content":{"rendered":"\n<p class=\"has-black-color has-text-color has-link-color wp-elements-97d0ecaff5bf876b56be189fbf270ef1\" style=\"font-size:18px\"><strong>1.<\/strong> <strong>Texto:<\/strong> &#8220;<em>Pedro conversou com Lucas sobre <strong>seu<\/strong> projeto<\/em>&#8220;.<br><strong>A quem pertence o projeto?<\/strong><\/p>\n\n\n\n<p class=\"has-black-color has-text-color has-link-color wp-elements-ed3291516b21bf0159616009461d1b6e\" style=\"font-size:18px\">a) Apenas a Pedro<br>b) Apenas a Lucas<br>c) Pode ser de Pedro ou Lucas<br>d) N\u00e3o pertence a nenhum dos dois<\/p>\n\n\n\n<p class=\"has-black-color has-text-color has-link-color wp-elements-ce9ef1c0f32e9a8ecd201c16e83c7c60\" style=\"font-size:18px\"><strong>2.<\/strong> <strong>Texto:<\/strong> &#8220;<em>Ana elogiou Carla pela apresenta\u00e7\u00e3o de <strong>seu<\/strong> trabalho<\/em>&#8220;.<\/p>\n\n\n\n<p class=\"has-black-color has-text-color has-link-color wp-elements-1a6edffddf861cec1d110327374dd9a8\" style=\"font-size:18px\">a) O trabalho \u00e9 de Ana<br>b) O trabalho \u00e9 de Carla<br>c) O trabalho \u00e9 de outra pessoa<br>d) Pode ser de Ana ou Carla<\/p>\n\n\n\n<p class=\"has-black-color has-text-color has-link-color wp-elements-2fb96b0408d7acd848fc68ab9a5f15af\" style=\"font-size:18px\"><strong>3.<\/strong> <strong>Texto:<\/strong> &#8220;<em>O m\u00e9dico informou ao paciente que <strong>seu<\/strong> exame estava pronto<\/em>&#8220;.<\/p>\n\n\n\n<p class=\"has-black-color has-text-color has-link-color wp-elements-9d17858b32ca1cb6e028339d1c9d785b\" style=\"font-size:18px\">a) O exame do m\u00e9dico<br>b) O exame do paciente<br>c) O exame da enfermeira<br>d) Pode ser de ambos<\/p>\n\n\n\n<p class=\"has-black-color has-text-color has-link-color wp-elements-3bbf2507855741f54e4407b014c0d88c\" style=\"font-size:18px\"><strong>4.<\/strong> <strong>Texto:<\/strong> &#8220;<em>Lucas mostrou a Jo\u00e3o <strong>seu<\/strong> carro novo<\/em>&#8220;.<\/p>\n\n\n\n<p class=\"has-black-color has-text-color has-link-color wp-elements-9b111a1db4bc5d3fbd2d061dcae69783\" style=\"font-size:18px\">a) O carro de Lucas<br>b) O carro de Jo\u00e3o<br>c) Pode ser de qualquer um dos dois<br>d) O carro \u00e9 alugado<\/p>\n\n\n\n<p class=\"has-black-color has-text-color has-link-color wp-elements-6dd987b238f99876e3b1429c29b7e4a9\" style=\"font-size:18px\"><strong>5.<\/strong> <strong>Texto:<\/strong> &#8220;<em>Mariana encontrou Paula e comentou sobre <strong>seus<\/strong> planos de viagem<\/em>&#8220;.<\/p>\n\n\n\n<p class=\"has-black-color has-text-color has-link-color wp-elements-988ed773b41962e633991bf15972fd89\" style=\"font-size:18px\">a) Planos de Mariana<br>b) Planos de Paula<br>c) Planos de uma terceira pessoa<br>d) Pode ser de Mariana ou Paula<\/p>\n\n\n\n<p class=\"has-black-color has-text-color has-link-color wp-elements-538e73e489a86c6db0633249cbcc10d8\" style=\"font-size:18px\"><strong>6.<\/strong> <strong>Texto:<\/strong> &#8220;<em>O diretor avisou ao professor que <strong>seu<\/strong> hor\u00e1rio seria alterado<\/em>&#8220;.<\/p>\n\n\n\n<p class=\"has-black-color has-text-color has-link-color wp-elements-d6e7f34f0644bd8b176322396d4b144b\" style=\"font-size:18px\">a) Hor\u00e1rio do diretor<br>b) Hor\u00e1rio do professor<br>c) Hor\u00e1rio dos dois<br>d) Hor\u00e1rio dos alunos<\/p>\n\n\n\n<p class=\"has-black-color has-text-color has-link-color wp-elements-cce65a2bb9048899af315db07bed0b28\" style=\"font-size:18px\"><strong>7.<\/strong> <strong>Texto:<\/strong> &#8220;<em>A m\u00e3e disse \u00e0 filha que <strong>seus<\/strong> amigos chegariam logo<\/em>&#8220;.<\/p>\n\n\n\n<p class=\"has-black-color has-text-color has-link-color wp-elements-87a96350692f75fd9bfab7ce0642eaad\" style=\"font-size:18px\">a) Amigos da m\u00e3e<br>b) Amigos da filha<br>c) Amigos de ambas<br>d) Amigos de outra pessoa<\/p>\n\n\n\n<p class=\"has-black-color has-text-color has-link-color wp-elements-82a245b07bb0c640b6e81f7b836a89d9\" style=\"font-size:18px\"><strong>8.<\/strong> <strong>Texto:<\/strong> &#8220;<em>Na festa de anivers\u00e1rio, Clara e sua irm\u00e3 organizaram as brincadeiras. Seus pais ficaram orgulhosos ao verem tudo pronto. No final, seus convidados elogiaram a decora\u00e7\u00e3o<\/em>&#8220;.<\/p>\n\n\n\n<p class=\"has-black-color has-text-color has-link-color wp-elements-70025460376484e26d09ec87790606d5\" style=\"font-size:18px\"><strong>A quem o pronome \u201cseus\u201d (convidados) se refere?<\/strong><\/p>\n\n\n\n<p class=\"has-black-color has-text-color has-link-color wp-elements-7f3be94787ae5ec728459182e9c14904\" style=\"font-size:18px\">a) Aos pais<br>b) A Clara e sua irm\u00e3<br>c) Aos organizadores da festa<br>d) \u00c0s brincadeiras<\/p>\n\n\n\n<p class=\"has-black-color has-text-color has-link-color wp-elements-2c739560d3b03df2307905f099700eb4\" style=\"font-size:18px\"><strong>9.<\/strong> <strong>Texto: <\/strong>&#8220;<em>Jo\u00e3o terminou sua tarefa rapidamente. Seus colegas ainda estavam resolvendo os exerc\u00edcios. No fim da aula, o professor parabenizou todos pelo esfor\u00e7o<\/em>&#8220;.<\/p>\n\n\n\n<p class=\"has-black-color has-text-color has-link-color wp-elements-59468d593d58cf11dc611cbb12d61f48\" style=\"font-size:18px\"><strong>O pronome &#8220;sua&#8221; refere-se a:<\/strong><\/p>\n\n\n\n<p class=\"has-black-color has-text-color has-link-color wp-elements-6cfde96cac4d348356a65ec1d7050f46\" style=\"font-size:18px\">a) O professor<br>b) Jo\u00e3o<br>c) Os colegas<br>d) Tarefa<\/p>\n\n\n\n<p class=\"has-black-color has-text-color has-link-color wp-elements-0e890b710f0691ea6e35eec6f14c2584\" style=\"font-size:18px\"><strong>10.<\/strong> <strong>Texto:<\/strong> &#8220;<em>Camila e seu irm\u00e3o viajaram para a praia. Seus amigos os esperavam no hotel. No dia seguinte, compartilharam suas fotos nas redes sociais<\/em>&#8220;.<\/p>\n\n\n\n<p class=\"has-black-color has-text-color has-link-color wp-elements-3b0f9d2bda559ae981a14dd85d85ed60\" style=\"font-size:18px\"><strong>O pronome &#8220;suas&#8221; refere-se a:<\/strong><\/p>\n\n\n\n<p class=\"has-black-color has-text-color has-link-color wp-elements-7a96f7157b71593c4fe1e5033f760d7b\" style=\"font-size:18px\">a) Os amigos<br>b) As redes sociais<br>c) Camila e o irm\u00e3o<br>d) O hotel<\/p>\n\n\n\n<p class=\"has-black-color has-text-color has-link-color wp-elements-a62e7684eadd20c7f13f4cbe65eb1b19\" style=\"font-size:18px\"><strong>11.<\/strong> <strong>Texto:<\/strong> &#8220;<em>Na reuni\u00e3o, os funcion\u00e1rios expuseram suas ideias. O gerente elogiou suas sugest\u00f5es, dizendo que algumas seriam implementadas<\/em>&#8220;.<\/p>\n\n\n\n<p class=\"has-black-color has-text-color has-link-color wp-elements-2f16d635671a67fa185208900274f5e1\" style=\"font-size:18px\"><strong>O segundo \u201csuas\u201d refere-se a:<\/strong><\/p>\n\n\n\n<p class=\"has-black-color has-text-color has-link-color wp-elements-8c6a1859e55bb5d7b7a5f8762e1ce713\" style=\"font-size:18px\">a) O gerente<br>b) Os funcion\u00e1rios<br>c) A empresa<br>d) O p\u00fablico<\/p>\n\n\n\n<p class=\"has-black-color has-text-color has-link-color wp-elements-c6ddbae2593026746026c18ff3e46421\" style=\"font-size:18px\"><strong>12.<\/strong> <strong>Texto:<\/strong> &#8220;<em>Pedro levou seu cachorro ao veterin\u00e1rio. Durante a consulta, suas d\u00favidas foram esclarecidas, e o animal recebeu seu tratamento<\/em>&#8220;.<\/p>\n\n\n\n<p class=\"has-black-color has-text-color has-link-color wp-elements-d3a48961e8c2233e271c6ac30251f278\" style=\"font-size:18px\"><strong>O pronome &#8220;seu&#8221; (tratamento) refere-se a:<\/strong><\/p>\n\n\n\n<p class=\"has-black-color has-text-color has-link-color wp-elements-006b8828231dc54edd2bf8ed1dc072a8\" style=\"font-size:18px\">a) Pedro<br>b) O cachorro<br>c) O veterin\u00e1rio<br>d) O consult\u00f3rio<\/p>\n\n\n\n<p class=\"has-black-color has-text-color has-link-color wp-elements-21564e1a7642e042dd10d50cd0a8704c\" style=\"font-size:18px\"><strong>13.<\/strong> <strong>Texto:<\/strong> &#8220;<em>No trabalho em grupo, Mariana apresentou suas propostas. Seus colegas concordaram com suas ideias e definiram os pr\u00f3ximos passos<\/em>&#8220;.<\/p>\n\n\n\n<p class=\"has-black-color has-text-color has-link-color wp-elements-ad67b5174b56affc0b181a9468b3f387\" style=\"font-size:18px\"><strong>O \u00faltimo \u201csuas\u201d refere-se a:<\/strong><\/p>\n\n\n\n<p class=\"has-black-color has-text-color has-link-color wp-elements-a7fce68bbca6a5bcc6ecbf2d16275063\" style=\"font-size:18px\">a) As propostas de Mariana<br>b) As propostas dos colegas<br>c) As propostas do grupo<br>d) As propostas do professor<\/p>\n\n\n\n<p class=\"has-black-color has-text-color has-link-color wp-elements-94c27bc705f321b06b13e3c9cd7eca87\" style=\"font-size:18px\"><strong>14.<\/strong> <strong>Texto:<\/strong> &#8220;<em>Durante a viagem, Lucas e seu primo perderam suas malas. Felizmente, a companhia a\u00e9rea localizou seus pertences e os entregou no hotel<\/em>&#8220;.<\/p>\n\n\n\n<p class=\"has-black-color has-text-color has-link-color wp-elements-69f3d65c35c219f806fca6a431a64dd3\" style=\"font-size:18px\"><strong>O pronome &#8220;suas&#8221; (pertences) refere-se a:<\/strong><\/p>\n\n\n\n<p class=\"has-black-color has-text-color has-link-color wp-elements-019dbcd8b9f4914655a5df0d0ff62dad\" style=\"font-size:18px\">a) Lucas<br>b) O primo<br>c) Os dois<br>d) A companhia a\u00e9rea<\/p>\n\n\n\n<p class=\"has-black-color has-text-color has-link-color wp-elements-13b00b13ce93ce7d7476de84cd5e52d8\" style=\"font-size:18px\"><strong>15.<\/strong> <strong>Texto:<\/strong> &#8220;<em>Na exposi\u00e7\u00e3o, Beatriz mostrou suas pinturas. Seus quadros chamaram a aten\u00e7\u00e3o do p\u00fablico. A cr\u00edtica elogiou seu talento<\/em>&#8220;.<\/p>\n\n\n\n<p class=\"has-black-color has-text-color has-link-color wp-elements-d22835d34d3787d0c148139c87b73eda\" style=\"font-size:18px\"><strong>O pronome &#8220;seu&#8221; (talento) refere-se a:<\/strong><\/p>\n\n\n\n<p class=\"has-black-color has-text-color has-link-color wp-elements-99a21ca4516a83e1252605762c167412\" style=\"font-size:18px\">a) A cr\u00edtica<br>b) Beatriz<br>c) O p\u00fablico<br>d) As pinturas<\/p>\n\n\n\n<p class=\"has-black-color has-text-color has-link-color wp-elements-44362efccc17d3ad4c86c539289256f6\" style=\"font-size:18px\"><strong>16.<\/strong> <strong>Texto:<\/strong> &#8220;<em>O treinador explicou suas estrat\u00e9gias aos jogadores. Durante o treino, suas orienta\u00e7\u00f5es foram seguidas com aten\u00e7\u00e3o<\/em>&#8220;.<\/p>\n\n\n\n<p class=\"has-black-color has-text-color has-link-color wp-elements-b3b0f7a3715a3cbfb3c704c3e664f790\" style=\"font-size:18px\"><strong>O pronome &#8220;suas&#8221; (orienta\u00e7\u00f5es) refere-se a:<\/strong><\/p>\n\n\n\n<p class=\"has-black-color has-text-color has-link-color wp-elements-51e7f78f3aa6ca401f50793cb64fa78c\" style=\"font-size:18px\">a) Os jogadores<br>b) O treinador<br>c) O t\u00e9cnico assistente<br>d) O \u00e1rbitro<\/p>\n\n\n\n<p class=\"has-black-color has-text-color has-link-color wp-elements-fa895a87b457a8d78e3770680a74ee02\" style=\"font-size:18px\"><strong>17.<\/strong> <strong>Texto:<\/strong> &#8220;<em>O prefeito visitou sua cidade natal. Seus moradores o receberam com festa e agradeceram por suas realiza\u00e7\u00f5es na administra\u00e7\u00e3o<\/em>&#8220;.<\/p>\n\n\n\n<p class=\"has-black-color has-text-color has-link-color wp-elements-43e7fc9dde94a1f0f376d5d0fdd3249f\" style=\"font-size:18px\"><strong>O pronome &#8220;suas&#8221; (realiza\u00e7\u00f5es) refere-se a:<\/strong><\/p>\n\n\n\n<p class=\"has-black-color has-text-color has-link-color wp-elements-a378f661769d96b77bbe5ee37ba4ad6f\" style=\"font-size:18px\">a) A cidade<br>b) Os moradores<br>c) O prefeito<br>d) Os visitantes<\/p>\n\n\n\n<p class=\"has-black-color has-text-color has-link-color wp-elements-bdd272b925856ed1c802bf68b89fab2e\" style=\"font-size:18px\"><strong>18.<\/strong> <strong>Texto:<\/strong> &#8220;<em>Na reuni\u00e3o, a gerente falou sobre suas experi\u00eancias profissionais. Seus funcion\u00e1rios ouviram com aten\u00e7\u00e3o suas hist\u00f3rias de supera\u00e7\u00e3o<\/em>&#8220;.<\/p>\n\n\n\n<p class=\"has-black-color has-text-color has-link-color wp-elements-ed68774256c8053b3ec8e05540e1f391\" style=\"font-size:18px\"><strong>O \u00faltimo &#8220;suas&#8221; refere-se a:<\/strong><\/p>\n\n\n\n<p class=\"has-black-color has-text-color has-link-color wp-elements-07e416d912742c3680643f32727fc60c\" style=\"font-size:18px\">a) Os funcion\u00e1rios<br>b) As experi\u00eancias da gerente<br>c) A empresa<br>d) Os desafios do mercado<\/p>\n\n\n\n<p class=\"has-black-color has-text-color has-link-color wp-elements-bb1ec873effc57f2bd4344cab131c2da\" style=\"font-size:18px\"><strong>19.<\/strong> <strong>Texto:<\/strong> &#8220;<em>Rafael comprou seu carro novo. Seus pais ficaram felizes com a conquista. No mesmo dia, mostrou suas fotos a todos<\/em>&#8220;.<\/p>\n\n\n\n<p class=\"has-black-color has-text-color has-link-color wp-elements-918baddb42b019c82719345c60184228\" style=\"font-size:18px\"><strong>O pronome &#8220;seus&#8221; (pais) refere-se a:<\/strong><\/p>\n\n\n\n<p class=\"has-black-color has-text-color has-link-color wp-elements-19c033944366191ce44182f87f8e85e3\" style=\"font-size:18px\">a) Rafael<br>b) O vendedor<br>c) O banco<br>d) Os amigos<\/p>\n\n\n\n<p class=\"has-black-color has-text-color has-link-color wp-elements-73cb14a965251b192cc696117953a1f9\" style=\"font-size:18px\"><strong>20.<\/strong> <strong>Texto:<\/strong> &#8220;<em>Durante a palestra, o cientista apresentou suas descobertas recentes. Seus colegas de pesquisa estavam presentes e aplaudiram suas conclus\u00f5es<\/em>&#8220;.<\/p>\n\n\n\n<p class=\"has-black-color has-text-color has-link-color wp-elements-ed68774256c8053b3ec8e05540e1f391\" style=\"font-size:18px\"><strong>O \u00faltimo &#8220;suas&#8221; refere-se a:<\/strong><\/p>\n\n\n\n<p class=\"has-black-color has-text-color has-link-color wp-elements-fa858d8aded0f418c57d1819c883c231\" style=\"font-size:18px\">a) Os colegas<br>b) O p\u00fablico<br>c) O cientista<br>d) O moderador<\/p>\n\n\n\n<p class=\"has-black-color has-text-color has-link-color wp-elements-31bc55545efba9419d502d54a2b61d74\" style=\"font-size:18px\"><strong>21.<\/strong> <strong>Texto:<\/strong> &#8220;<em>Marta leu seus livros favoritos nas f\u00e9rias. Seus filhos tamb\u00e9m trouxeram suas leituras para a viagem<\/em>&#8220;.<\/p>\n\n\n\n<p class=\"has-black-color has-text-color has-link-color wp-elements-f765b13b5a4c3ce6cbc2ca6cadf3b2ba\" style=\"font-size:18px\"><strong>O pronome &#8220;suas&#8221; (leituras) refere-se a:<\/strong><\/p>\n\n\n\n<p class=\"has-black-color has-text-color has-link-color wp-elements-e8e73cedf1d05261af73dada62aed49e\" style=\"font-size:18px\">a) Marta<br>b) Os filhos<br>c) Ambos<br>d) Os livros<\/p>\n\n\n\n<p class=\"has-black-color has-text-color has-link-color wp-elements-8ffecc2ce7e2ba63ca1742042f87ba51\" style=\"font-size:18px\"><strong>22.<\/strong> <strong>Texto:<\/strong> &#8220;<em>Os m\u00e9dicos analisaram suas anota\u00e7\u00f5es durante a cirurgia. Seus pacientes aguardavam ansiosos pelo resultado<\/em>&#8220;.<\/p>\n\n\n\n<p class=\"has-black-color has-text-color has-link-color wp-elements-03d1d5b55ae230c7359899cac1935549\" style=\"font-size:18px\"><strong>O pronome &#8220;suas&#8221; (anota\u00e7\u00f5es) refere-se a:<\/strong><\/p>\n\n\n\n<p class=\"has-black-color has-text-color has-link-color wp-elements-cbc3f343a131cb1a4b7a7582413b57f0\" style=\"font-size:18px\">a) Os m\u00e9dicos<br>b) Os pacientes<br>c) O hospital<br>d) Os enfermeiros<\/p>\n\n\n\n<p class=\"has-black-color has-text-color has-link-color wp-elements-0c8767ef99a670079213c3ea7bdc6caa\" style=\"font-size:18px\"><strong>23.<\/strong> <strong>Texto:<\/strong> &#8220;<em>Lucas discutiu com seu chefe sobre suas metas. Depois, revisaram suas prioridades para o pr\u00f3ximo semestre<\/em>&#8220;.<\/p>\n\n\n\n<p class=\"has-black-color has-text-color has-link-color wp-elements-1fcc0f40c35b3b379cd5e9c1f5a9ffcb\" style=\"font-size:18px\"><strong>O primeiro \u201csuas\u201d refere-se a:<\/strong><\/p>\n\n\n\n<p class=\"has-black-color has-text-color has-link-color wp-elements-a36e1069659a6c9f6417846d52eb1af9\" style=\"font-size:18px\">a) Lucas<br>b) O chefe<br>c) Ambos<br>d) A empresa<\/p>\n\n\n\n<p class=\"has-black-color has-text-color has-link-color wp-elements-968ba715276d049ab6806365080d2f1e\" style=\"font-size:18px\"><strong>24.<\/strong> <strong>Texto:<\/strong> &#8220;<em>Os alunos defenderam seus projetos com seguran\u00e7a. Seus professores ficaram impressionados com suas apresenta\u00e7\u00f5es criativas<\/em>&#8220;.<\/p>\n\n\n\n<p class=\"has-black-color has-text-color has-link-color wp-elements-e6f7a1c242ba6e555a4b1faf29b4ab38\" style=\"font-size:18px\"><strong>O pronome &#8220;suas&#8221; (apresenta\u00e7\u00f5es) refere-se a:<\/strong><\/p>\n\n\n\n<p class=\"has-black-color has-text-color has-link-color wp-elements-06a4b48e9d395c08e5b7290a250b2990\" style=\"font-size:18px\">a) Os professores<br>b) Os alunos<br>c) Os convidados<br>d) A banca<\/p>\n\n\n\n<p class=\"has-black-color has-text-color has-link-color wp-elements-f96a6f16e4a25b64788f8c07faa557d8\" style=\"font-size:18px\"><strong>25.<\/strong> <strong>Texto:<\/strong> &#8220;<em>O jornalista publicou suas reportagens na revista. Seus leitores elogiaram suas an\u00e1lises detalhadas<\/em>&#8220;.<\/p>\n\n\n\n<p class=\"has-black-color has-text-color has-link-color wp-elements-9c98cb60db5a8b4ea5f7e88da5e3682d\" style=\"font-size:18px\"><strong>O pronome &#8220;suas&#8221; (an\u00e1lises) refere-se a:<\/strong><\/p>\n\n\n\n<p class=\"has-black-color has-text-color has-link-color wp-elements-986e5eba40cdf0266ec38a4699e1b581\" style=\"font-size:18px\">a) A revista<br>b) Os leitores<br>c) O jornalista<br>d) O editor<\/p>\n\n\n\n<p class=\"has-black-color has-text-color has-link-color wp-elements-99be6c5d8c2177d6a0ed6e85e6773c76\" style=\"font-size:18px\"><strong>26.<\/strong> <strong>Texto:<\/strong> &#8220;<em>Os atores ensaiaram suas falas durante horas. Seus figurinos j\u00e1 estavam prontos para a estreia<\/em>&#8220;.<\/p>\n\n\n\n<p class=\"has-black-color has-text-color has-link-color wp-elements-830c14080c19cd1a3a0ce872b9e71e8a\" style=\"font-size:18px\"><strong>O pronome &#8220;seus&#8221; (figurinos) refere-se a:<\/strong><\/p>\n\n\n\n<p class=\"has-black-color has-text-color has-link-color wp-elements-98764b2795204b7a4ddc800db4adcb36\" style=\"font-size:18px\">a) O diretor<br>b) Os atores<br>c) Os cen\u00f3grafos<br>d) A plateia<\/p>\n\n\n\n<p class=\"has-black-color has-text-color has-link-color wp-elements-4796e26181a387c53a3f93cf1c756983\" style=\"font-size:18px\"><strong>27.<\/strong> <strong>Texto:<\/strong> &#8220;<em>A engenheira apresentou suas solu\u00e7\u00f5es no congresso. Seus colegas aprovaram suas propostas inovadoras<\/em>&#8220;.<\/p>\n\n\n\n<p class=\"has-black-color has-text-color has-link-color wp-elements-07a595f366c6680a02c6e3fdace3cfb8\" style=\"font-size:18px\"><strong>O pronome &#8220;suas&#8221; (propostas) refere-se a:<\/strong><\/p>\n\n\n\n<p class=\"has-black-color has-text-color has-link-color wp-elements-64158b480b273b8815308b1bc12fb6da\" style=\"font-size:18px\">a) Os colegas<br>b) A engenheira<br>c) A organiza\u00e7\u00e3o do congresso<br>d) O p\u00fablico<\/p>\n\n\n\n<p class=\"has-black-color has-text-color has-link-color wp-elements-d906f9b367cba1963a2e2ed47a5db590\" style=\"font-size:18px\"><strong>28.<\/strong> <strong>Texto:<\/strong> &#8220;<em>No consult\u00f3rio, a psic\u00f3loga discutiu com seus pacientes sobre suas dificuldades. No final, seus relat\u00f3rios foram atualizados<\/em>&#8220;.<\/p>\n\n\n\n<p class=\"has-black-color has-text-color has-link-color wp-elements-4674c8caeb4ec74f4ddc955e161a738a\" style=\"font-size:18px\"><strong>O \u00faltimo &#8220;seus&#8221; refere-se a:<\/strong><\/p>\n\n\n\n<p class=\"has-black-color has-text-color has-link-color wp-elements-e8f528c9acfe06baa8a4fe3ef6a3d8b0\" style=\"font-size:18px\">a) Os pacientes<br>b) A psic\u00f3loga<br>c) Os familiares<br>d) Os m\u00e9dicos<\/p>\n\n\n\n<p class=\"has-black-color has-text-color has-link-color wp-elements-d94ddecd63a0b97737e9a3c1063a03fd\" style=\"font-size:18px\"><strong>29.<\/strong> <strong>Texto:<\/strong> &#8220;<em>Os t\u00e9cnicos organizaram seus equipamentos antes da competi\u00e7\u00e3o. Seus supervisores verificaram tudo antes da largada<\/em>&#8220;.<\/p>\n\n\n\n<p class=\"has-black-color has-text-color has-link-color wp-elements-123e01b608c407482517e0d802e2e709\" style=\"font-size:18px\"><strong>O pronome &#8220;seus&#8221; (equipamentos) refere-se a:<\/strong><\/p>\n\n\n\n<p class=\"has-black-color has-text-color has-link-color wp-elements-6d235a4b701efc57e82f00c0f89867b8\" style=\"font-size:18px\">a) Os t\u00e9cnicos<br>b) Os supervisores<br>c) Os atletas<br>d) Os ju\u00edzes<\/p>\n\n\n\n<p class=\"has-black-color has-text-color has-link-color wp-elements-5d3930aa21900034e4a214e202440acc\" style=\"font-size:18px\"><strong>30.<\/strong> <strong>Texto:<\/strong> &#8220;<em>A professora elogiou suas alunas pelos projetos apresentados. Seus pais estavam orgulhosos das conquistas<\/em>&#8220;.<\/p>\n\n\n\n<p class=\"has-black-color has-text-color has-link-color wp-elements-918baddb42b019c82719345c60184228\" style=\"font-size:18px\"><strong>O pronome &#8220;seus&#8221; (pais) refere-se a:<\/strong><\/p>\n\n\n\n<p class=\"has-black-color has-text-color has-link-color wp-elements-8a4bec76238139623578e34af3e4bc80\" style=\"font-size:18px\">a) A professora<br>b) As alunas<br>c) Os diretores<br>d) A escola<\/p>\n\n\n\n<p class=\"has-black-color has-text-color has-link-color wp-elements-633255c074a08aa023f1b8e8fad344df\" style=\"font-size:9px\"><strong>GABARITO: <\/strong>1.C; 2.D; 3.B; 4.C; 5.D; 6.B; 7.B; 8.b; 9.B; 10. C; 11.B; 12. B; 13.A;\u00a014.C; 15.B; 16.B; 17.C; 18.B; 19.A; 20.C; 21.B; 22.A; 23.C; 24.B; 25.C; 26.B; 27.B; 28.A; 29.A; 30.B<\/p>\n","protected":false},"excerpt":{"rendered":"<p>1. Texto: &#8220;Pedro conversou com Lucas sobre seu projeto&#8220;.A quem pertence o projeto? a) Apenas a Pedrob) Apenas a Lucasc) Pode ser de Pedro ou Lucasd) N\u00e3o pertence a nenhum dos dois 2. Texto: &#8220;Ana elogiou Carla pela apresenta\u00e7\u00e3o de seu trabalho&#8220;. a) O trabalho \u00e9 de Anab) O trabalho \u00e9 de Carlac) O trabalho [&hellip;]<\/p>\n","protected":false},"author":1,"featured_media":0,"parent":0,"menu_order":0,"comment_status":"closed","ping_status":"closed","template":"","meta":{"footnotes":""},"class_list":["post-746","page","type-page","status-publish","hentry"],"_links":{"self":[{"href":"https:\/\/ligadonoportugues.com.br\/index.php\/wp-json\/wp\/v2\/pages\/746","targetHints":{"allow":["GET"]}}],"collection":[{"href":"https:\/\/ligadonoportugues.com.br\/index.php\/wp-json\/wp\/v2\/pages"}],"about":[{"href":"https:\/\/ligadonoportugues.com.br\/index.php\/wp-json\/wp\/v2\/types\/page"}],"author":[{"embeddable":true,"href":"https:\/\/ligadonoportugues.com.br\/index.php\/wp-json\/wp\/v2\/users\/1"}],"replies":[{"embeddable":true,"href":"https:\/\/ligadonoportugues.com.br\/index.php\/wp-json\/wp\/v2\/comments?post=746"}],"version-history":[{"count":13,"href":"https:\/\/ligadonoportugues.com.br\/index.php\/wp-json\/wp\/v2\/pages\/746\/revisions"}],"predecessor-version":[{"id":823,"href":"https:\/\/ligadonoportugues.com.br\/index.php\/wp-json\/wp\/v2\/pages\/746\/revisions\/823"}],"wp:attachment":[{"href":"https:\/\/ligadonoportugues.com.br\/index.php\/wp-json\/wp\/v2\/media?parent=746"}],"curies":[{"name":"wp","href":"https:\/\/api.w.org\/{rel}","templated":true}]}}