{"id":851,"date":"2025-06-24T16:52:30","date_gmt":"2025-06-24T19:52:30","guid":{"rendered":"https:\/\/ligadonoportugues.com.br\/?page_id=851"},"modified":"2025-06-24T16:52:30","modified_gmt":"2025-06-24T19:52:30","slug":"diferentes-significados-da-palavra-como","status":"publish","type":"page","link":"https:\/\/ligadonoportugues.com.br\/index.php\/diferentes-significados-da-palavra-como\/","title":{"rendered":"Diferentes Significados da Palavra &#8220;Como&#8221;"},"content":{"rendered":"\n<p class=\"has-black-color has-text-color has-link-color wp-elements-483b9b21d4ce21ea57a9b2660cbb6ab2\" style=\"font-size:18px\">A palavra <strong>como<\/strong> pode ser encontrada em diversos contextos, exercendo diferentes fun\u00e7\u00f5es e transmitindo sentidos variados.<\/p>\n\n\n\n<h3 class=\"wp-block-heading has-vivid-red-color has-text-color has-link-color wp-elements-9eddb254ef68f753a45817da43c7e241\"><strong>Conjun\u00e7\u00e3o Causal<\/strong><\/h3>\n\n\n\n<p class=\"has-black-color has-text-color has-link-color wp-elements-8b9e85d66de40ceec592648235c11d96\" style=\"font-size:18px\">Indica a causa de um fato, geralmente no in\u00edcio da frase. Exemplos:<\/p>\n\n\n\n<ul class=\"wp-block-list\">\n<li class=\"has-black-color has-text-color has-link-color wp-elements-aa5e3642a12efdd1d659ba30a6ac195f\" style=\"font-size:18px\"><em><strong>Como<\/strong> estava chovendo, cancelaram o passeio.<\/em><\/li>\n\n\n\n<li class=\"has-black-color has-text-color has-link-color wp-elements-33838e72a6b9bf31ed6d30e52b363915\" style=\"font-size:18px\"><em><strong>Como<\/strong> n\u00e3o estudou, tirou nota baixa.<\/em><br><\/li>\n<\/ul>\n\n\n\n<p class=\"has-black-color has-text-color has-link-color wp-elements-8e39c0537041b99ce70de463f3756abf\" style=\"font-size:18px\">Pode ser substitu\u00eddo por <strong>\u201cporque\u201d<\/strong>.<\/p>\n\n\n\n<h3 class=\"wp-block-heading has-vivid-red-color has-text-color has-link-color wp-elements-f52a99efdce92a5eb9ec08c7340b6282\"><strong>Conjun\u00e7\u00e3o Comparativa<\/strong><\/h3>\n\n\n\n<p class=\"has-black-color has-text-color has-link-color wp-elements-abbbea04c35ec0f7c98d9b26e7e6fa3f\" style=\"font-size:18px\">Estabelece compara\u00e7\u00e3o entre elementos. Exemplos:<\/p>\n\n\n\n<ul class=\"wp-block-list\">\n<li class=\"has-black-color has-text-color has-link-color wp-elements-aa1d972445517b58b7f005698bcb70e5\" style=\"font-size:18px\"><em>Ele corre <strong>como<\/strong> um atleta profissional.<\/em><\/li>\n\n\n\n<li class=\"has-black-color has-text-color has-link-color wp-elements-a5933749d949e25cf08852725282b13a\" style=\"font-size:18px\"><em>Ela cozinha <strong>como<\/strong> a av\u00f3.<\/em><br><\/li>\n<\/ul>\n\n\n\n<p class=\"has-black-color has-text-color has-link-color wp-elements-e124945dd7937ea20bb1e077821aeeb7\" style=\"font-size:18px\">Equivale a <strong>\u201cda mesma forma que\u201d<\/strong>.<\/p>\n\n\n\n<h3 class=\"wp-block-heading has-vivid-red-color has-text-color has-link-color wp-elements-2791cdde0ee66eeb5866d5cab2b0232f\"><strong>Conjun\u00e7\u00e3o Adverbial Subordinativa Conformativa<\/strong><\/h3>\n\n\n\n<p class=\"has-black-color has-text-color has-link-color wp-elements-5d05106b59815a71474930e9cb88fe90\" style=\"font-size:18px\">Introduz ideia de conformidade. Exemplos:<\/p>\n\n\n\n<ul class=\"wp-block-list\">\n<li class=\"has-black-color has-text-color has-link-color wp-elements-9e9b69f770a628c93a05508023957d62\" style=\"font-size:18px\"><em><strong>Como<\/strong> combinamos, a festa encerrar\u00e1 antes da meia-noite.<\/em><br><\/li>\n<\/ul>\n\n\n\n<p>Equivale a <strong>\u201cconforme\u201d<\/strong>.<\/p>\n\n\n\n<h3 class=\"wp-block-heading has-vivid-red-color has-text-color has-link-color wp-elements-5868a341431c35b58318e5fff2077c53\"><strong>Conjun\u00e7\u00e3o Coordenativa Aditiva<\/strong><\/h3>\n\n\n\n<p class=\"has-black-color has-text-color has-link-color wp-elements-1fd40bcb18111c681aeb653f8515fdb8\" style=\"font-size:18px\">Une termos ou ora\u00e7\u00f5es com valor aditivo. Exemplos:<\/p>\n\n\n\n<ul class=\"wp-block-list\">\n<li class=\"has-black-color has-text-color has-link-color wp-elements-a1427acd1d94be78a2ce6c504b10ea8c\" style=\"font-size:18px\"><em>Tanto a filha <strong>como<\/strong> o pai s\u00e3o torcedores do mesmo time.<\/em><br><\/li>\n<\/ul>\n\n\n\n<p class=\"has-black-color has-text-color has-link-color wp-elements-e5e810f4548ae525af267d4366dafcee\" style=\"font-size:18px\">Equivale a <strong>\u201ce\u201d<\/strong>.<\/p>\n\n\n\n<h3 class=\"wp-block-heading has-vivid-red-color has-text-color has-link-color wp-elements-83646569d950415e5f3fb7ad473280ea\"><strong>Adv\u00e9rbio de Modo<\/strong><\/h3>\n\n\n\n<p class=\"has-black-color has-text-color has-link-color wp-elements-0d3e261fc75fb8879b724d1edd6f4ac9\" style=\"font-size:18px\">Indica o modo pelo qual algo \u00e9 feito. Exemplos:<\/p>\n\n\n\n<ul class=\"wp-block-list\">\n<li class=\"has-black-color has-text-color has-link-color wp-elements-37661d9443988e367384ee741d3f16e7\" style=\"font-size:18px\"><em>Fa\u00e7a <strong>como<\/strong> eu te ensinei.<\/em><\/li>\n\n\n\n<li class=\"has-black-color has-text-color has-link-color wp-elements-e8b05491d75f2351db0cb3bdd4d0b675\" style=\"font-size:18px\"><em>Trabalhou <strong>como<\/strong> combinado.<\/em><br><\/li>\n<\/ul>\n\n\n\n<p class=\"has-black-color has-text-color has-link-color wp-elements-52df2b3ceed2d80419c3b569248c179e\" style=\"font-size:18px\">Pode ser substitu\u00eddo por <strong>\u201cdo jeito que\u201d<\/strong>, <strong>\u201cdo modo que\u201d<\/strong>.<\/p>\n\n\n\n<h3 class=\"wp-block-heading has-vivid-red-color has-text-color has-link-color wp-elements-3bab05fcced1eeda57ad0d200f6b8b11\"><strong>Adv\u00e9rbio de Intensidade (Exclama\u00e7\u00e3o)<\/strong><\/h3>\n\n\n\n<p class=\"has-black-color has-text-color has-link-color wp-elements-aca7a30e5fc3400add2d6b9cec1648ae\" style=\"font-size:18px\">Usado para intensificar uma caracter\u00edstica. Exemplos:<\/p>\n\n\n\n<ul class=\"wp-block-list\">\n<li class=\"has-black-color has-text-color has-link-color wp-elements-a379c3b7609b6aed501d9094e4740d50\" style=\"font-size:18px\"><strong>Como<\/strong> ela \u00e9 bonita!<\/li>\n\n\n\n<li class=\"has-black-color has-text-color has-link-color wp-elements-310c487fafa38e48277d2cd1c3e438e4\" style=\"font-size:18px\"><strong>Como<\/strong> voc\u00ea fala alto!<\/li>\n\n\n\n<li class=\"has-black-color has-text-color has-link-color wp-elements-1563b00e6db4477b4a121b80e447b66a\" style=\"font-size:18px\"><strong>Como<\/strong> voc\u00ea cresceu r\u00e1pido!<br><\/li>\n<\/ul>\n\n\n\n<p class=\"has-black-color has-text-color has-link-color wp-elements-3995ac57231b28701c25faf14a7f8aab\" style=\"font-size:18px\">Equivale a <strong>\u201cquanto\u201d<\/strong>, <strong>\u201ct\u00e3o\u201d<\/strong>.<\/p>\n\n\n\n<h3 class=\"wp-block-heading has-vivid-red-color has-text-color has-link-color wp-elements-c5a60730f14115f98479cc76def6c74d\"><strong>Adv\u00e9rbio Interrogativo<\/strong><\/h3>\n\n\n\n<p class=\"has-black-color has-text-color has-link-color wp-elements-abfb68074ba67e01a01fa4f4fce4bd0d\" style=\"font-size:18px\">Introduz perguntas sobre modo, estado ou condi\u00e7\u00e3o. Exemplos:<\/p>\n\n\n\n<ul class=\"wp-block-list\">\n<li class=\"has-black-color has-text-color has-link-color wp-elements-69aaf2cac84dfab8b61313fd9e460c28\" style=\"font-size:18px\"><strong>Como<\/strong> voc\u00ea chegou t\u00e3o cedo? (interroga\u00e7\u00e3o direta)<\/li>\n\n\n\n<li class=\"has-black-color has-text-color has-link-color wp-elements-73d92e248e498c43157225d451909906\" style=\"font-size:18px\">N\u00e3o entendi <strong>como<\/strong> ele resolveu o problema. (interroga\u00e7\u00e3o indireta)<\/li>\n\n\n\n<li class=\"has-black-color has-text-color has-link-color wp-elements-4096964b046982ab750ae25125670410\" style=\"font-size:15px\"><strong>Como<\/strong> terminaremos a tarefa?<br><\/li>\n<\/ul>\n\n\n\n<h3 class=\"wp-block-heading has-vivid-red-color has-text-color has-link-color wp-elements-cca7009416229ddebf7e54a622dfd388\"><strong>Express\u00e3o de Qualidade ou Condi\u00e7\u00e3o<\/strong><\/h3>\n\n\n\n<p class=\"has-black-color has-text-color has-link-color wp-elements-8d7f00afd49c588ada02d9e1817e8a4d\" style=\"font-size:18px\">Indica a fun\u00e7\u00e3o, o papel ou a condi\u00e7\u00e3o assumida. Exemplos:<\/p>\n\n\n\n<ul class=\"wp-block-list\">\n<li class=\"has-black-color has-text-color has-link-color wp-elements-d89f498f5f31a934d8b05937d66b4687\" style=\"font-size:18px\">Foi eleito <strong>como<\/strong> representante da turma.<\/li>\n\n\n\n<li class=\"has-black-color has-text-color has-link-color wp-elements-c3b9e341f876af445b966a0bd5aaa713\" style=\"font-size:18px\">Atuei <strong>como<\/strong> volunt\u00e1rio durante a campanha.<br><\/li>\n<\/ul>\n\n\n\n<p class=\"has-black-color has-text-color has-link-color wp-elements-abb7df2b451297cf21674b3c47baf79e\" style=\"font-size:18px\">Equivale a <strong>\u201cna fun\u00e7\u00e3o de\u201d<\/strong>, <strong>\u201cna qualidade de\u201d<\/strong>.<\/p>\n\n\n\n<h3 class=\"wp-block-heading has-vivid-red-color has-text-color has-link-color wp-elements-a14d51e058d85d586bb69dc8379a5644\"><strong>Fun\u00e7\u00e3o de Preposi\u00e7\u00e3o<\/strong><\/h3>\n\n\n\n<p class=\"has-black-color has-text-color has-link-color wp-elements-3caae01eade2a4a629f52dd9fa5b740f\" style=\"font-size:18px\">Equivale a <strong>\u201cna qualidade de\u201d<\/strong>, <strong>\u201ccom car\u00e1ter de\u201d<\/strong>, <strong>\u201cna posi\u00e7\u00e3o de\u201d<\/strong> (muito semelhante ao item anterior, mas usado mais rigidamente como preposi\u00e7\u00e3o). Exemplos:<\/p>\n\n\n\n<ul class=\"wp-block-list\">\n<li class=\"has-black-color has-text-color has-link-color wp-elements-801a53ab3b9df83a535c22d53deafbbe\" style=\"font-size:18px\"><em><strong>Como<\/strong> chefe do departamento, eu vou distribuir as tarefas a voc\u00eas.<\/em><br><\/li>\n<\/ul>\n\n\n\n<h3 class=\"wp-block-heading has-vivid-red-color has-text-color has-link-color wp-elements-de06419db771b9ac3deed57ce93bc82e\"><strong>Palavra Explicativa (introdu\u00e7\u00e3o de exemplos)<\/strong><\/h3>\n\n\n\n<p class=\"has-black-color has-text-color has-link-color wp-elements-272ef6553c52defbb249f0eb427b987e\" style=\"font-size:18px\">Apresenta exemplos ou explica\u00e7\u00f5es. Exemplos:<\/p>\n\n\n\n<ul class=\"wp-block-list\">\n<li class=\"has-black-color has-text-color has-link-color wp-elements-ffdab79f5ca9193bb7047f35b8e918b6\" style=\"font-size:18px\"><em>Algumas pessoas t\u00eam dons muito especiais, <strong>como<\/strong> o m\u00e9dico, a enfermeira, o bombeiro, etc<\/em>.<br><\/li>\n<\/ul>\n\n\n\n<p class=\"has-black-color has-text-color has-link-color wp-elements-db33aa49249c570ac66f1fadabc3bb2b\" style=\"font-size:18px\">Equivale a <strong>\u201ca saber\u201d<\/strong>, <strong>\u201cisto \u00e9\u201d<\/strong>, <strong>\u201cpor exemplo\u201d<\/strong>.<\/p>\n\n\n\n<h3 class=\"wp-block-heading has-vivid-red-color has-text-color has-link-color wp-elements-8798bf5f5952cf4948dff65133e54d5e\"><strong>Palavra de Realce (sem fun\u00e7\u00e3o sint\u00e1tica obrigat\u00f3ria)<\/strong><\/h3>\n\n\n\n<p class=\"has-black-color has-text-color has-link-color wp-elements-d586b26431538cea0a5702a51f77ea03\" style=\"font-size:18px\">Serve apenas para refor\u00e7ar um termo da frase; pode ser omitida sem prejudicar a estrutura. Exemplos:<\/p>\n\n\n\n<ul class=\"wp-block-list\">\n<li class=\"has-black-color has-text-color has-link-color wp-elements-0d5f821f467f74a6780d8b16cc116537\" style=\"font-size:18px\"><em>Sentiu <strong>como<\/strong> um pressentimento de que iria perder o voo, e decidiu sair com urg\u00eancia<\/em>.<br><\/li>\n<\/ul>\n\n\n\n<h2 class=\"wp-block-heading has-text-align-center has-vivid-red-color has-text-color has-link-color wp-elements-4b2f970fb46c10191510ec6ec522b36b\"><strong>Exerc\u00edcios<\/strong><\/h2>\n\n\n\n<p class=\"has-black-color has-text-color has-link-color wp-elements-a7be9e80d8fcc6c8d85b14583d12e06c\" style=\"font-size:18px\"><strong>1. \u201c<em>Como estava doente, n\u00e3o foi \u00e0 escola<\/em>.\u201d<\/strong> <strong>O &#8220;<em>como<\/em>&#8221; expressa:<\/strong><\/p>\n\n\n\n<p class=\"has-black-color has-text-color has-link-color wp-elements-9d5cf976332f8713646fb83ac7d53735\" style=\"font-size:18px\">a) compara\u00e7\u00e3o<br>b) modo<br>c) causa<br>d) intensidade<\/p>\n\n\n\n<p class=\"has-black-color has-text-color has-link-color wp-elements-6cf90bd05301f7e91530b706558e0680\" style=\"font-size:18px\"><strong>2. \u201c<em>Ele age como o irm\u00e3o mais velho.<\/em>\u201d<\/strong> <strong>O &#8220;como&#8221; indica:<\/strong><\/p>\n\n\n\n<p class=\"has-black-color has-text-color has-link-color wp-elements-ff79088f237744ca79dd843d6d72417b\" style=\"font-size:18px\">a) modo<br>b) causa<br>c) intensidade<br>d) compara\u00e7\u00e3o<\/p>\n\n\n\n<p class=\"has-black-color has-text-color has-link-color wp-elements-52ef9b9ec7d1eae523104d76832a21a0\" style=\"font-size:18px\"><strong>3. \u201c<em>Fa\u00e7a como combinamos<\/em>.\u201d<\/strong> <strong>O &#8220;como&#8221; tem valor de:<\/strong><\/p>\n\n\n\n<p class=\"has-black-color has-text-color has-link-color wp-elements-a00b6599adb549955bc3ef4c4a56c5de\" style=\"font-size:18px\">a) modo<br>b) explica\u00e7\u00e3o<br>c) intensidade<br>d) compara\u00e7\u00e3o<\/p>\n\n\n\n<p class=\"has-black-color has-text-color has-link-color wp-elements-3ca0078f8af7728f92df6a68f5f96934\" style=\"font-size:18px\"><strong>4. \u201c<em>Como<\/em><\/strong><em> ela canta bem!<\/em>\u201d O &#8220;como&#8221; tem fun\u00e7\u00e3o de:<\/p>\n\n\n\n<p class=\"has-black-color has-text-color has-link-color wp-elements-b33e3d70faa62a8ece80b9079bcbe637\" style=\"font-size:18px\">a) adv\u00e9rbio interrogativo<br>b) adv\u00e9rbio de intensidade (exclama\u00e7\u00e3o)<br>c) conjun\u00e7\u00e3o causal<br>d) compara\u00e7\u00e3o<\/p>\n\n\n\n<p class=\"has-black-color has-text-color has-link-color wp-elements-bc82ebae1b24f192cd042fd41cd793ee\" style=\"font-size:18px\"><strong>5. \u201c<em>Como voc\u00ea conseguiu resolver o problema<\/em>?\u201d<\/strong> <strong>Aqui, o &#8220;como&#8221; funciona como:<\/strong><\/p>\n\n\n\n<p class=\"has-black-color has-text-color has-link-color wp-elements-f6735a2c71afc25a114dae2d8e537637\" style=\"font-size:18px\">a) adv\u00e9rbio interrogativo<br>b) adv\u00e9rbio de intensidade<br>c) conjun\u00e7\u00e3o causal<br>d) explica\u00e7\u00e3o<\/p>\n\n\n\n<p class=\"has-black-color has-text-color has-link-color wp-elements-74761a8243ec5334b739221718eca52c\" style=\"font-size:18px\"><strong>6. \u201c<em>Atuei como volunt\u00e1rio na campanha<\/em>.\u201d<\/strong> <strong>O &#8220;como&#8221; expressa:<\/strong><\/p>\n\n\n\n<p class=\"has-black-color has-text-color has-link-color wp-elements-34caad0046c1a8e2aefcdb90d564a310\" style=\"font-size:18px\">a) compara\u00e7\u00e3o<br>b) fun\u00e7\u00e3o ou condi\u00e7\u00e3o<br>c) intensidade<br>d) causa<\/p>\n\n\n\n<p class=\"has-black-color has-text-color has-link-color wp-elements-f019dadbff46d570febd721f4096af57\" style=\"font-size:18px\"><strong>7. \u201c<em>Como chefe do setor, ele organizou tudo<\/em>.\u201d<\/strong> <strong>A fun\u00e7\u00e3o do &#8220;como&#8221; \u00e9:<\/strong><\/p>\n\n\n\n<p class=\"has-black-color has-text-color has-link-color wp-elements-21dd19f66cbf69d14ebde9e3befcc926\" style=\"font-size:18px\">a) adv\u00e9rbio de modo<br>b) conjun\u00e7\u00e3o causal<br>c) preposi\u00e7\u00e3o (na qualidade de)<br>d) intensidade<\/p>\n\n\n\n<p class=\"has-black-color has-text-color has-link-color wp-elements-1315d1e26769aff341d0b7a50da39380\" style=\"font-size:18px\"><strong>8. \u201c<em>Algumas profiss\u00f5es s\u00e3o essenciais, como o m\u00e9dico, o bombeiro e o enfermeiro<\/em>.\u201d<\/strong> <strong>O &#8220;como&#8221; tem valor de:<\/strong><\/p>\n\n\n\n<p class=\"has-black-color has-text-color has-link-color wp-elements-109a1a09aab503f070c5cbfa77441886\" style=\"font-size:18px\">a) explica\u00e7\u00e3o \/ exemplifica\u00e7\u00e3o<br>b) modo<br>c) causa<br>d) compara\u00e7\u00e3o<\/p>\n\n\n\n<p class=\"has-black-color has-text-color has-link-color wp-elements-44ca6245e8c1b61a7b840a0970ba21f2\" style=\"font-size:18px\"><strong>9. \u201c<em>Sentiu como um pressentimento de que algo ruim ia acontecer<\/em>.\u201d<\/strong> <strong>O &#8220;como&#8221; nesse caso \u00e9:<\/strong><\/p>\n\n\n\n<p class=\"has-black-color has-text-color has-link-color wp-elements-c67c864e2b18830d3b6586fbcb726db2\" style=\"font-size:18px\">a) preposi\u00e7\u00e3o<br>b) explicativo<br>c) de realce (sem fun\u00e7\u00e3o obrigat\u00f3ria)<br>d) causal<\/p>\n\n\n\n<p class=\"has-black-color has-text-color has-link-color wp-elements-52bc984dd75bccd5758832953477b0cc\" style=\"font-size:18px\"><strong>10. \u201c<em>Como n\u00e3o estudou, foi mal na prova.<\/em>\u201d<\/strong> <strong>Aqui o &#8220;como&#8221; expressa:<\/strong><\/p>\n\n\n\n<p class=\"has-black-color has-text-color has-link-color wp-elements-34701f4d3de5d9588f74e07ad43e35be\" style=\"font-size:18px\">a) compara\u00e7\u00e3o<br>b) causa<br>c) modo<br>d) intensidade<\/p>\n\n\n\n<p class=\"has-black-color has-text-color has-link-color wp-elements-d7fd3d771daac17ef535463d5dec6201\" style=\"font-size:18px\"><strong>11. \u201c<\/strong><em>Como voc\u00ea \u00e9 r\u00e1pido!<\/em><strong>\u201d<\/strong> <strong>O &#8220;<em>como<\/em>&#8221; \u00e9 um:<\/strong><\/p>\n\n\n\n<p class=\"has-black-color has-text-color has-link-color wp-elements-2eaa194cf7da330ce832656249a3fde2\" style=\"font-size:18px\">a) adv\u00e9rbio de intensidade (exclama\u00e7\u00e3o)<br>b) adv\u00e9rbio interrogativo<br>c) adv\u00e9rbio de modo<br>d) conjun\u00e7\u00e3o causal<\/p>\n\n\n\n<p class=\"has-black-color has-text-color has-link-color wp-elements-55d36d2a9a92f26a35874fa2e16aa1ef\" style=\"font-size:18px\"><strong>12. \u201c<\/strong><em>Ele explicou tudo como eu pedi<\/em><strong>.\u201d<\/strong> <strong>O &#8220;<em>como<\/em>&#8221; aqui tem sentido de:<\/strong><\/p>\n\n\n\n<p class=\"has-black-color has-text-color has-link-color wp-elements-0b7ea2b84c22aaf559b43b388ed352e3\" style=\"font-size:18px\">a) causa<br>b) modo<br>c) condi\u00e7\u00e3o<br>d) intensidade<\/p>\n\n\n\n<p class=\"has-black-color has-text-color has-link-color wp-elements-8abdc34fd86b98fba3178cc5f590d034\" style=\"font-size:18px\"><strong>13. \u201c<em>Como<\/em><\/strong><em> previsto, a chuva veio forte \u00e0 tarde<\/em>.\u201d <strong>O &#8220;<em>como<\/em>&#8221; equivale a:<\/strong><\/p>\n\n\n\n<p class=\"has-black-color has-text-color has-link-color wp-elements-2aee8fe177dd296b35a7ff3c2b2fb758\" style=\"font-size:18px\">a) causa<br>b) compara\u00e7\u00e3o<br>c) modo<br>d) conformidade<\/p>\n\n\n\n<p class=\"has-black-color has-text-color has-link-color wp-elements-3375dbcd9ebe629d3d11d80262558562\" style=\"font-size:18px\"><strong>14. \u201c<em>Ela trabalha como gerente da empresa<\/em>.\u201d<\/strong> <strong>A palavra &#8220;<em>como<\/em>&#8221; est\u00e1 sendo usada:<\/strong><\/p>\n\n\n\n<p class=\"has-black-color has-text-color has-link-color wp-elements-54ae2a8381986cda95d70d6bcda734dc\" style=\"font-size:18px\">a) como preposi\u00e7\u00e3o (na fun\u00e7\u00e3o de)<br>b) como adv\u00e9rbio de intensidade<br>c) como conjun\u00e7\u00e3o causal<br>d) como adv\u00e9rbio interrogativo<\/p>\n\n\n\n<p class=\"has-black-color has-text-color has-link-color wp-elements-7a3947865788646d2af6b55b049ee5d8\" style=\"font-size:18px\"><strong>15. \u201c<em>Como ela ficou feliz com o resultado!<\/em>\u201d<\/strong> <strong>O &#8220;<em>como<\/em>&#8221; \u00e9:<\/strong><\/p>\n\n\n\n<p class=\"has-black-color has-text-color has-link-color wp-elements-00309c205a9df95666764dd500dcf2e1\" style=\"font-size:18px\">a) conjun\u00e7\u00e3o causal<br>b) adv\u00e9rbio de modo<br>c) adv\u00e9rbio de intensidade (exclama\u00e7\u00e3o)<br>d) explicativo<\/p>\n\n\n\n<p class=\"has-black-color has-text-color has-link-color wp-elements-00ffd361a36cc1695830718358ec7d17\" style=\"font-size:18px\"><strong>16. \u201c<em>Como<\/em><\/strong><em> vamos resolver essa quest\u00e3o?<\/em>\u201d <strong>Aqui o &#8220;<em>como<\/em>&#8221; \u00e9:<\/strong><\/p>\n\n\n\n<p class=\"has-black-color has-text-color has-link-color wp-elements-7d1297c407a24a3e6848ab0503fa926e\" style=\"font-size:18px\">a) adv\u00e9rbio interrogativo<br>b) adv\u00e9rbio de modo<br>c) conjun\u00e7\u00e3o causal<br>d) comparativo<\/p>\n\n\n\n<p class=\"has-black-color has-text-color has-link-color wp-elements-b9ea9ff4cb783e25504b792b4e1ddba8\" style=\"font-size:18px\"><strong>17. \u201c<\/strong><em>Ele corre como um profissional<\/em><strong>.\u201d<\/strong> <strong>Nesse caso, o &#8220;<em>como<\/em>&#8221; tem valor de:<\/strong><\/p>\n\n\n\n<p class=\"has-black-color has-text-color has-link-color wp-elements-5c45823b545d158cd69e2fc4ff834b3c\" style=\"font-size:18px\">a) modo<br>b) intensidade<br>c) compara\u00e7\u00e3o<br>d) causa<\/p>\n\n\n\n<p class=\"has-black-color has-text-color has-link-color wp-elements-aceac5de9559199776123ee3d46493e6\" style=\"font-size:18px\"><strong>18. \u201c<\/strong><em>Como decidido em reuni\u00e3o, o projeto ser\u00e1 adiado<\/em><strong>\u201d.<\/strong> <strong>O &#8220;<em>como<\/em>&#8221; expressa:<\/strong><\/p>\n\n\n\n<p class=\"has-black-color has-text-color has-link-color wp-elements-db3c31f2f9d1e3c334b7e6b7299a352a\" style=\"font-size:18px\">a) compara\u00e7\u00e3o<br>b) modo<br>c) conformidade<br>d) intensidade<\/p>\n\n\n\n<p class=\"has-black-color has-text-color has-link-color wp-elements-7e917170872dd2a06aea14495db42828\" style=\"font-size:18px\"><strong>19. \u201c<\/strong><em>Agiram como manda o regulamento<\/em><strong>\u201d.<\/strong> <strong>O &#8220;<em>como<\/em>&#8221; aqui expressa:<\/strong><\/p>\n\n\n\n<p class=\"has-black-color has-text-color has-link-color wp-elements-4203d16aad55f260ab50a33905fc74b2\" style=\"font-size:18px\">a) modo<br>b) compara\u00e7\u00e3o<br>c) intensidade&nbsp;<\/p>\n\n\n\n<p class=\"has-black-color has-text-color has-link-color wp-elements-d024408c6e0c049c083549d370d2a412\" style=\"font-size:18px\">d) causa<\/p>\n\n\n\n<p class=\"has-black-color has-text-color has-link-color wp-elements-eb44ebba250646a8f882cf968f4e8fce\" style=\"font-size:18px\"><strong>20. \u201c<\/strong><em>Como ela est\u00e1 nervosa<\/em><strong>\u201d!<\/strong> <strong>O &#8220;<em>como<\/em>&#8221; tem fun\u00e7\u00e3o de:<\/strong><\/p>\n\n\n\n<p class=\"has-black-color has-text-color has-link-color wp-elements-3e6e19afa6b9841a384bfcc8c6ba0fc4\" style=\"font-size:18px\">a) adv\u00e9rbio interrogativo<br>b) adv\u00e9rbio de intensidade<br>c) modo<br>d) causa<\/p>\n\n\n\n<p class=\"has-black-color has-text-color has-link-color wp-elements-96b57619173c83e014aa50e912ddc92d\" style=\"font-size:11px\">GABARITO: 1. c; 2. d; 3. a; 4. b; 5. a; 6. b; 7. c; 8. a; 9. c; 10. b; 11. a; 12. b; 13. d; 14. a; 15. c; 16. a; 17. c; 18. c; 19. a; 20. b<\/p>\n","protected":false},"excerpt":{"rendered":"<p>A palavra como pode ser encontrada em diversos contextos, exercendo diferentes fun\u00e7\u00f5es e transmitindo sentidos variados. Conjun\u00e7\u00e3o Causal Indica a causa de um fato, geralmente no in\u00edcio da frase. Exemplos: Pode ser substitu\u00eddo por \u201cporque\u201d. Conjun\u00e7\u00e3o Comparativa Estabelece compara\u00e7\u00e3o entre elementos. Exemplos: Equivale a \u201cda mesma forma que\u201d. Conjun\u00e7\u00e3o Adverbial Subordinativa Conformativa Introduz ideia de [&hellip;]<\/p>\n","protected":false},"author":1,"featured_media":0,"parent":0,"menu_order":0,"comment_status":"closed","ping_status":"closed","template":"","meta":{"footnotes":""},"class_list":["post-851","page","type-page","status-publish","hentry"],"_links":{"self":[{"href":"https:\/\/ligadonoportugues.com.br\/index.php\/wp-json\/wp\/v2\/pages\/851","targetHints":{"allow":["GET"]}}],"collection":[{"href":"https:\/\/ligadonoportugues.com.br\/index.php\/wp-json\/wp\/v2\/pages"}],"about":[{"href":"https:\/\/ligadonoportugues.com.br\/index.php\/wp-json\/wp\/v2\/types\/page"}],"author":[{"embeddable":true,"href":"https:\/\/ligadonoportugues.com.br\/index.php\/wp-json\/wp\/v2\/users\/1"}],"replies":[{"embeddable":true,"href":"https:\/\/ligadonoportugues.com.br\/index.php\/wp-json\/wp\/v2\/comments?post=851"}],"version-history":[{"count":1,"href":"https:\/\/ligadonoportugues.com.br\/index.php\/wp-json\/wp\/v2\/pages\/851\/revisions"}],"predecessor-version":[{"id":852,"href":"https:\/\/ligadonoportugues.com.br\/index.php\/wp-json\/wp\/v2\/pages\/851\/revisions\/852"}],"wp:attachment":[{"href":"https:\/\/ligadonoportugues.com.br\/index.php\/wp-json\/wp\/v2\/media?parent=851"}],"curies":[{"name":"wp","href":"https:\/\/api.w.org\/{rel}","templated":true}]}}