{"id":854,"date":"2025-06-24T16:55:03","date_gmt":"2025-06-24T19:55:03","guid":{"rendered":"https:\/\/ligadonoportugues.com.br\/?page_id=854"},"modified":"2025-06-24T16:55:03","modified_gmt":"2025-06-24T19:55:03","slug":"diferencas-entre-porque-conjuncao-explicativa-e-casual","status":"publish","type":"page","link":"https:\/\/ligadonoportugues.com.br\/index.php\/diferencas-entre-porque-conjuncao-explicativa-e-casual\/","title":{"rendered":"Diferen\u00e7as Entre &#8220;Porque&#8221; conjun\u00e7\u00e3o Explicativa e Casual"},"content":{"rendered":"\n<p class=\"has-black-color has-text-color has-link-color wp-elements-3c23b98cba841fd589070debd8036b19\" style=\"font-size:18px\">A diferen\u00e7a principal entre a conjun\u00e7\u00e3o &#8220;<strong>porque<\/strong>&#8221; causal e explicativa reside na rela\u00e7\u00e3o estabelecida entre as ora\u00e7\u00f5es. A conjun\u00e7\u00e3o causal introduz uma ora\u00e7\u00e3o que expressa a causa de um evento na ora\u00e7\u00e3o principal, enquanto a explicativa introduz uma explica\u00e7\u00e3o ou justificativa para algo mencionado na ora\u00e7\u00e3o principal, mas n\u00e3o necessariamente a causa.&nbsp;<\/p>\n\n\n\n<h3 class=\"wp-block-heading has-vivid-red-color has-text-color has-link-color wp-elements-2366133a6c88c22a9becd3571633c605\"><strong>Porque Causal:<\/strong><\/h3>\n\n\n\n<ul class=\"wp-block-list\">\n<li class=\"has-black-color has-text-color has-link-color wp-elements-b511f16ca6a783cb513263f0a7faa519\" style=\"font-size:18px\"><strong>Rela\u00e7\u00e3o de causa e efeito:<\/strong><strong><br><\/strong>A ora\u00e7\u00e3o com &#8220;porque&#8221; causal indica a raz\u00e3o ou motivo pelo qual algo aconteceu na outra ora\u00e7\u00e3o.<\/li>\n\n\n\n<li class=\"has-black-color has-text-color has-link-color wp-elements-06f7053bd013b51cfdf916d89081938a\" style=\"font-size:18px\"><strong>Substitu\u00edvel por &#8220;visto que&#8221;, &#8220;j\u00e1 que&#8221;, &#8220;uma vez que&#8221;:<\/strong><strong><br><\/strong>\u00c9 poss\u00edvel trocar o &#8220;porque&#8221; causal por essas outras conjun\u00e7\u00f5es sem alterar o sentido da frase.<\/li>\n\n\n\n<li class=\"has-black-color has-text-color has-link-color wp-elements-2e554ce5a1aa514c1f339a33c72960b1\" style=\"font-size:18px\"><strong>Exemplo:<\/strong><strong><br><\/strong>&#8220;Ele n\u00e3o foi \u00e0 festa porque estava doente.&#8221; (A doen\u00e7a foi a causa de ele n\u00e3o ter ido \u00e0 festa).&nbsp;<\/li>\n<\/ul>\n\n\n\n<h3 class=\"wp-block-heading has-vivid-red-color has-text-color has-link-color wp-elements-1b2eaf17ce5e869e0071e7d9190baaf5\"><strong>Porque Explicativo:<\/strong><\/h3>\n\n\n\n<ul class=\"wp-block-list\">\n<li class=\"has-black-color has-text-color has-link-color wp-elements-1529303733ea3fd9cdeaa2ef80e601bc\" style=\"font-size:18px\"><strong>Explica\u00e7\u00e3o ou justificativa:<\/strong><strong><br><\/strong>A ora\u00e7\u00e3o com &#8220;porque&#8221; explicativo fornece uma raz\u00e3o ou explica\u00e7\u00e3o para algo que j\u00e1 foi mencionado.<\/li>\n\n\n\n<li class=\"has-black-color has-text-color has-link-color wp-elements-c53a14d62cf2f08a7f42eea5e5fe4154\" style=\"font-size:18px\"><strong>N\u00e3o implica necessariamente causa e efeito:<\/strong><strong><br><\/strong>A explica\u00e7\u00e3o n\u00e3o precisa ser a causa do que foi dito antes.<\/li>\n\n\n\n<li class=\"has-black-color has-text-color has-link-color wp-elements-523f27206fb9d08841079399a348dc52\" style=\"font-size:18px\"><strong>Substitu\u00edvel por &#8220;pois&#8221;:<\/strong><strong><br><\/strong>\u00c9 poss\u00edvel trocar o &#8220;porque&#8221; explicativo por &#8220;pois&#8221; sem alterar o sentido da frase.<\/li>\n\n\n\n<li class=\"has-black-color has-text-color has-link-color wp-elements-a9bc59ef6db2b25bdc49a5d673308b44\" style=\"font-size:18px\"><strong>Exemplo:<\/strong><strong><br><\/strong>&#8220;Feche a porta, porque est\u00e1 entrando vento.&#8221; (A explica\u00e7\u00e3o para fechar a porta \u00e9 a entrada de vento, mas a entrada de vento n\u00e3o \u00e9 a causa da ordem).&nbsp;<\/li>\n<\/ul>\n\n\n\n<p class=\"has-black-color has-text-color has-link-color wp-elements-92e6e8a4950c85a991902e179c7c3a15\" style=\"font-size:18px\">Em resumo: A conjun\u00e7\u00e3o &#8220;porque&#8221; \u00e9 causal quando indica a causa de um evento, e explicativa quando apresenta uma explica\u00e7\u00e3o ou justificativa para algo que j\u00e1 foi mencionado.&nbsp;<\/p>\n\n\n\n<h2 class=\"wp-block-heading has-text-align-center has-vivid-red-color has-text-color has-link-color wp-elements-4b2f970fb46c10191510ec6ec522b36b\"><strong>Exerc\u00edcios<\/strong><\/h2>\n\n\n\n<p class=\"has-black-color has-text-color has-link-color wp-elements-0dd808e97d9a90d419be3d27cb03b90d\" style=\"font-size:18px\"><strong>1. Assinale a alternativa em que &#8220;porque&#8221; tem valor de causa (subordinativa causal):<\/strong><\/p>\n\n\n\n<p class=\"has-black-color has-text-color has-link-color wp-elements-852825dac17c60da862c7607c006177e\" style=\"font-size:18px\">a) N\u00e3o grite, porque o beb\u00ea est\u00e1 dormindo.<br>b) Feche a porta, porque est\u00e1 frio.<br>c) Ele n\u00e3o veio, porque perdeu o \u00f4nibus.<br>d) Venha logo, porque o filme j\u00e1 come\u00e7ou.<\/p>\n\n\n\n<p class=\"has-black-color has-text-color has-link-color wp-elements-eba72e67ce6d5364587d34541a90bbe1\" style=\"font-size:18px\"><strong>2. Em qual alternativa &#8220;porque&#8221; pode ser substitu\u00eddo por &#8220;pois&#8221;, sem mudar o sentido?<\/strong><\/p>\n\n\n\n<p class=\"has-black-color has-text-color has-link-color wp-elements-1bbf782c3219082f65acd358f8675f9f\" style=\"font-size:18px\">a) Ele chorou porque perdeu o jogo.<br>b) Estudo muito porque quero ser aprovado.<br>c) Feche a janela porque est\u00e1 ventando.<br>d) Como estava chovendo, n\u00e3o fui \u00e0 aula.<\/p>\n\n\n\n<p class=\"has-black-color has-text-color has-link-color wp-elements-7a340059ebf221280703753a5f3bc477\" style=\"font-size:18px\"><strong>3. Em qual frase o &#8220;porque&#8221; \u00e9 explicativo (coordenativo explicativo)?<\/strong><\/p>\n\n\n\n<p class=\"has-black-color has-text-color has-link-color wp-elements-c4566417e51231de800aa02b9d36ea97\" style=\"font-size:18px\">a) Estudo porque quero aprender.<br>b) N\u00e3o fui \u00e0 aula porque estava doente.<br>c) Feche a janela porque est\u00e1 ventando.<br>d) Como n\u00e3o choveu, fomos ao parque.<\/p>\n\n\n\n<p class=\"has-black-color has-text-color has-link-color wp-elements-7f9602943e801df61cf689f033231b4d\" style=\"font-size:18px\"><strong>4. Assinale a alternativa em que o &#8220;porque&#8221; n\u00e3o pode ser substitu\u00eddo por &#8220;pois&#8221;:<\/strong><\/p>\n\n\n\n<p class=\"has-black-color has-text-color has-link-color wp-elements-5c0576b0fe13463ba1d3cd91f4c16599\" style=\"font-size:18px\">a) N\u00e3o grite porque o beb\u00ea est\u00e1 dormindo.<br>b) Feche a janela porque est\u00e1 ventando.<br>c) Estudo muito porque quero ser aprovado.<br>d) Venha logo porque j\u00e1 vai come\u00e7ar.<\/p>\n\n\n\n<p class=\"has-black-color has-text-color has-link-color wp-elements-17dcd0fc7cb492568b6b0a5e38fef5f0\" style=\"font-size:18px\"><strong>5. Assinale a alternativa em que o &#8220;porque&#8221; tem fun\u00e7\u00e3o de explica\u00e7\u00e3o de uma ordem<\/strong>:<\/p>\n\n\n\n<p class=\"has-black-color has-text-color has-link-color wp-elements-d0871d26a7dc3244c0582e4aac5c2f29\" style=\"font-size:18px\">a) N\u00e3o viaje porque o tempo est\u00e1 ruim.<br>b) N\u00e3o saia porque est\u00e1 chovendo.<br>c) Estude bastante porque amanh\u00e3 tem prova.<br>d) Ele chorou porque perdeu o jogo.<\/p>\n\n\n\n<p class=\"has-black-color has-text-color has-link-color wp-elements-d4fcd76aa233005b2ff8c6033b90f861\" style=\"font-size:18px\"><strong>Leia o texto abaixo para responder \u00e0s quest\u00f5es 6 e 7:<\/strong><\/p>\n\n\n\n<p class=\"has-black-color has-text-color has-link-color wp-elements-fbb74f6f1d3c9899488c178381a6c09b\" style=\"font-size:18px\"><em>Joana decidiu sair mais cedo de casa, <strong>porque<\/strong> sabia que o tr\u00e2nsito estaria complicado devido ao hor\u00e1rio. No caminho, precisou parar o carro repentinamente, <strong>porque<\/strong> um pedestre atravessou a rua fora da faixa. Assustada, ligou para o chefe e explicou a situa\u00e7\u00e3o, <strong>porque<\/strong> n\u00e3o queria que ele pensasse que estava atrasada por descuido. No fim, conseguiu chegar ao trabalho no hor\u00e1rio, embora o percurso tenha sido mais estressante que o habitual. Ainda assim, ficou aliviada <strong>porque<\/strong> conseguiu resolver tudo a tempo.<\/em><\/p>\n\n\n\n<h4 class=\"wp-block-heading has-black-color has-text-color has-link-color wp-elements-3674ea1ecd23e4e6801c99dfd419c571\" style=\"font-size:18px\"><strong>6.  No trecho <\/strong><em>&#8220;Joana decidiu sair mais cedo de casa, porque sabia que o tr\u00e2nsito estaria complicado&#8230;&#8221;<\/em> a conjun\u00e7\u00e3o &#8220;<mark style=\"background-color:rgba(0, 0, 0, 0)\" class=\"has-inline-color has-vivid-red-color\">porque<\/mark>&#8221; nessa frase introduz:<\/h4>\n\n\n\n<p class=\"has-black-color has-text-color has-link-color wp-elements-c6e346805960ed257ac30aa6062bb9da\" style=\"font-size:18px\">a) Uma explica\u00e7\u00e3o de um conselho dado.<br>b) A justificativa de uma escolha que ela fez.<br>c) Um efeito ocorrido depois da escolha.<br>d) Uma hip\u00f3tese que ela considerou.<\/p>\n\n\n\n<p class=\"has-black-color has-text-color has-link-color wp-elements-1c4f6cc7350d6e30ae9a09e646eb67be\" style=\"font-size:18px\"><strong>7. No texto a seguir: <em>&#8220;No caminho, precisou parar o carro repentinamente, porque um pedestre atravessou a rua fora da faixa&#8221;<\/em>, a conjun\u00e7\u00e3o &#8220;<mark style=\"background-color:rgba(0, 0, 0, 0)\" class=\"has-inline-color has-vivid-red-color\">porque<\/mark>&#8221; expressa:<\/strong><\/p>\n\n\n\n<p class=\"has-black-color has-text-color has-link-color wp-elements-0ff85c6e8616dcee60b8c9e70bca68c0\" style=\"font-size:18px\">a) Uma explica\u00e7\u00e3o justificativa (explicativa) de uma ordem.<br>b) A consequ\u00eancia do ato de parar o carro.<br>c) A causa imediata de ela ter parado o carro.<br>d) Uma condi\u00e7\u00e3o que permitiu parar o carro.<\/p>\n\n\n\n<p class=\"has-black-color has-text-color has-link-color wp-elements-38ff2ee17c72feef20dcf219efe932c0\" style=\"font-size:18px\"><strong>8. No texto a seguir: <em>&#8220;Assustada, ligou para o chefe e explicou a situa\u00e7\u00e3o, porque n\u00e3o queria que ele pensasse que estava atrasada por descuido.&#8221;<\/em> o uso da conjun\u00e7\u00e3o &#8220;<em><mark style=\"background-color:rgba(0, 0, 0, 0)\" class=\"has-inline-color has-vivid-red-color\">porque<\/mark><\/em>&#8221; expressa:<\/strong><\/p>\n\n\n\n<p class=\"has-black-color has-text-color has-link-color wp-elements-342766b35b820a8e4c6a2f3b48fef5cd\" style=\"font-size:18px\">a) O motivo da liga\u00e7\u00e3o feita ao chefe.<br>b) A causa do atraso.<br>c) A explica\u00e7\u00e3o dada pelo chefe.<br>d) O efeito do susto que ela teve.<\/p>\n\n\n\n<p class=\"has-black-color has-text-color has-link-color wp-elements-dd5982590ecf862908a817b341ff24c0\" style=\"font-size:18px\"><strong>Leia o texto a seguir para responder \u00e0s quest\u00f5es 9 \u00e0 11:<\/strong><\/p>\n\n\n\n<p class=\"has-black-color has-text-color has-link-color wp-elements-5f7b1cf32bebbb1ed0375cbb319135cd\" style=\"font-size:18px\"><em>Pedro n\u00e3o participou da reuni\u00e3o, porque estava resolvendo um problema familiar urgente. Quando o diretor perguntou o motivo de sua aus\u00eancia, ele explicou detalhadamente, porque achava importante manter a transpar\u00eancia. Mesmo assim, o diretor ficou um pouco insatisfeito, porque considerava a presen\u00e7a de todos indispens\u00e1vel naquela ocasi\u00e3o. Pedro compreendeu a posi\u00e7\u00e3o do chefe, mas reiterou que n\u00e3o poderia ter agido de outro modo, porque sua fam\u00edlia precisava dele naquele momento.<\/em><\/p>\n\n\n\n<p class=\"has-black-color has-text-color has-link-color wp-elements-c0397af582f7e833468fae5dc06045b8\" style=\"font-size:18px\"><strong>9. No trecho <em>&#8220;Pedro n\u00e3o participou da reuni\u00e3o, porque estava resolvendo um problema familiar urgente.&#8221;<\/em> o &#8220;<mark style=\"background-color:rgba(0, 0, 0, 0)\" class=\"has-inline-color has-vivid-red-color\"><em>porque<\/em><\/mark>&#8221; expressa:<\/strong><\/p>\n\n\n\n<p class=\"has-black-color has-text-color has-link-color wp-elements-1187777835c58c331bc441e4ab7dca8b\" style=\"font-size:18px\">a) Uma justificativa subordinada \u00e0 aus\u00eancia.<br>b) Uma explica\u00e7\u00e3o geral, sem rela\u00e7\u00e3o com o motivo real.<br>c) Um efeito ocorrido ap\u00f3s a reuni\u00e3o.<br>d) Uma opini\u00e3o pessoal sobre a reuni\u00e3o.<\/p>\n\n\n\n<p class=\"has-black-color has-text-color has-link-color wp-elements-62c8d548729ed268a6f8655735b1ed3a\" style=\"font-size:18px\"><strong>10. No trecho <em>&#8220;Quando o diretor perguntou o motivo de sua aus\u00eancia, ele explicou detalhadamente, porque achava importante manter a transpar\u00eancia.&#8221;<\/em>, o &#8220;<em><mark style=\"background-color:rgba(0, 0, 0, 0)\" class=\"has-inline-color has-vivid-red-color\">porque<\/mark><\/em>&#8221; introduz:<\/strong><\/p>\n\n\n\n<p class=\"has-black-color has-text-color has-link-color wp-elements-0fbef78e74aa79911721d9901fc36ca5\" style=\"font-size:18px\">a) A causa da pergunta do diretor.<br>b) A raz\u00e3o de ele dar uma explica\u00e7\u00e3o t\u00e3o detalhada.<br>c) A opini\u00e3o do diretor sobre a aus\u00eancia.<br>d) Uma hip\u00f3tese sobre o comportamento do chefe.<\/p>\n\n\n\n<p class=\"has-black-color has-text-color has-link-color wp-elements-d62cdf35f06ed8ca8b723641d6a3537c\" style=\"font-size:18px\"><strong>11. No trecho <em>&#8220;Mesmo assim, o diretor ficou um pouco insatisfeito, porque considerava a presen\u00e7a de todos indispens\u00e1vel naquela ocasi\u00e3o.&#8221;<\/em>, o uso do &#8220;<mark style=\"background-color:rgba(0, 0, 0, 0)\" class=\"has-inline-color has-vivid-red-color\">porque<\/mark>&#8221; expressa:<\/strong><\/p>\n\n\n\n<p class=\"has-black-color has-text-color has-link-color wp-elements-a66ac95efa4f67f0a6fd82c1de6adf64\" style=\"font-size:18px\">a) A causa da insatisfa\u00e7\u00e3o do diretor.<br>b) Um conselho para futuras reuni\u00f5es.<br>c) Uma ordem n\u00e3o cumprida por Pedro.<br>d) A justificativa dada pelo chefe a Pedro.<\/p>\n\n\n\n<p class=\"has-black-color has-text-color has-link-color wp-elements-9201165f164e7e5343df62ebd5929cbd\" style=\"font-size:12px\"><strong>GABARITO:<\/strong> 1.c 2.c 3.c 4.c 5.c 6.b 7.c 8.a 9.a 10.b 11.a<\/p>\n","protected":false},"excerpt":{"rendered":"<p>A diferen\u00e7a principal entre a conjun\u00e7\u00e3o &#8220;porque&#8221; causal e explicativa reside na rela\u00e7\u00e3o estabelecida entre as ora\u00e7\u00f5es. A conjun\u00e7\u00e3o causal introduz uma ora\u00e7\u00e3o que expressa a causa de um evento na ora\u00e7\u00e3o principal, enquanto a explicativa introduz uma explica\u00e7\u00e3o ou justificativa para algo mencionado na ora\u00e7\u00e3o principal, mas n\u00e3o necessariamente a causa.&nbsp; Porque Causal: Porque [&hellip;]<\/p>\n","protected":false},"author":1,"featured_media":0,"parent":0,"menu_order":0,"comment_status":"closed","ping_status":"closed","template":"","meta":{"footnotes":""},"class_list":["post-854","page","type-page","status-publish","hentry"],"_links":{"self":[{"href":"https:\/\/ligadonoportugues.com.br\/index.php\/wp-json\/wp\/v2\/pages\/854","targetHints":{"allow":["GET"]}}],"collection":[{"href":"https:\/\/ligadonoportugues.com.br\/index.php\/wp-json\/wp\/v2\/pages"}],"about":[{"href":"https:\/\/ligadonoportugues.com.br\/index.php\/wp-json\/wp\/v2\/types\/page"}],"author":[{"embeddable":true,"href":"https:\/\/ligadonoportugues.com.br\/index.php\/wp-json\/wp\/v2\/users\/1"}],"replies":[{"embeddable":true,"href":"https:\/\/ligadonoportugues.com.br\/index.php\/wp-json\/wp\/v2\/comments?post=854"}],"version-history":[{"count":1,"href":"https:\/\/ligadonoportugues.com.br\/index.php\/wp-json\/wp\/v2\/pages\/854\/revisions"}],"predecessor-version":[{"id":855,"href":"https:\/\/ligadonoportugues.com.br\/index.php\/wp-json\/wp\/v2\/pages\/854\/revisions\/855"}],"wp:attachment":[{"href":"https:\/\/ligadonoportugues.com.br\/index.php\/wp-json\/wp\/v2\/media?parent=854"}],"curies":[{"name":"wp","href":"https:\/\/api.w.org\/{rel}","templated":true}]}}